{"id":3422,"date":"2023-04-20T14:05:25","date_gmt":"2023-04-20T14:05:25","guid":{"rendered":"https:\/\/dev.klump.com\/contact\/offres-demplois\/"},"modified":"2025-05-14T11:06:39","modified_gmt":"2025-05-14T11:06:39","slug":"offres-demplois","status":"publish","type":"page","link":"https:\/\/klump.com\/fr\/contact\/offres-demplois\/","title":{"rendered":"Offres d&#8217;emplois"},"content":{"rendered":"\t\t<div data-elementor-type=\"wp-page\" data-elementor-id=\"3422\" class=\"elementor elementor-3422 elementor-285\" data-elementor-post-type=\"page\">\n\t\t\t\t\t\t<section class=\"elementor-section elementor-top-section elementor-element elementor-element-ce4f9e2 elementor-section-boxed elementor-section-height-default elementor-section-height-default\" data-id=\"ce4f9e2\" data-element_type=\"section\" data-e-type=\"section\">\n\t\t\t\t\t\t<div class=\"elementor-container elementor-column-gap-default\">\n\t\t\t\t\t<div class=\"elementor-column elementor-col-100 elementor-top-column elementor-element elementor-element-79a0aad\" data-id=\"79a0aad\" data-element_type=\"column\" data-e-type=\"column\">\n\t\t\t<div class=\"elementor-widget-wrap elementor-element-populated\">\n\t\t\t\t\t\t<div class=\"elementor-element elementor-element-7956595 elementor-widget elementor-widget-heading\" data-id=\"7956595\" data-element_type=\"widget\" data-e-type=\"widget\" data-widget_type=\"heading.default\">\n\t\t\t\t<div class=\"elementor-widget-container\">\n\t\t\t\t\t<h2 class=\"elementor-heading-title elementor-size-default\">Nos employ\u00e9s \u2013 la base de notre succ\u00e8s<\/h2>\t\t\t\t<\/div>\n\t\t\t\t<\/div>\n\t\t\t\t<div class=\"elementor-element elementor-element-b768536 elementor-widget elementor-widget-text-editor\" data-id=\"b768536\" data-element_type=\"widget\" data-e-type=\"widget\" data-widget_type=\"text-editor.default\">\n\t\t\t\t<div class=\"elementor-widget-container\">\n\t\t\t\t\t\t\t\t\t<div class=\"wpb_text_column wpb_content_element \">\n<div class=\"wpb_wrapper\">\n<p>Nos employ\u00e9s qualifi\u00e9s ont contribu\u00e9 au grand succ\u00e8s de l&rsquo;entreprise Ing. H. Dieter Klump GmbH et nous permet de prouver encore et encore notre performance gr\u00e2ce \u00e0 une expansion constante.<\/p>\n<p>Si vous souhaitez travailler pour une entreprise qui favorise l&rsquo;avancement personnel et professionnel et vous pr\u00e9sente chaque jour de nouveaux d\u00e9fis, postulez chez nous.<\/p>\n<p>Nous employons actuellement une centaine de personnes et la tendance est \u00e0 la hausse.<\/p>\n<p>Cette page est constamment mise \u00e0 jour.<\/p>\n<p><strong>S&rsquo;il n&rsquo;y a pas de postes vacants actuellement, vous \u00eates invit\u00e9s \u00e0 postuler chez nous de votre propre initiative.<\/strong><\/p>\n<\/div>\n<\/div>\n\t\t\t\t\t\t\t\t<\/div>\n\t\t\t\t<\/div>\n\t\t\t\t<div class=\"elementor-element elementor-element-ca0d34f elementor-widget elementor-widget-toggle\" data-id=\"ca0d34f\" data-element_type=\"widget\" data-e-type=\"widget\" data-widget_type=\"toggle.default\">\n\t\t\t\t<div class=\"elementor-widget-container\">\n\t\t\t\t\t\t\t<div class=\"elementor-toggle\">\n\t\t\t\t\t\t\t<div class=\"elementor-toggle-item\">\n\t\t\t\t\t<div id=\"elementor-tab-title-2111\" class=\"elementor-tab-title\" data-tab=\"1\" role=\"button\" aria-controls=\"elementor-tab-content-2111\" aria-expanded=\"false\">\n\t\t\t\t\t\t\t\t\t\t\t\t<span class=\"elementor-toggle-icon elementor-toggle-icon-left\" aria-hidden=\"true\">\n\t\t\t\t\t\t\t\t\t\t\t\t\t\t\t<span class=\"elementor-toggle-icon-closed\"><i class=\"fas fa-plus\"><\/i><\/span>\n\t\t\t\t\t\t\t\t<span class=\"elementor-toggle-icon-opened\"><i class=\"elementor-toggle-icon-opened fas fa-minus\"><\/i><\/span>\n\t\t\t\t\t\t\t\t\t\t\t\t\t<\/span>\n\t\t\t\t\t\t\t\t\t\t\t\t<a class=\"elementor-toggle-title\" tabindex=\"0\">Postes vacants pour les employ\u00e9s commerciaux<\/a>\n\t\t\t\t\t<\/div>\n\n\t\t\t\t\t<div id=\"elementor-tab-content-2111\" class=\"elementor-tab-content elementor-clearfix\" data-tab=\"1\" role=\"region\" aria-labelledby=\"elementor-tab-title-2111\"><p>Nous n&rsquo;avons actuellement aucun poste vacant dans le domaine commercial.<\/p><\/div>\n\t\t\t\t<\/div>\n\t\t\t\t\t\t\t<div class=\"elementor-toggle-item\">\n\t\t\t\t\t<div id=\"elementor-tab-title-2112\" class=\"elementor-tab-title\" data-tab=\"2\" role=\"button\" aria-controls=\"elementor-tab-content-2112\" aria-expanded=\"false\">\n\t\t\t\t\t\t\t\t\t\t\t\t<span class=\"elementor-toggle-icon elementor-toggle-icon-left\" aria-hidden=\"true\">\n\t\t\t\t\t\t\t\t\t\t\t\t\t\t\t<span class=\"elementor-toggle-icon-closed\"><i class=\"fas fa-plus\"><\/i><\/span>\n\t\t\t\t\t\t\t\t<span class=\"elementor-toggle-icon-opened\"><i class=\"elementor-toggle-icon-opened fas fa-minus\"><\/i><\/span>\n\t\t\t\t\t\t\t\t\t\t\t\t\t<\/span>\n\t\t\t\t\t\t\t\t\t\t\t\t<a class=\"elementor-toggle-title\" tabindex=\"0\">Franz\u00f6sisch Postes vacants pour les employ\u00e9s commerciaux<\/a>\n\t\t\t\t\t<\/div>\n\n\t\t\t\t\t<div id=\"elementor-tab-content-2112\" class=\"elementor-tab-content elementor-clearfix\" data-tab=\"2\" role=\"region\" aria-labelledby=\"elementor-tab-title-2112\"><p>Nous n&rsquo;avons actuellement aucun poste vacant dans le domaine commercial.<\/p><\/div>\n\t\t\t\t<\/div>\n\t\t\t\t\t\t\t<div class=\"elementor-toggle-item\">\n\t\t\t\t\t<div id=\"elementor-tab-title-2113\" class=\"elementor-tab-title\" data-tab=\"3\" role=\"button\" aria-controls=\"elementor-tab-content-2113\" aria-expanded=\"false\">\n\t\t\t\t\t\t\t\t\t\t\t\t<span class=\"elementor-toggle-icon elementor-toggle-icon-left\" aria-hidden=\"true\">\n\t\t\t\t\t\t\t\t\t\t\t\t\t\t\t<span class=\"elementor-toggle-icon-closed\"><i class=\"fas fa-plus\"><\/i><\/span>\n\t\t\t\t\t\t\t\t<span class=\"elementor-toggle-icon-opened\"><i class=\"elementor-toggle-icon-opened fas fa-minus\"><\/i><\/span>\n\t\t\t\t\t\t\t\t\t\t\t\t\t<\/span>\n\t\t\t\t\t\t\t\t\t\t\t\t<a class=\"elementor-toggle-title\" tabindex=\"0\">Offres d'apprentissage<\/a>\n\t\t\t\t\t<\/div>\n\n\t\t\t\t\t<div id=\"elementor-tab-content-2113\" class=\"elementor-tab-content elementor-clearfix\" data-tab=\"3\" role=\"region\" aria-labelledby=\"elementor-tab-title-2113\"><div class=\"vc_tta-panel-body\">\n<div class=\"wpb_text_column wpb_content_element \">\n<div class=\"wpb_wrapper\">\n<h2>Commis industriel<\/h2>\n<p>Exigence : qualification d&rsquo;entr\u00e9e au coll\u00e8ge technique sup\u00e9rieur<br>D\u00e9but de la formation : 1er ao\u00fbt 2026<\/p>\n<p>Nous sommes l&rsquo;un des plus grands fabricants de bandes transporteuses en plastique, de courroies crant\u00e9es, de courroies plates et de rev\u00eatements en Europe.<\/p>\n<p>Avec notre service de montage 24 heures sur 24, nous sommes orient\u00e9s client 24 heures sur 24.<\/p>\n<p>Au cours de votre formation professionnelle dans le syst\u00e8me dual, vous d\u00e9couvrirez nos services, par exemple les ventes, les achats, le secr\u00e9tariat, l&rsquo;exp\u00e9dition, la comptabilit\u00e9, la r\u00e9ception des marchandises, le standard\/r\u00e9ception et l&rsquo;informatique. Vous \u00eates ouvert d&rsquo;esprit et d\u00e9sireux d&rsquo;apprendre, avez de bonnes mani\u00e8res et pouvez accomplir les t\u00e2ches qui vous sont confi\u00e9es de mani\u00e8re autonome.<br>Il est \u00e9galement important que vous ayez une compr\u00e9hension\/un int\u00e9r\u00eat technique, que vous vous identifiez \u00e0 nous et \u00e0 nos produits et que vous vous adaptiez \u00e0 notre \u00e9quipe.<br>Notre entreprise ayant \u00e9galement une orientation internationale, une bonne connaissance de l&rsquo;anglais parl\u00e9 et \u00e9crit est un avantage.<br>Avant de commencer votre apprentissage, nous serions heureux de vous offrir la possibilit\u00e9 de faire un stage dans notre entreprise.<br>Nous attendons avec impatience votre candidature en ligne ou vos documents de candidature \u00e9crits.<\/p>\n<p><em><strong>Ing. H. Dieter Klump GmbH<\/strong><\/em><br><em><strong> z. Hd. Herrn Johannes Heisters<\/strong><\/em><br><em><strong> Hanns-Martin-Schleyer-Str. 20b<\/strong><\/em><\/p>\n<p><em><strong>47877 Willich<\/strong><\/em><\/p>\n<p><a href=\"mailto:johannes.heisters@klump.com\">johannes.heisters@klump.com<\/a><\/p>\n<p><img decoding=\"async\" src=\"https:\/\/klump.com\/wp-content\/uploads\/2023\/04\/neu-logo_ihk_ausbildungsbetrieb_150mm_600dpi.png\"><\/p>\n<\/div>\n<\/div>\n<\/div><\/div>\n\t\t\t\t<\/div>\n\t\t\t\t\t\t\t\t<\/div>\n\t\t\t\t\t\t<\/div>\n\t\t\t\t<\/div>\n\t\t\t\t\t<\/div>\n\t\t<\/div>\n\t\t\t\t\t<\/div>\n\t\t<\/section>\n\t\t\t\t<\/div>\n\t\t","protected":false},"excerpt":{"rendered":"<p>Nos employ\u00e9s \u2013 la base de notre succ\u00e8s Nos employ\u00e9s qualifi\u00e9s ont contribu\u00e9 au grand succ\u00e8s de l&rsquo;entreprise Ing. H. Dieter Klump GmbH et nous permet de prouver encore et encore notre performance gr\u00e2ce \u00e0 une expansion constante. Si vous souhaitez travailler pour une entreprise qui favorise l&rsquo;avancement personnel et professionnel et vous pr\u00e9sente chaque [&hellip;]<\/p>\n","protected":false},"author":1,"featured_media":0,"parent":3138,"menu_order":0,"comment_status":"closed","ping_status":"closed","template":"","meta":{"footnotes":""},"class_list":["post-3422","page","type-page","status-publish","hentry"],"yoast_head":"<!-- This site is optimized with the Yoast SEO plugin v27.0 - https:\/\/yoast.com\/product\/yoast-seo-wordpress\/ -->\n<title>Offres d&#039;emplois - Ing. H. Dieter Klump GmbH<\/title>\n<meta name=\"robots\" content=\"index, follow, max-snippet:-1, max-image-preview:large, max-video-preview:-1\" \/>\n<link rel=\"canonical\" href=\"https:\/\/klump.com\/fr\/contact\/offres-demplois\/\" \/>\n<script type=\"application\/ld+json\" class=\"yoast-schema-graph\">{\"@context\":\"https:\/\/schema.org\",\"@graph\":[{\"@type\":\"WebPage\",\"@id\":\"https:\/\/klump.com\/fr\/contact\/offres-demplois\/\",\"url\":\"https:\/\/klump.com\/fr\/contact\/offres-demplois\/\",\"name\":\"Offres d'emplois - Ing. H. Dieter Klump GmbH\",\"isPartOf\":{\"@id\":\"https:\/\/klump.com\/fr\/#website\"},\"primaryImageOfPage\":{\"@id\":\"https:\/\/klump.com\/fr\/contact\/offres-demplois\/#primaryimage\"},\"image\":{\"@id\":\"https:\/\/klump.com\/fr\/contact\/offres-demplois\/#primaryimage\"},\"thumbnailUrl\":\"https:\/\/klump.com\/wp-content\/uploads\/2023\/04\/neu-logo_ihk_ausbildungsbetrieb_150mm_600dpi.png\",\"datePublished\":\"2023-04-20T14:05:25+00:00\",\"dateModified\":\"2025-05-14T11:06:39+00:00\",\"breadcrumb\":{\"@id\":\"https:\/\/klump.com\/fr\/contact\/offres-demplois\/#breadcrumb\"},\"inLanguage\":\"fr-FR\",\"potentialAction\":[{\"@type\":\"ReadAction\",\"target\":[\"https:\/\/klump.com\/fr\/contact\/offres-demplois\/\"]}]},{\"@type\":\"ImageObject\",\"inLanguage\":\"fr-FR\",\"@id\":\"https:\/\/klump.com\/fr\/contact\/offres-demplois\/#primaryimage\",\"url\":\"https:\/\/klump.com\/wp-content\/uploads\/2023\/04\/neu-logo_ihk_ausbildungsbetrieb_150mm_600dpi.png\",\"contentUrl\":\"https:\/\/klump.com\/wp-content\/uploads\/2023\/04\/neu-logo_ihk_ausbildungsbetrieb_150mm_600dpi.png\"},{\"@type\":\"BreadcrumbList\",\"@id\":\"https:\/\/klump.com\/fr\/contact\/offres-demplois\/#breadcrumb\",\"itemListElement\":[{\"@type\":\"ListItem\",\"position\":1,\"name\":\"Startseite\",\"item\":\"https:\/\/klump.com\/fr\/\"},{\"@type\":\"ListItem\",\"position\":2,\"name\":\"Contact\",\"item\":\"https:\/\/klump.com\/fr\/contact\/\"},{\"@type\":\"ListItem\",\"position\":3,\"name\":\"Offres d&#8217;emplois\"}]},{\"@type\":\"WebSite\",\"@id\":\"https:\/\/klump.com\/fr\/#website\",\"url\":\"https:\/\/klump.com\/fr\/\",\"name\":\"Ing. H. Dieter Klump GmbH\",\"description\":\"Transport- und Antriebstechnik\",\"publisher\":{\"@id\":\"https:\/\/klump.com\/fr\/#organization\"},\"potentialAction\":[{\"@type\":\"SearchAction\",\"target\":{\"@type\":\"EntryPoint\",\"urlTemplate\":\"https:\/\/klump.com\/fr\/?s={search_term_string}\"},\"query-input\":{\"@type\":\"PropertyValueSpecification\",\"valueRequired\":true,\"valueName\":\"search_term_string\"}}],\"inLanguage\":\"fr-FR\"},{\"@type\":\"Organization\",\"@id\":\"https:\/\/klump.com\/fr\/#organization\",\"name\":\"Ing. H. Dieter Klump GmbH\",\"url\":\"https:\/\/klump.com\/fr\/\",\"logo\":{\"@type\":\"ImageObject\",\"inLanguage\":\"fr-FR\",\"@id\":\"https:\/\/klump.com\/fr\/#\/schema\/logo\/image\/\",\"url\":\"https:\/\/klump.com\/wp-content\/uploads\/2023\/04\/klump-logo.png\",\"contentUrl\":\"https:\/\/klump.com\/wp-content\/uploads\/2023\/04\/klump-logo.png\",\"width\":650,\"height\":162,\"caption\":\"Ing. H. Dieter Klump GmbH\"},\"image\":{\"@id\":\"https:\/\/klump.com\/fr\/#\/schema\/logo\/image\/\"}}]}<\/script>\n<!-- \/ Yoast SEO plugin. -->","yoast_head_json":{"title":"Offres d'emplois - Ing. H. Dieter Klump GmbH","robots":{"index":"index","follow":"follow","max-snippet":"max-snippet:-1","max-image-preview":"max-image-preview:large","max-video-preview":"max-video-preview:-1"},"canonical":"https:\/\/klump.com\/fr\/contact\/offres-demplois\/","schema":{"@context":"https:\/\/schema.org","@graph":[{"@type":"WebPage","@id":"https:\/\/klump.com\/fr\/contact\/offres-demplois\/","url":"https:\/\/klump.com\/fr\/contact\/offres-demplois\/","name":"Offres d'emplois - Ing. H. Dieter Klump GmbH","isPartOf":{"@id":"https:\/\/klump.com\/fr\/#website"},"primaryImageOfPage":{"@id":"https:\/\/klump.com\/fr\/contact\/offres-demplois\/#primaryimage"},"image":{"@id":"https:\/\/klump.com\/fr\/contact\/offres-demplois\/#primaryimage"},"thumbnailUrl":"https:\/\/klump.com\/wp-content\/uploads\/2023\/04\/neu-logo_ihk_ausbildungsbetrieb_150mm_600dpi.png","datePublished":"2023-04-20T14:05:25+00:00","dateModified":"2025-05-14T11:06:39+00:00","breadcrumb":{"@id":"https:\/\/klump.com\/fr\/contact\/offres-demplois\/#breadcrumb"},"inLanguage":"fr-FR","potentialAction":[{"@type":"ReadAction","target":["https:\/\/klump.com\/fr\/contact\/offres-demplois\/"]}]},{"@type":"ImageObject","inLanguage":"fr-FR","@id":"https:\/\/klump.com\/fr\/contact\/offres-demplois\/#primaryimage","url":"https:\/\/klump.com\/wp-content\/uploads\/2023\/04\/neu-logo_ihk_ausbildungsbetrieb_150mm_600dpi.png","contentUrl":"https:\/\/klump.com\/wp-content\/uploads\/2023\/04\/neu-logo_ihk_ausbildungsbetrieb_150mm_600dpi.png"},{"@type":"BreadcrumbList","@id":"https:\/\/klump.com\/fr\/contact\/offres-demplois\/#breadcrumb","itemListElement":[{"@type":"ListItem","position":1,"name":"Startseite","item":"https:\/\/klump.com\/fr\/"},{"@type":"ListItem","position":2,"name":"Contact","item":"https:\/\/klump.com\/fr\/contact\/"},{"@type":"ListItem","position":3,"name":"Offres d&#8217;emplois"}]},{"@type":"WebSite","@id":"https:\/\/klump.com\/fr\/#website","url":"https:\/\/klump.com\/fr\/","name":"Ing. H. Dieter Klump GmbH","description":"Transport- und Antriebstechnik","publisher":{"@id":"https:\/\/klump.com\/fr\/#organization"},"potentialAction":[{"@type":"SearchAction","target":{"@type":"EntryPoint","urlTemplate":"https:\/\/klump.com\/fr\/?s={search_term_string}"},"query-input":{"@type":"PropertyValueSpecification","valueRequired":true,"valueName":"search_term_string"}}],"inLanguage":"fr-FR"},{"@type":"Organization","@id":"https:\/\/klump.com\/fr\/#organization","name":"Ing. H. Dieter Klump GmbH","url":"https:\/\/klump.com\/fr\/","logo":{"@type":"ImageObject","inLanguage":"fr-FR","@id":"https:\/\/klump.com\/fr\/#\/schema\/logo\/image\/","url":"https:\/\/klump.com\/wp-content\/uploads\/2023\/04\/klump-logo.png","contentUrl":"https:\/\/klump.com\/wp-content\/uploads\/2023\/04\/klump-logo.png","width":650,"height":162,"caption":"Ing. H. Dieter Klump GmbH"},"image":{"@id":"https:\/\/klump.com\/fr\/#\/schema\/logo\/image\/"}}]}},"_links":{"self":[{"href":"https:\/\/klump.com\/fr\/wp-json\/wp\/v2\/pages\/3422","targetHints":{"allow":["GET"]}}],"collection":[{"href":"https:\/\/klump.com\/fr\/wp-json\/wp\/v2\/pages"}],"about":[{"href":"https:\/\/klump.com\/fr\/wp-json\/wp\/v2\/types\/page"}],"author":[{"embeddable":true,"href":"https:\/\/klump.com\/fr\/wp-json\/wp\/v2\/users\/1"}],"replies":[{"embeddable":true,"href":"https:\/\/klump.com\/fr\/wp-json\/wp\/v2\/comments?post=3422"}],"version-history":[{"count":4,"href":"https:\/\/klump.com\/fr\/wp-json\/wp\/v2\/pages\/3422\/revisions"}],"predecessor-version":[{"id":5502,"href":"https:\/\/klump.com\/fr\/wp-json\/wp\/v2\/pages\/3422\/revisions\/5502"}],"up":[{"embeddable":true,"href":"https:\/\/klump.com\/fr\/wp-json\/wp\/v2\/pages\/3138"}],"wp:attachment":[{"href":"https:\/\/klump.com\/fr\/wp-json\/wp\/v2\/media?parent=3422"}],"curies":[{"name":"wp","href":"https:\/\/api.w.org\/{rel}","templated":true}]}}