{"id":3234,"date":"2023-04-24T12:49:29","date_gmt":"2023-04-24T12:49:29","guid":{"rendered":"https:\/\/dev.klump.com\/transport-process-de-convoyage\/profils-en-tant-que-bords\/"},"modified":"2023-05-17T07:46:20","modified_gmt":"2023-05-17T07:46:20","slug":"profils-en-tant-que-bords","status":"publish","type":"page","link":"https:\/\/klump.com\/fr\/produits\/transport-process-de-convoyage\/profils-en-tant-que-bords\/","title":{"rendered":"Profils en tant que bords"},"content":{"rendered":"\t\t<div data-elementor-type=\"wp-page\" data-elementor-id=\"3234\" class=\"elementor elementor-3234 elementor-750\" data-elementor-post-type=\"page\">\n\t\t\t\t\t\t<section class=\"elementor-section elementor-top-section elementor-element elementor-element-5febdf8 elementor-section-boxed elementor-section-height-default elementor-section-height-default\" data-id=\"5febdf8\" data-element_type=\"section\" data-e-type=\"section\">\n\t\t\t\t\t\t<div class=\"elementor-container elementor-column-gap-default\">\n\t\t\t\t\t<div class=\"elementor-column elementor-col-100 elementor-top-column elementor-element elementor-element-72f3a7d\" data-id=\"72f3a7d\" data-element_type=\"column\" data-e-type=\"column\">\n\t\t\t<div class=\"elementor-widget-wrap elementor-element-populated\">\n\t\t\t\t\t\t<section class=\"elementor-section elementor-inner-section elementor-element elementor-element-5c4f192 elementor-section-boxed elementor-section-height-default elementor-section-height-default\" data-id=\"5c4f192\" data-element_type=\"section\" data-e-type=\"section\">\n\t\t\t\t\t\t<div class=\"elementor-container elementor-column-gap-default\">\n\t\t\t\t\t<div class=\"elementor-column elementor-col-100 elementor-inner-column elementor-element elementor-element-b970dde\" data-id=\"b970dde\" data-element_type=\"column\" data-e-type=\"column\">\n\t\t\t<div class=\"elementor-widget-wrap elementor-element-populated\">\n\t\t\t\t\t\t<div class=\"elementor-element elementor-element-e840de2 elementor-widget elementor-widget-heading\" data-id=\"e840de2\" data-element_type=\"widget\" data-e-type=\"widget\" data-widget_type=\"heading.default\">\n\t\t\t\t<div class=\"elementor-widget-container\">\n\t\t\t\t\t<h2 class=\"elementor-heading-title elementor-size-default\">\nLES PROFILS DE GUIDAGE ET LES TASSEAUX KLUMP PEUVENT \u00caTRE UTILIS\u00c9S EN TANT QUE BORDS DE CONTENANCE\n\n<\/h2>\t\t\t\t<\/div>\n\t\t\t\t<\/div>\n\t\t\t\t\t<\/div>\n\t\t<\/div>\n\t\t\t\t\t<\/div>\n\t\t<\/section>\n\t\t\t\t\t<\/div>\n\t\t<\/div>\n\t\t\t\t\t<\/div>\n\t\t<\/section>\n\t\t\t\t<section class=\"elementor-section elementor-top-section elementor-element elementor-element-883145f elementor-section-boxed elementor-section-height-default elementor-section-height-default\" data-id=\"883145f\" data-element_type=\"section\" data-e-type=\"section\">\n\t\t\t\t\t\t<div class=\"elementor-container elementor-column-gap-default\">\n\t\t\t\t\t<div class=\"elementor-column elementor-col-66 elementor-top-column elementor-element elementor-element-e2c8660\" data-id=\"e2c8660\" data-element_type=\"column\" data-e-type=\"column\">\n\t\t\t<div class=\"elementor-widget-wrap elementor-element-populated\">\n\t\t\t\t\t\t<section class=\"elementor-section elementor-inner-section elementor-element elementor-element-1becc3c elementor-section-boxed elementor-section-height-default elementor-section-height-default\" data-id=\"1becc3c\" data-element_type=\"section\" data-e-type=\"section\">\n\t\t\t\t\t\t<div class=\"elementor-container elementor-column-gap-default\">\n\t\t\t\t\t<div class=\"elementor-column elementor-col-100 elementor-inner-column elementor-element elementor-element-3ff3c85\" data-id=\"3ff3c85\" data-element_type=\"column\" data-e-type=\"column\">\n\t\t\t<div class=\"elementor-widget-wrap elementor-element-populated\">\n\t\t\t\t\t\t<div class=\"elementor-element elementor-element-4350b1d elementor-widget elementor-widget-text-editor\" data-id=\"4350b1d\" data-element_type=\"widget\" data-e-type=\"widget\" data-widget_type=\"text-editor.default\">\n\t\t\t\t<div class=\"elementor-widget-container\">\n\t\t\t\t\t\t\t\t\t\n\nLes profils de guidage et les tasseaux KLUMP peuvent \u00e9galement \u00eatre soud\u00e9s de mani\u00e8re flexible longitudinalement sur les c\u00f4t\u00e9s en tant que bords de contenance. Selon la version du mat\u00e9riau, la hauteur du profil et le diam\u00e8tre du rouleau donn\u00e9, nous recommandons une version lisse, non-\u00e9quip\u00e9e ou modifi\u00e9e. De plus, il y a la possibilit\u00e9 d\u2019usiner les guides au jet d\u2019eau ou de les couper et percer des trous de d\u00e9gagement. En cons\u00e9quence, le diam\u00e8tre d\u2019enroulement peut \u00eatre r\u00e9duit et la dur\u00e9e de vie des bandes peut \u00eatre augment\u00e9e. Il existe des options de fabrication en PVC et en PU. Cas particuliers, veuillez imp\u00e9rativement demander s\u00e9par\u00e9ment.\n\t\t\t\t\t\t\t\t<\/div>\n\t\t\t\t<\/div>\n\t\t\t\t\t<\/div>\n\t\t<\/div>\n\t\t\t\t\t<\/div>\n\t\t<\/section>\n\t\t\t\t\t<\/div>\n\t\t<\/div>\n\t\t\t\t<div class=\"elementor-column elementor-col-33 elementor-top-column elementor-element elementor-element-5119270\" data-id=\"5119270\" data-element_type=\"column\" data-e-type=\"column\">\n\t\t\t<div class=\"elementor-widget-wrap elementor-element-populated\">\n\t\t\t\t\t\t<div class=\"elementor-element elementor-element-0f313a9 elementor-widget elementor-widget-child_pages_widget\" data-id=\"0f313a9\" data-element_type=\"widget\" data-e-type=\"widget\" data-widget_type=\"child_pages_widget.default\">\n\t\t\t\t<div class=\"elementor-widget-container\">\n\t\t\t\t\t<ul class=\"elementor-child-pages-list-items elementor-view-stacked elementor-vertical-align-middle elementor-shape-square\"><li class=\"elementor-child-pages-list-item  child-page-3414 child-page-gaufrage\"><a href=\"https:\/\/klump.com\/fr\/produits\/transport-process-de-convoyage\/gaufrage\/\" class=\"elementor-child-pages-list-ref\" title=\"Gaufrage\"><span class=\"elementor-child-pages-content-wrapper\"><span class=\"elementor-child-pages-list-icon elementor-align-icon-left\"><span class=\"elementor-icon\"><i aria-hidden=\"true\" class=\"fas fa-chevron-right\"><\/i><\/span><\/span><span class=\"elementor-child-pages-list-text\">Gaufrage<\/span><\/span><\/a><\/li><li class=\"elementor-child-pages-list-item  child-page-3246 child-page-jonction\"><a href=\"https:\/\/klump.com\/fr\/produits\/transport-process-de-convoyage\/jonction\/\" class=\"elementor-child-pages-list-ref\" title=\"Jonction\"><span class=\"elementor-child-pages-content-wrapper\"><span class=\"elementor-child-pages-list-icon elementor-align-icon-left\"><span class=\"elementor-icon\"><i aria-hidden=\"true\" class=\"fas fa-chevron-right\"><\/i><\/span><\/span><span class=\"elementor-child-pages-list-text\">Jonction<\/span><\/span><\/a><\/li><li class=\"elementor-child-pages-list-item  child-page-3244 child-page-tasseaux-2\"><a href=\"https:\/\/klump.com\/fr\/produits\/transport-process-de-convoyage\/tasseaux-2\/\" class=\"elementor-child-pages-list-ref\" title=\"Tasseaux\"><span class=\"elementor-child-pages-content-wrapper\"><span class=\"elementor-child-pages-list-icon elementor-align-icon-left\"><span class=\"elementor-icon\"><i aria-hidden=\"true\" class=\"fas fa-chevron-right\"><\/i><\/span><\/span><span class=\"elementor-child-pages-list-text\">Tasseaux<\/span><\/span><\/a><\/li><li class=\"elementor-child-pages-list-item  child-page-3240 child-page-bords-de-contenance\"><a href=\"https:\/\/klump.com\/fr\/produits\/transport-process-de-convoyage\/bords-de-contenance\/\" class=\"elementor-child-pages-list-ref\" title=\"Bords de contenance\"><span class=\"elementor-child-pages-content-wrapper\"><span class=\"elementor-child-pages-list-icon elementor-align-icon-left\"><span class=\"elementor-icon\"><i aria-hidden=\"true\" class=\"fas fa-chevron-right\"><\/i><\/span><\/span><span class=\"elementor-child-pages-list-text\">Bords de contenance<\/span><\/span><\/a><\/li><li class=\"elementor-child-pages-list-item  child-page-3238 child-page-profils-de-guidage\"><a href=\"https:\/\/klump.com\/fr\/produits\/transport-process-de-convoyage\/profils-de-guidage\/\" class=\"elementor-child-pages-list-ref\" title=\"Profils de guidage\"><span class=\"elementor-child-pages-content-wrapper\"><span class=\"elementor-child-pages-list-icon elementor-align-icon-left\"><span class=\"elementor-icon\"><i aria-hidden=\"true\" class=\"fas fa-chevron-right\"><\/i><\/span><\/span><span class=\"elementor-child-pages-list-text\">Profils de guidage<\/span><\/span><\/a><\/li><li class=\"elementor-child-pages-list-item  child-page-3236 child-page-tasseaux\"><a href=\"https:\/\/klump.com\/fr\/produits\/transport-process-de-convoyage\/tasseaux\/\" class=\"elementor-child-pages-list-ref\" title=\"Dispositions des tasseaux\"><span class=\"elementor-child-pages-content-wrapper\"><span class=\"elementor-child-pages-list-icon elementor-align-icon-left\"><span class=\"elementor-icon\"><i aria-hidden=\"true\" class=\"fas fa-chevron-right\"><\/i><\/span><\/span><span class=\"elementor-child-pages-list-text\">Dispositions des tasseaux<\/span><\/span><\/a><\/li><li class=\"elementor-child-pages-list-item active child-page-3234 child-page-profils-en-tant-que-bords\"><a href=\"https:\/\/klump.com\/fr\/produits\/transport-process-de-convoyage\/profils-en-tant-que-bords\/\" class=\"elementor-child-pages-list-ref\" title=\"Profils en tant que bords\"><span class=\"elementor-child-pages-content-wrapper\"><span class=\"elementor-child-pages-list-icon elementor-align-icon-left\"><span class=\"elementor-icon\"><i aria-hidden=\"true\" class=\"fas fa-chevron-right\"><\/i><\/span><\/span><span class=\"elementor-child-pages-list-text\">Profils en tant que bords<\/span><\/span><\/a><\/li><li class=\"elementor-child-pages-list-item  child-page-3232 child-page-reglage-de-la-bande\"><a href=\"https:\/\/klump.com\/fr\/produits\/transport-process-de-convoyage\/reglage-de-la-bande\/\" class=\"elementor-child-pages-list-ref\" title=\"R\u00e9glage de la bande\"><span class=\"elementor-child-pages-content-wrapper\"><span class=\"elementor-child-pages-list-icon elementor-align-icon-left\"><span class=\"elementor-icon\"><i aria-hidden=\"true\" class=\"fas fa-chevron-right\"><\/i><\/span><\/span><span class=\"elementor-child-pages-list-text\">R\u00e9glage de la bande<\/span><\/span><\/a><\/li><li class=\"elementor-child-pages-list-item  child-page-3230 child-page-realisations-particulieres\"><a href=\"https:\/\/klump.com\/fr\/produits\/transport-process-de-convoyage\/realisations-particulieres\/\" class=\"elementor-child-pages-list-ref\" title=\"R\u00e9alisations particuli\u00e8res\"><span class=\"elementor-child-pages-content-wrapper\"><span class=\"elementor-child-pages-list-icon elementor-align-icon-left\"><span class=\"elementor-icon\"><i aria-hidden=\"true\" class=\"fas fa-chevron-right\"><\/i><\/span><\/span><span class=\"elementor-child-pages-list-text\">R\u00e9alisations particuli\u00e8res<\/span><\/span><\/a><\/li><li class=\"elementor-child-pages-list-item  child-page-3227 child-page-bandes-perforees-et-bandes-a-vide\"><a href=\"https:\/\/klump.com\/fr\/produits\/transport-process-de-convoyage\/bandes-perforees-et-bandes-a-vide\/\" class=\"elementor-child-pages-list-ref\" title=\"Bandes perfor\u00e9es et bandes \u00e0 vide\"><span class=\"elementor-child-pages-content-wrapper\"><span class=\"elementor-child-pages-list-icon elementor-align-icon-left\"><span class=\"elementor-icon\"><i aria-hidden=\"true\" class=\"fas fa-chevron-right\"><\/i><\/span><\/span><span class=\"elementor-child-pages-list-text\">Bandes perfor\u00e9es et bandes \u00e0 vide<\/span><\/span><\/a><\/li><\/ul>\t\t\t\t<\/div>\n\t\t\t\t<\/div>\n\t\t\t\t\t<\/div>\n\t\t<\/div>\n\t\t\t\t\t<\/div>\n\t\t<\/section>\n\t\t\t\t<section class=\"elementor-section elementor-top-section elementor-element elementor-element-ec33ba6 elementor-section-boxed elementor-section-height-default elementor-section-height-default\" data-id=\"ec33ba6\" data-element_type=\"section\" data-e-type=\"section\">\n\t\t\t\t\t\t<div class=\"elementor-container elementor-column-gap-default\">\n\t\t\t\t\t<div class=\"elementor-column elementor-col-100 elementor-top-column elementor-element elementor-element-7207fa5\" data-id=\"7207fa5\" data-element_type=\"column\" data-e-type=\"column\">\n\t\t\t<div class=\"elementor-widget-wrap elementor-element-populated\">\n\t\t\t\t\t\t<section class=\"elementor-section elementor-inner-section elementor-element elementor-element-1d10896 elementor-section-boxed elementor-section-height-default elementor-section-height-default\" data-id=\"1d10896\" data-element_type=\"section\" data-e-type=\"section\">\n\t\t\t\t\t\t<div class=\"elementor-container elementor-column-gap-default\">\n\t\t\t\t\t<div class=\"elementor-column elementor-col-50 elementor-inner-column elementor-element elementor-element-0fe4e32\" data-id=\"0fe4e32\" data-element_type=\"column\" data-e-type=\"column\">\n\t\t\t<div class=\"elementor-widget-wrap elementor-element-populated\">\n\t\t\t\t\t\t<div class=\"elementor-element elementor-element-1dada01 custom-img-zoom elementor-widget elementor-widget-image\" data-id=\"1dada01\" data-element_type=\"widget\" data-e-type=\"widget\" data-widget_type=\"image.default\">\n\t\t\t\t<div class=\"elementor-widget-container\">\n\t\t\t\t\t\t\t\t\t\t\t\t\t\t\t<img fetchpriority=\"high\" decoding=\"async\" width=\"800\" height=\"454\" src=\"https:\/\/klump.com\/wp-content\/uploads\/2023\/05\/randleisten-1-1000x568-1.jpg\" class=\"attachment-large size-large wp-image-2757\" alt=\"\" srcset=\"https:\/\/klump.com\/wp-content\/uploads\/2023\/05\/randleisten-1-1000x568-1.jpg 1000w, https:\/\/klump.com\/wp-content\/uploads\/2023\/05\/randleisten-1-1000x568-1-300x170.jpg 300w, https:\/\/klump.com\/wp-content\/uploads\/2023\/05\/randleisten-1-1000x568-1-768x436.jpg 768w\" sizes=\"(max-width: 800px) 100vw, 800px\" \/>\t\t\t\t\t\t\t\t\t\t\t\t\t\t\t<\/div>\n\t\t\t\t<\/div>\n\t\t\t\t\t<\/div>\n\t\t<\/div>\n\t\t\t\t<div class=\"elementor-column elementor-col-50 elementor-inner-column elementor-element elementor-element-2477b3b\" data-id=\"2477b3b\" data-element_type=\"column\" data-e-type=\"column\">\n\t\t\t<div class=\"elementor-widget-wrap elementor-element-populated\">\n\t\t\t\t\t\t<div class=\"elementor-element elementor-element-f923351 custom-img-zoom elementor-widget elementor-widget-image\" data-id=\"f923351\" data-element_type=\"widget\" data-e-type=\"widget\" data-widget_type=\"image.default\">\n\t\t\t\t<div class=\"elementor-widget-container\">\n\t\t\t\t\t\t\t\t\t\t\t\t\t\t\t<img decoding=\"async\" width=\"800\" height=\"454\" src=\"https:\/\/klump.com\/wp-content\/uploads\/2023\/05\/randleisten-2-1000x568-1.jpg\" class=\"attachment-large size-large wp-image-2759\" alt=\"\" srcset=\"https:\/\/klump.com\/wp-content\/uploads\/2023\/05\/randleisten-2-1000x568-1.jpg 1000w, https:\/\/klump.com\/wp-content\/uploads\/2023\/05\/randleisten-2-1000x568-1-300x170.jpg 300w, https:\/\/klump.com\/wp-content\/uploads\/2023\/05\/randleisten-2-1000x568-1-768x436.jpg 768w\" sizes=\"(max-width: 800px) 100vw, 800px\" \/>\t\t\t\t\t\t\t\t\t\t\t\t\t\t\t<\/div>\n\t\t\t\t<\/div>\n\t\t\t\t\t<\/div>\n\t\t<\/div>\n\t\t\t\t\t<\/div>\n\t\t<\/section>\n\t\t\t\t\t<\/div>\n\t\t<\/div>\n\t\t\t\t\t<\/div>\n\t\t<\/section>\n\t\t\t\t<\/div>\n\t\t","protected":false},"excerpt":{"rendered":"<p>LES PROFILS DE GUIDAGE ET LES TASSEAUX KLUMP PEUVENT \u00caTRE UTILIS\u00c9S EN TANT QUE BORDS DE CONTENANCE Les profils de guidage et les tasseaux KLUMP peuvent \u00e9galement \u00eatre soud\u00e9s de mani\u00e8re flexible longitudinalement sur les c\u00f4t\u00e9s en tant que bords de contenance. Selon la version du mat\u00e9riau, la hauteur du profil et le diam\u00e8tre du [&hellip;]<\/p>\n","protected":false},"author":1,"featured_media":0,"parent":3211,"menu_order":7,"comment_status":"closed","ping_status":"closed","template":"","meta":{"footnotes":""},"class_list":["post-3234","page","type-page","status-publish","hentry"],"yoast_head":"<!-- This site is optimized with the Yoast SEO plugin v27.0 - https:\/\/yoast.com\/product\/yoast-seo-wordpress\/ -->\n<title>Profils en tant que bords - Ing. H. Dieter Klump GmbH<\/title>\n<meta name=\"robots\" content=\"index, follow, max-snippet:-1, max-image-preview:large, max-video-preview:-1\" \/>\n<link rel=\"canonical\" href=\"https:\/\/klump.com\/fr\/produits\/transport-process-de-convoyage\/profils-en-tant-que-bords\/\" \/>\n<script type=\"application\/ld+json\" class=\"yoast-schema-graph\">{\"@context\":\"https:\/\/schema.org\",\"@graph\":[{\"@type\":\"WebPage\",\"@id\":\"https:\/\/klump.com\/fr\/produits\/transport-process-de-convoyage\/profils-en-tant-que-bords\/\",\"url\":\"https:\/\/klump.com\/fr\/produits\/transport-process-de-convoyage\/profils-en-tant-que-bords\/\",\"name\":\"Profils en tant que bords - Ing. H. Dieter Klump GmbH\",\"isPartOf\":{\"@id\":\"https:\/\/klump.com\/fr\/#website\"},\"primaryImageOfPage\":{\"@id\":\"https:\/\/klump.com\/fr\/produits\/transport-process-de-convoyage\/profils-en-tant-que-bords\/#primaryimage\"},\"image\":{\"@id\":\"https:\/\/klump.com\/fr\/produits\/transport-process-de-convoyage\/profils-en-tant-que-bords\/#primaryimage\"},\"thumbnailUrl\":\"https:\/\/klump.com\/wp-content\/uploads\/2023\/05\/randleisten-1-1000x568-1.jpg\",\"datePublished\":\"2023-04-24T12:49:29+00:00\",\"dateModified\":\"2023-05-17T07:46:20+00:00\",\"breadcrumb\":{\"@id\":\"https:\/\/klump.com\/fr\/produits\/transport-process-de-convoyage\/profils-en-tant-que-bords\/#breadcrumb\"},\"inLanguage\":\"fr-FR\",\"potentialAction\":[{\"@type\":\"ReadAction\",\"target\":[\"https:\/\/klump.com\/fr\/produits\/transport-process-de-convoyage\/profils-en-tant-que-bords\/\"]}]},{\"@type\":\"ImageObject\",\"inLanguage\":\"fr-FR\",\"@id\":\"https:\/\/klump.com\/fr\/produits\/transport-process-de-convoyage\/profils-en-tant-que-bords\/#primaryimage\",\"url\":\"https:\/\/klump.com\/wp-content\/uploads\/2023\/05\/randleisten-1-1000x568-1.jpg\",\"contentUrl\":\"https:\/\/klump.com\/wp-content\/uploads\/2023\/05\/randleisten-1-1000x568-1.jpg\"},{\"@type\":\"BreadcrumbList\",\"@id\":\"https:\/\/klump.com\/fr\/produits\/transport-process-de-convoyage\/profils-en-tant-que-bords\/#breadcrumb\",\"itemListElement\":[{\"@type\":\"ListItem\",\"position\":1,\"name\":\"Startseite\",\"item\":\"https:\/\/klump.com\/fr\/\"},{\"@type\":\"ListItem\",\"position\":2,\"name\":\"Produits\",\"item\":\"https:\/\/klump.com\/fr\/produits\/\"},{\"@type\":\"ListItem\",\"position\":3,\"name\":\"Transport &amp; process de convoyage\",\"item\":\"https:\/\/klump.com\/fr\/produits\/transport-process-de-convoyage\/\"},{\"@type\":\"ListItem\",\"position\":4,\"name\":\"Profils en tant que bords\"}]},{\"@type\":\"WebSite\",\"@id\":\"https:\/\/klump.com\/fr\/#website\",\"url\":\"https:\/\/klump.com\/fr\/\",\"name\":\"Ing. H. Dieter Klump GmbH\",\"description\":\"Transport- und Antriebstechnik\",\"publisher\":{\"@id\":\"https:\/\/klump.com\/fr\/#organization\"},\"potentialAction\":[{\"@type\":\"SearchAction\",\"target\":{\"@type\":\"EntryPoint\",\"urlTemplate\":\"https:\/\/klump.com\/fr\/?s={search_term_string}\"},\"query-input\":{\"@type\":\"PropertyValueSpecification\",\"valueRequired\":true,\"valueName\":\"search_term_string\"}}],\"inLanguage\":\"fr-FR\"},{\"@type\":\"Organization\",\"@id\":\"https:\/\/klump.com\/fr\/#organization\",\"name\":\"Ing. H. Dieter Klump GmbH\",\"url\":\"https:\/\/klump.com\/fr\/\",\"logo\":{\"@type\":\"ImageObject\",\"inLanguage\":\"fr-FR\",\"@id\":\"https:\/\/klump.com\/fr\/#\/schema\/logo\/image\/\",\"url\":\"https:\/\/klump.com\/wp-content\/uploads\/2023\/04\/klump-logo.png\",\"contentUrl\":\"https:\/\/klump.com\/wp-content\/uploads\/2023\/04\/klump-logo.png\",\"width\":650,\"height\":162,\"caption\":\"Ing. H. Dieter Klump GmbH\"},\"image\":{\"@id\":\"https:\/\/klump.com\/fr\/#\/schema\/logo\/image\/\"}}]}<\/script>\n<!-- \/ Yoast SEO plugin. -->","yoast_head_json":{"title":"Profils en tant que bords - Ing. H. Dieter Klump GmbH","robots":{"index":"index","follow":"follow","max-snippet":"max-snippet:-1","max-image-preview":"max-image-preview:large","max-video-preview":"max-video-preview:-1"},"canonical":"https:\/\/klump.com\/fr\/produits\/transport-process-de-convoyage\/profils-en-tant-que-bords\/","schema":{"@context":"https:\/\/schema.org","@graph":[{"@type":"WebPage","@id":"https:\/\/klump.com\/fr\/produits\/transport-process-de-convoyage\/profils-en-tant-que-bords\/","url":"https:\/\/klump.com\/fr\/produits\/transport-process-de-convoyage\/profils-en-tant-que-bords\/","name":"Profils en tant que bords - Ing. H. Dieter Klump GmbH","isPartOf":{"@id":"https:\/\/klump.com\/fr\/#website"},"primaryImageOfPage":{"@id":"https:\/\/klump.com\/fr\/produits\/transport-process-de-convoyage\/profils-en-tant-que-bords\/#primaryimage"},"image":{"@id":"https:\/\/klump.com\/fr\/produits\/transport-process-de-convoyage\/profils-en-tant-que-bords\/#primaryimage"},"thumbnailUrl":"https:\/\/klump.com\/wp-content\/uploads\/2023\/05\/randleisten-1-1000x568-1.jpg","datePublished":"2023-04-24T12:49:29+00:00","dateModified":"2023-05-17T07:46:20+00:00","breadcrumb":{"@id":"https:\/\/klump.com\/fr\/produits\/transport-process-de-convoyage\/profils-en-tant-que-bords\/#breadcrumb"},"inLanguage":"fr-FR","potentialAction":[{"@type":"ReadAction","target":["https:\/\/klump.com\/fr\/produits\/transport-process-de-convoyage\/profils-en-tant-que-bords\/"]}]},{"@type":"ImageObject","inLanguage":"fr-FR","@id":"https:\/\/klump.com\/fr\/produits\/transport-process-de-convoyage\/profils-en-tant-que-bords\/#primaryimage","url":"https:\/\/klump.com\/wp-content\/uploads\/2023\/05\/randleisten-1-1000x568-1.jpg","contentUrl":"https:\/\/klump.com\/wp-content\/uploads\/2023\/05\/randleisten-1-1000x568-1.jpg"},{"@type":"BreadcrumbList","@id":"https:\/\/klump.com\/fr\/produits\/transport-process-de-convoyage\/profils-en-tant-que-bords\/#breadcrumb","itemListElement":[{"@type":"ListItem","position":1,"name":"Startseite","item":"https:\/\/klump.com\/fr\/"},{"@type":"ListItem","position":2,"name":"Produits","item":"https:\/\/klump.com\/fr\/produits\/"},{"@type":"ListItem","position":3,"name":"Transport &amp; process de convoyage","item":"https:\/\/klump.com\/fr\/produits\/transport-process-de-convoyage\/"},{"@type":"ListItem","position":4,"name":"Profils en tant que bords"}]},{"@type":"WebSite","@id":"https:\/\/klump.com\/fr\/#website","url":"https:\/\/klump.com\/fr\/","name":"Ing. H. Dieter Klump GmbH","description":"Transport- und Antriebstechnik","publisher":{"@id":"https:\/\/klump.com\/fr\/#organization"},"potentialAction":[{"@type":"SearchAction","target":{"@type":"EntryPoint","urlTemplate":"https:\/\/klump.com\/fr\/?s={search_term_string}"},"query-input":{"@type":"PropertyValueSpecification","valueRequired":true,"valueName":"search_term_string"}}],"inLanguage":"fr-FR"},{"@type":"Organization","@id":"https:\/\/klump.com\/fr\/#organization","name":"Ing. H. Dieter Klump GmbH","url":"https:\/\/klump.com\/fr\/","logo":{"@type":"ImageObject","inLanguage":"fr-FR","@id":"https:\/\/klump.com\/fr\/#\/schema\/logo\/image\/","url":"https:\/\/klump.com\/wp-content\/uploads\/2023\/04\/klump-logo.png","contentUrl":"https:\/\/klump.com\/wp-content\/uploads\/2023\/04\/klump-logo.png","width":650,"height":162,"caption":"Ing. H. Dieter Klump GmbH"},"image":{"@id":"https:\/\/klump.com\/fr\/#\/schema\/logo\/image\/"}}]}},"_links":{"self":[{"href":"https:\/\/klump.com\/fr\/wp-json\/wp\/v2\/pages\/3234","targetHints":{"allow":["GET"]}}],"collection":[{"href":"https:\/\/klump.com\/fr\/wp-json\/wp\/v2\/pages"}],"about":[{"href":"https:\/\/klump.com\/fr\/wp-json\/wp\/v2\/types\/page"}],"author":[{"embeddable":true,"href":"https:\/\/klump.com\/fr\/wp-json\/wp\/v2\/users\/1"}],"replies":[{"embeddable":true,"href":"https:\/\/klump.com\/fr\/wp-json\/wp\/v2\/comments?post=3234"}],"version-history":[{"count":1,"href":"https:\/\/klump.com\/fr\/wp-json\/wp\/v2\/pages\/3234\/revisions"}],"predecessor-version":[{"id":3235,"href":"https:\/\/klump.com\/fr\/wp-json\/wp\/v2\/pages\/3234\/revisions\/3235"}],"up":[{"embeddable":true,"href":"https:\/\/klump.com\/fr\/wp-json\/wp\/v2\/pages\/3211"}],"wp:attachment":[{"href":"https:\/\/klump.com\/fr\/wp-json\/wp\/v2\/media?parent=3234"}],"curies":[{"name":"wp","href":"https:\/\/api.w.org\/{rel}","templated":true}]}}