{"id":3227,"date":"2023-04-24T12:50:21","date_gmt":"2023-04-24T12:50:21","guid":{"rendered":"https:\/\/dev.klump.com\/transport-process-de-convoyage\/bandes-perforees-et-bandes-a-vide\/"},"modified":"2023-05-17T07:30:12","modified_gmt":"2023-05-17T07:30:12","slug":"bandes-perforees-et-bandes-a-vide","status":"publish","type":"page","link":"https:\/\/klump.com\/fr\/produits\/transport-process-de-convoyage\/bandes-perforees-et-bandes-a-vide\/","title":{"rendered":"Bandes perfor\u00e9es et bandes \u00e0 vide"},"content":{"rendered":"\t\t<div data-elementor-type=\"wp-page\" data-elementor-id=\"3227\" class=\"elementor elementor-3227 elementor-756\" data-elementor-post-type=\"page\">\n\t\t\t\t\t\t<section class=\"elementor-section elementor-top-section elementor-element elementor-element-7a6ad72 elementor-section-boxed elementor-section-height-default elementor-section-height-default\" data-id=\"7a6ad72\" data-element_type=\"section\" data-e-type=\"section\">\n\t\t\t\t\t\t<div class=\"elementor-container elementor-column-gap-default\">\n\t\t\t\t\t<div class=\"elementor-column elementor-col-100 elementor-top-column elementor-element elementor-element-3cc57fe\" data-id=\"3cc57fe\" data-element_type=\"column\" data-e-type=\"column\">\n\t\t\t<div class=\"elementor-widget-wrap elementor-element-populated\">\n\t\t\t\t\t\t<section class=\"elementor-section elementor-inner-section elementor-element elementor-element-362ad48 elementor-section-boxed elementor-section-height-default elementor-section-height-default\" data-id=\"362ad48\" data-element_type=\"section\" data-e-type=\"section\">\n\t\t\t\t\t\t<div class=\"elementor-container elementor-column-gap-default\">\n\t\t\t\t\t<div class=\"elementor-column elementor-col-100 elementor-inner-column elementor-element elementor-element-ad8ef67\" data-id=\"ad8ef67\" data-element_type=\"column\" data-e-type=\"column\">\n\t\t\t<div class=\"elementor-widget-wrap elementor-element-populated\">\n\t\t\t\t\t\t<div class=\"elementor-element elementor-element-9fda7c9 elementor-widget elementor-widget-heading\" data-id=\"9fda7c9\" data-element_type=\"widget\" data-e-type=\"widget\" data-widget_type=\"heading.default\">\n\t\t\t\t<div class=\"elementor-widget-container\">\n\t\t\t\t\t<h2 class=\"elementor-heading-title elementor-size-default\">\nBANDES TRANSPORTEUSES PERFOR\u00c9ES ET BANDES \u00c0 VIDE\n<\/h2>\t\t\t\t<\/div>\n\t\t\t\t<\/div>\n\t\t\t\t\t<\/div>\n\t\t<\/div>\n\t\t\t\t\t<\/div>\n\t\t<\/section>\n\t\t\t\t\t<\/div>\n\t\t<\/div>\n\t\t\t\t\t<\/div>\n\t\t<\/section>\n\t\t\t\t<section class=\"elementor-section elementor-top-section elementor-element elementor-element-de28fc3 elementor-section-boxed elementor-section-height-default elementor-section-height-default\" data-id=\"de28fc3\" data-element_type=\"section\" data-e-type=\"section\">\n\t\t\t\t\t\t<div class=\"elementor-container elementor-column-gap-default\">\n\t\t\t\t\t<div class=\"elementor-column elementor-col-66 elementor-top-column elementor-element elementor-element-dd97399\" data-id=\"dd97399\" data-element_type=\"column\" data-e-type=\"column\">\n\t\t\t<div class=\"elementor-widget-wrap elementor-element-populated\">\n\t\t\t\t\t\t<section class=\"elementor-section elementor-inner-section elementor-element elementor-element-2240301 elementor-section-boxed elementor-section-height-default elementor-section-height-default\" data-id=\"2240301\" data-element_type=\"section\" data-e-type=\"section\">\n\t\t\t\t\t\t<div class=\"elementor-container elementor-column-gap-default\">\n\t\t\t\t\t<div class=\"elementor-column elementor-col-100 elementor-inner-column elementor-element elementor-element-7a34d2e\" data-id=\"7a34d2e\" data-element_type=\"column\" data-e-type=\"column\">\n\t\t\t<div class=\"elementor-widget-wrap elementor-element-populated\">\n\t\t\t\t\t\t<div class=\"elementor-element elementor-element-5ba4d46 elementor-widget elementor-widget-text-editor\" data-id=\"5ba4d46\" data-element_type=\"widget\" data-e-type=\"widget\" data-widget_type=\"text-editor.default\">\n\t\t\t\t<div class=\"elementor-widget-container\">\n\t\t\t\t\t\t\t\t\t\n\nTous les types et \u00e9paisseurs de bandes transporteuses peuvent \u00eatre poin\u00e7onn\u00e9es \u00e0 la machine selon vos sp\u00e9cifications jusqu\u2019\u00e0 une largeur de bande d\u2019environ 5 000 mm. Tous les diam\u00e8tres de trous disponibles dans tous les agencements de trous d\u00e9sir\u00e9s sont possibles \u2013 \u00e9galement possible, des perforations sp\u00e9ciales comme par ex. des trous oblongs. Nous sommes \u00e9galement en mesure de produire des pi\u00e8ces d\u2019emboutissage \/ d\u00e9coupes selon vos plans. Veuillez nous faire part de vos exigences particuli\u00e8res.\n\t\t\t\t\t\t\t\t<\/div>\n\t\t\t\t<\/div>\n\t\t\t\t\t<\/div>\n\t\t<\/div>\n\t\t\t\t\t<\/div>\n\t\t<\/section>\n\t\t\t\t\t<\/div>\n\t\t<\/div>\n\t\t\t\t<div class=\"elementor-column elementor-col-33 elementor-top-column elementor-element elementor-element-b2b32ad\" data-id=\"b2b32ad\" data-element_type=\"column\" data-e-type=\"column\">\n\t\t\t<div class=\"elementor-widget-wrap elementor-element-populated\">\n\t\t\t\t\t\t<div class=\"elementor-element elementor-element-022dc01 elementor-widget elementor-widget-child_pages_widget\" data-id=\"022dc01\" data-element_type=\"widget\" data-e-type=\"widget\" data-widget_type=\"child_pages_widget.default\">\n\t\t\t\t<div class=\"elementor-widget-container\">\n\t\t\t\t\t<ul class=\"elementor-child-pages-list-items elementor-view-stacked elementor-vertical-align-middle elementor-shape-square\"><li class=\"elementor-child-pages-list-item  child-page-3414 child-page-gaufrage\"><a href=\"https:\/\/klump.com\/fr\/produits\/transport-process-de-convoyage\/gaufrage\/\" class=\"elementor-child-pages-list-ref\" title=\"Gaufrage\"><span class=\"elementor-child-pages-content-wrapper\"><span class=\"elementor-child-pages-list-icon elementor-align-icon-left\"><span class=\"elementor-icon\"><i aria-hidden=\"true\" class=\"fas fa-chevron-right\"><\/i><\/span><\/span><span class=\"elementor-child-pages-list-text\">Gaufrage<\/span><\/span><\/a><\/li><li class=\"elementor-child-pages-list-item  child-page-3246 child-page-jonction\"><a href=\"https:\/\/klump.com\/fr\/produits\/transport-process-de-convoyage\/jonction\/\" class=\"elementor-child-pages-list-ref\" title=\"Jonction\"><span class=\"elementor-child-pages-content-wrapper\"><span class=\"elementor-child-pages-list-icon elementor-align-icon-left\"><span class=\"elementor-icon\"><i aria-hidden=\"true\" class=\"fas fa-chevron-right\"><\/i><\/span><\/span><span class=\"elementor-child-pages-list-text\">Jonction<\/span><\/span><\/a><\/li><li class=\"elementor-child-pages-list-item  child-page-3244 child-page-tasseaux-2\"><a href=\"https:\/\/klump.com\/fr\/produits\/transport-process-de-convoyage\/tasseaux-2\/\" class=\"elementor-child-pages-list-ref\" title=\"Tasseaux\"><span class=\"elementor-child-pages-content-wrapper\"><span class=\"elementor-child-pages-list-icon elementor-align-icon-left\"><span class=\"elementor-icon\"><i aria-hidden=\"true\" class=\"fas fa-chevron-right\"><\/i><\/span><\/span><span class=\"elementor-child-pages-list-text\">Tasseaux<\/span><\/span><\/a><\/li><li class=\"elementor-child-pages-list-item  child-page-3240 child-page-bords-de-contenance\"><a href=\"https:\/\/klump.com\/fr\/produits\/transport-process-de-convoyage\/bords-de-contenance\/\" class=\"elementor-child-pages-list-ref\" title=\"Bords de contenance\"><span class=\"elementor-child-pages-content-wrapper\"><span class=\"elementor-child-pages-list-icon elementor-align-icon-left\"><span class=\"elementor-icon\"><i aria-hidden=\"true\" class=\"fas fa-chevron-right\"><\/i><\/span><\/span><span class=\"elementor-child-pages-list-text\">Bords de contenance<\/span><\/span><\/a><\/li><li class=\"elementor-child-pages-list-item  child-page-3238 child-page-profils-de-guidage\"><a href=\"https:\/\/klump.com\/fr\/produits\/transport-process-de-convoyage\/profils-de-guidage\/\" class=\"elementor-child-pages-list-ref\" title=\"Profils de guidage\"><span class=\"elementor-child-pages-content-wrapper\"><span class=\"elementor-child-pages-list-icon elementor-align-icon-left\"><span class=\"elementor-icon\"><i aria-hidden=\"true\" class=\"fas fa-chevron-right\"><\/i><\/span><\/span><span class=\"elementor-child-pages-list-text\">Profils de guidage<\/span><\/span><\/a><\/li><li class=\"elementor-child-pages-list-item  child-page-3236 child-page-tasseaux\"><a href=\"https:\/\/klump.com\/fr\/produits\/transport-process-de-convoyage\/tasseaux\/\" class=\"elementor-child-pages-list-ref\" title=\"Dispositions des tasseaux\"><span class=\"elementor-child-pages-content-wrapper\"><span class=\"elementor-child-pages-list-icon elementor-align-icon-left\"><span class=\"elementor-icon\"><i aria-hidden=\"true\" class=\"fas fa-chevron-right\"><\/i><\/span><\/span><span class=\"elementor-child-pages-list-text\">Dispositions des tasseaux<\/span><\/span><\/a><\/li><li class=\"elementor-child-pages-list-item  child-page-3234 child-page-profils-en-tant-que-bords\"><a href=\"https:\/\/klump.com\/fr\/produits\/transport-process-de-convoyage\/profils-en-tant-que-bords\/\" class=\"elementor-child-pages-list-ref\" title=\"Profils en tant que bords\"><span class=\"elementor-child-pages-content-wrapper\"><span class=\"elementor-child-pages-list-icon elementor-align-icon-left\"><span class=\"elementor-icon\"><i aria-hidden=\"true\" class=\"fas fa-chevron-right\"><\/i><\/span><\/span><span class=\"elementor-child-pages-list-text\">Profils en tant que bords<\/span><\/span><\/a><\/li><li class=\"elementor-child-pages-list-item  child-page-3232 child-page-reglage-de-la-bande\"><a href=\"https:\/\/klump.com\/fr\/produits\/transport-process-de-convoyage\/reglage-de-la-bande\/\" class=\"elementor-child-pages-list-ref\" title=\"R\u00e9glage de la bande\"><span class=\"elementor-child-pages-content-wrapper\"><span class=\"elementor-child-pages-list-icon elementor-align-icon-left\"><span class=\"elementor-icon\"><i aria-hidden=\"true\" class=\"fas fa-chevron-right\"><\/i><\/span><\/span><span class=\"elementor-child-pages-list-text\">R\u00e9glage de la bande<\/span><\/span><\/a><\/li><li class=\"elementor-child-pages-list-item  child-page-3230 child-page-realisations-particulieres\"><a href=\"https:\/\/klump.com\/fr\/produits\/transport-process-de-convoyage\/realisations-particulieres\/\" class=\"elementor-child-pages-list-ref\" title=\"R\u00e9alisations particuli\u00e8res\"><span class=\"elementor-child-pages-content-wrapper\"><span class=\"elementor-child-pages-list-icon elementor-align-icon-left\"><span class=\"elementor-icon\"><i aria-hidden=\"true\" class=\"fas fa-chevron-right\"><\/i><\/span><\/span><span class=\"elementor-child-pages-list-text\">R\u00e9alisations particuli\u00e8res<\/span><\/span><\/a><\/li><li class=\"elementor-child-pages-list-item active child-page-3227 child-page-bandes-perforees-et-bandes-a-vide\"><a href=\"https:\/\/klump.com\/fr\/produits\/transport-process-de-convoyage\/bandes-perforees-et-bandes-a-vide\/\" class=\"elementor-child-pages-list-ref\" title=\"Bandes perfor\u00e9es et bandes \u00e0 vide\"><span class=\"elementor-child-pages-content-wrapper\"><span class=\"elementor-child-pages-list-icon elementor-align-icon-left\"><span class=\"elementor-icon\"><i aria-hidden=\"true\" class=\"fas fa-chevron-right\"><\/i><\/span><\/span><span class=\"elementor-child-pages-list-text\">Bandes perfor\u00e9es et bandes \u00e0 vide<\/span><\/span><\/a><\/li><\/ul>\t\t\t\t<\/div>\n\t\t\t\t<\/div>\n\t\t\t\t\t<\/div>\n\t\t<\/div>\n\t\t\t\t\t<\/div>\n\t\t<\/section>\n\t\t\t\t<section class=\"elementor-section elementor-top-section elementor-element elementor-element-35aab3f elementor-section-boxed elementor-section-height-default elementor-section-height-default\" data-id=\"35aab3f\" data-element_type=\"section\" data-e-type=\"section\">\n\t\t\t\t\t\t<div class=\"elementor-container elementor-column-gap-default\">\n\t\t\t\t\t<div class=\"elementor-column elementor-col-100 elementor-top-column elementor-element elementor-element-879cddc\" data-id=\"879cddc\" data-element_type=\"column\" data-e-type=\"column\">\n\t\t\t<div class=\"elementor-widget-wrap elementor-element-populated\">\n\t\t\t\t\t\t<section class=\"elementor-section elementor-inner-section elementor-element elementor-element-2dfdf77 elementor-section-boxed elementor-section-height-default elementor-section-height-default\" data-id=\"2dfdf77\" data-element_type=\"section\" data-e-type=\"section\">\n\t\t\t\t\t\t<div class=\"elementor-container elementor-column-gap-default\">\n\t\t\t\t\t<div class=\"elementor-column elementor-col-25 elementor-inner-column elementor-element elementor-element-c1d9e7c\" data-id=\"c1d9e7c\" data-element_type=\"column\" data-e-type=\"column\">\n\t\t\t<div class=\"elementor-widget-wrap elementor-element-populated\">\n\t\t\t\t\t\t<div class=\"elementor-element elementor-element-5782343 custom-img-zoom elementor-widget elementor-widget-image\" data-id=\"5782343\" data-element_type=\"widget\" data-e-type=\"widget\" data-widget_type=\"image.default\">\n\t\t\t\t<div class=\"elementor-widget-container\">\n\t\t\t\t\t\t\t\t\t\t\t\t\t\t\t<img fetchpriority=\"high\" decoding=\"async\" width=\"800\" height=\"600\" src=\"https:\/\/klump.com\/wp-content\/uploads\/2023\/05\/klump-lochband-lochung-gelocht.jpg\" class=\"attachment-large size-large wp-image-2801\" alt=\"\" srcset=\"https:\/\/klump.com\/wp-content\/uploads\/2023\/05\/klump-lochband-lochung-gelocht.jpg 800w, https:\/\/klump.com\/wp-content\/uploads\/2023\/05\/klump-lochband-lochung-gelocht-300x225.jpg 300w, https:\/\/klump.com\/wp-content\/uploads\/2023\/05\/klump-lochband-lochung-gelocht-768x576.jpg 768w\" sizes=\"(max-width: 800px) 100vw, 800px\" \/>\t\t\t\t\t\t\t\t\t\t\t\t\t\t\t<\/div>\n\t\t\t\t<\/div>\n\t\t\t\t\t<\/div>\n\t\t<\/div>\n\t\t\t\t<div class=\"elementor-column elementor-col-25 elementor-inner-column elementor-element elementor-element-0aa79b2\" data-id=\"0aa79b2\" data-element_type=\"column\" data-e-type=\"column\">\n\t\t\t<div class=\"elementor-widget-wrap elementor-element-populated\">\n\t\t\t\t\t\t<div class=\"elementor-element elementor-element-c75da65 custom-img-zoom elementor-widget elementor-widget-image\" data-id=\"c75da65\" data-element_type=\"widget\" data-e-type=\"widget\" data-widget_type=\"image.default\">\n\t\t\t\t<div class=\"elementor-widget-container\">\n\t\t\t\t\t\t\t\t\t\t\t\t\t\t\t<img decoding=\"async\" width=\"800\" height=\"599\" src=\"https:\/\/klump.com\/wp-content\/uploads\/2023\/05\/klump-lochband-lochung-2.jpg\" class=\"attachment-large size-large wp-image-2803\" alt=\"\" srcset=\"https:\/\/klump.com\/wp-content\/uploads\/2023\/05\/klump-lochband-lochung-2.jpg 800w, https:\/\/klump.com\/wp-content\/uploads\/2023\/05\/klump-lochband-lochung-2-300x225.jpg 300w, https:\/\/klump.com\/wp-content\/uploads\/2023\/05\/klump-lochband-lochung-2-768x575.jpg 768w\" sizes=\"(max-width: 800px) 100vw, 800px\" \/>\t\t\t\t\t\t\t\t\t\t\t\t\t\t\t<\/div>\n\t\t\t\t<\/div>\n\t\t\t\t\t<\/div>\n\t\t<\/div>\n\t\t\t\t<div class=\"elementor-column elementor-col-25 elementor-inner-column elementor-element elementor-element-9c11c4f\" data-id=\"9c11c4f\" data-element_type=\"column\" data-e-type=\"column\">\n\t\t\t<div class=\"elementor-widget-wrap elementor-element-populated\">\n\t\t\t\t\t\t<div class=\"elementor-element elementor-element-e19b947 custom-img-zoom elementor-widget elementor-widget-image\" data-id=\"e19b947\" data-element_type=\"widget\" data-e-type=\"widget\" data-widget_type=\"image.default\">\n\t\t\t\t<div class=\"elementor-widget-container\">\n\t\t\t\t\t\t\t\t\t\t\t\t\t\t\t<img decoding=\"async\" width=\"800\" height=\"600\" src=\"https:\/\/klump.com\/wp-content\/uploads\/2023\/05\/klump-lochband-lochung-gelocht3.jpg\" class=\"attachment-large size-large wp-image-2805\" alt=\"\" srcset=\"https:\/\/klump.com\/wp-content\/uploads\/2023\/05\/klump-lochband-lochung-gelocht3.jpg 800w, https:\/\/klump.com\/wp-content\/uploads\/2023\/05\/klump-lochband-lochung-gelocht3-300x225.jpg 300w, https:\/\/klump.com\/wp-content\/uploads\/2023\/05\/klump-lochband-lochung-gelocht3-768x576.jpg 768w\" sizes=\"(max-width: 800px) 100vw, 800px\" \/>\t\t\t\t\t\t\t\t\t\t\t\t\t\t\t<\/div>\n\t\t\t\t<\/div>\n\t\t\t\t\t<\/div>\n\t\t<\/div>\n\t\t\t\t<div class=\"elementor-column elementor-col-25 elementor-inner-column elementor-element elementor-element-20e5143\" data-id=\"20e5143\" data-element_type=\"column\" data-e-type=\"column\">\n\t\t\t<div class=\"elementor-widget-wrap elementor-element-populated\">\n\t\t\t\t\t\t<div class=\"elementor-element elementor-element-2d7a429 custom-img-zoom elementor-widget elementor-widget-image\" data-id=\"2d7a429\" data-element_type=\"widget\" data-e-type=\"widget\" data-widget_type=\"image.default\">\n\t\t\t\t<div class=\"elementor-widget-container\">\n\t\t\t\t\t\t\t\t\t\t\t\t\t\t\t<img loading=\"lazy\" decoding=\"async\" width=\"800\" height=\"599\" src=\"https:\/\/klump.com\/wp-content\/uploads\/2023\/05\/29831.jpg\" class=\"attachment-large size-large wp-image-2807\" alt=\"\" srcset=\"https:\/\/klump.com\/wp-content\/uploads\/2023\/05\/29831.jpg 800w, https:\/\/klump.com\/wp-content\/uploads\/2023\/05\/29831-300x225.jpg 300w, https:\/\/klump.com\/wp-content\/uploads\/2023\/05\/29831-768x575.jpg 768w\" sizes=\"(max-width: 800px) 100vw, 800px\" \/>\t\t\t\t\t\t\t\t\t\t\t\t\t\t\t<\/div>\n\t\t\t\t<\/div>\n\t\t\t\t\t<\/div>\n\t\t<\/div>\n\t\t\t\t\t<\/div>\n\t\t<\/section>\n\t\t\t\t\t<\/div>\n\t\t<\/div>\n\t\t\t\t\t<\/div>\n\t\t<\/section>\n\t\t\t\t<\/div>\n\t\t","protected":false},"excerpt":{"rendered":"<p>BANDES TRANSPORTEUSES PERFOR\u00c9ES ET BANDES \u00c0 VIDE Tous les types et \u00e9paisseurs de bandes transporteuses peuvent \u00eatre poin\u00e7onn\u00e9es \u00e0 la machine selon vos sp\u00e9cifications jusqu\u2019\u00e0 une largeur de bande d\u2019environ 5 000 mm. Tous les diam\u00e8tres de trous disponibles dans tous les agencements de trous d\u00e9sir\u00e9s sont possibles \u2013 \u00e9galement possible, des perforations sp\u00e9ciales comme [&hellip;]<\/p>\n","protected":false},"author":1,"featured_media":0,"parent":3211,"menu_order":10,"comment_status":"closed","ping_status":"closed","template":"","meta":{"footnotes":""},"class_list":["post-3227","page","type-page","status-publish","hentry"],"yoast_head":"<!-- This site is optimized with the Yoast SEO plugin v27.0 - https:\/\/yoast.com\/product\/yoast-seo-wordpress\/ -->\n<title>Bandes perfor\u00e9es et bandes \u00e0 vide - Ing. H. Dieter Klump GmbH<\/title>\n<meta name=\"robots\" content=\"index, follow, max-snippet:-1, max-image-preview:large, max-video-preview:-1\" \/>\n<link rel=\"canonical\" href=\"https:\/\/klump.com\/fr\/produits\/transport-process-de-convoyage\/bandes-perforees-et-bandes-a-vide\/\" \/>\n<script type=\"application\/ld+json\" class=\"yoast-schema-graph\">{\"@context\":\"https:\/\/schema.org\",\"@graph\":[{\"@type\":\"WebPage\",\"@id\":\"https:\/\/klump.com\/fr\/produits\/transport-process-de-convoyage\/bandes-perforees-et-bandes-a-vide\/\",\"url\":\"https:\/\/klump.com\/fr\/produits\/transport-process-de-convoyage\/bandes-perforees-et-bandes-a-vide\/\",\"name\":\"Bandes perfor\u00e9es et bandes \u00e0 vide - Ing. H. Dieter Klump GmbH\",\"isPartOf\":{\"@id\":\"https:\/\/klump.com\/fr\/#website\"},\"primaryImageOfPage\":{\"@id\":\"https:\/\/klump.com\/fr\/produits\/transport-process-de-convoyage\/bandes-perforees-et-bandes-a-vide\/#primaryimage\"},\"image\":{\"@id\":\"https:\/\/klump.com\/fr\/produits\/transport-process-de-convoyage\/bandes-perforees-et-bandes-a-vide\/#primaryimage\"},\"thumbnailUrl\":\"https:\/\/klump.com\/wp-content\/uploads\/2023\/05\/klump-lochband-lochung-gelocht.jpg\",\"datePublished\":\"2023-04-24T12:50:21+00:00\",\"dateModified\":\"2023-05-17T07:30:12+00:00\",\"breadcrumb\":{\"@id\":\"https:\/\/klump.com\/fr\/produits\/transport-process-de-convoyage\/bandes-perforees-et-bandes-a-vide\/#breadcrumb\"},\"inLanguage\":\"fr-FR\",\"potentialAction\":[{\"@type\":\"ReadAction\",\"target\":[\"https:\/\/klump.com\/fr\/produits\/transport-process-de-convoyage\/bandes-perforees-et-bandes-a-vide\/\"]}]},{\"@type\":\"ImageObject\",\"inLanguage\":\"fr-FR\",\"@id\":\"https:\/\/klump.com\/fr\/produits\/transport-process-de-convoyage\/bandes-perforees-et-bandes-a-vide\/#primaryimage\",\"url\":\"https:\/\/klump.com\/wp-content\/uploads\/2023\/05\/klump-lochband-lochung-gelocht.jpg\",\"contentUrl\":\"https:\/\/klump.com\/wp-content\/uploads\/2023\/05\/klump-lochband-lochung-gelocht.jpg\"},{\"@type\":\"BreadcrumbList\",\"@id\":\"https:\/\/klump.com\/fr\/produits\/transport-process-de-convoyage\/bandes-perforees-et-bandes-a-vide\/#breadcrumb\",\"itemListElement\":[{\"@type\":\"ListItem\",\"position\":1,\"name\":\"Startseite\",\"item\":\"https:\/\/klump.com\/fr\/\"},{\"@type\":\"ListItem\",\"position\":2,\"name\":\"Produits\",\"item\":\"https:\/\/klump.com\/fr\/produits\/\"},{\"@type\":\"ListItem\",\"position\":3,\"name\":\"Transport &amp; process de convoyage\",\"item\":\"https:\/\/klump.com\/fr\/produits\/transport-process-de-convoyage\/\"},{\"@type\":\"ListItem\",\"position\":4,\"name\":\"Bandes perfor\u00e9es et bandes \u00e0 vide\"}]},{\"@type\":\"WebSite\",\"@id\":\"https:\/\/klump.com\/fr\/#website\",\"url\":\"https:\/\/klump.com\/fr\/\",\"name\":\"Ing. H. Dieter Klump GmbH\",\"description\":\"Transport- und Antriebstechnik\",\"publisher\":{\"@id\":\"https:\/\/klump.com\/fr\/#organization\"},\"potentialAction\":[{\"@type\":\"SearchAction\",\"target\":{\"@type\":\"EntryPoint\",\"urlTemplate\":\"https:\/\/klump.com\/fr\/?s={search_term_string}\"},\"query-input\":{\"@type\":\"PropertyValueSpecification\",\"valueRequired\":true,\"valueName\":\"search_term_string\"}}],\"inLanguage\":\"fr-FR\"},{\"@type\":\"Organization\",\"@id\":\"https:\/\/klump.com\/fr\/#organization\",\"name\":\"Ing. H. Dieter Klump GmbH\",\"url\":\"https:\/\/klump.com\/fr\/\",\"logo\":{\"@type\":\"ImageObject\",\"inLanguage\":\"fr-FR\",\"@id\":\"https:\/\/klump.com\/fr\/#\/schema\/logo\/image\/\",\"url\":\"https:\/\/klump.com\/wp-content\/uploads\/2023\/04\/klump-logo.png\",\"contentUrl\":\"https:\/\/klump.com\/wp-content\/uploads\/2023\/04\/klump-logo.png\",\"width\":650,\"height\":162,\"caption\":\"Ing. H. Dieter Klump GmbH\"},\"image\":{\"@id\":\"https:\/\/klump.com\/fr\/#\/schema\/logo\/image\/\"}}]}<\/script>\n<!-- \/ Yoast SEO plugin. -->","yoast_head_json":{"title":"Bandes perfor\u00e9es et bandes \u00e0 vide - Ing. H. Dieter Klump GmbH","robots":{"index":"index","follow":"follow","max-snippet":"max-snippet:-1","max-image-preview":"max-image-preview:large","max-video-preview":"max-video-preview:-1"},"canonical":"https:\/\/klump.com\/fr\/produits\/transport-process-de-convoyage\/bandes-perforees-et-bandes-a-vide\/","schema":{"@context":"https:\/\/schema.org","@graph":[{"@type":"WebPage","@id":"https:\/\/klump.com\/fr\/produits\/transport-process-de-convoyage\/bandes-perforees-et-bandes-a-vide\/","url":"https:\/\/klump.com\/fr\/produits\/transport-process-de-convoyage\/bandes-perforees-et-bandes-a-vide\/","name":"Bandes perfor\u00e9es et bandes \u00e0 vide - Ing. H. Dieter Klump GmbH","isPartOf":{"@id":"https:\/\/klump.com\/fr\/#website"},"primaryImageOfPage":{"@id":"https:\/\/klump.com\/fr\/produits\/transport-process-de-convoyage\/bandes-perforees-et-bandes-a-vide\/#primaryimage"},"image":{"@id":"https:\/\/klump.com\/fr\/produits\/transport-process-de-convoyage\/bandes-perforees-et-bandes-a-vide\/#primaryimage"},"thumbnailUrl":"https:\/\/klump.com\/wp-content\/uploads\/2023\/05\/klump-lochband-lochung-gelocht.jpg","datePublished":"2023-04-24T12:50:21+00:00","dateModified":"2023-05-17T07:30:12+00:00","breadcrumb":{"@id":"https:\/\/klump.com\/fr\/produits\/transport-process-de-convoyage\/bandes-perforees-et-bandes-a-vide\/#breadcrumb"},"inLanguage":"fr-FR","potentialAction":[{"@type":"ReadAction","target":["https:\/\/klump.com\/fr\/produits\/transport-process-de-convoyage\/bandes-perforees-et-bandes-a-vide\/"]}]},{"@type":"ImageObject","inLanguage":"fr-FR","@id":"https:\/\/klump.com\/fr\/produits\/transport-process-de-convoyage\/bandes-perforees-et-bandes-a-vide\/#primaryimage","url":"https:\/\/klump.com\/wp-content\/uploads\/2023\/05\/klump-lochband-lochung-gelocht.jpg","contentUrl":"https:\/\/klump.com\/wp-content\/uploads\/2023\/05\/klump-lochband-lochung-gelocht.jpg"},{"@type":"BreadcrumbList","@id":"https:\/\/klump.com\/fr\/produits\/transport-process-de-convoyage\/bandes-perforees-et-bandes-a-vide\/#breadcrumb","itemListElement":[{"@type":"ListItem","position":1,"name":"Startseite","item":"https:\/\/klump.com\/fr\/"},{"@type":"ListItem","position":2,"name":"Produits","item":"https:\/\/klump.com\/fr\/produits\/"},{"@type":"ListItem","position":3,"name":"Transport &amp; process de convoyage","item":"https:\/\/klump.com\/fr\/produits\/transport-process-de-convoyage\/"},{"@type":"ListItem","position":4,"name":"Bandes perfor\u00e9es et bandes \u00e0 vide"}]},{"@type":"WebSite","@id":"https:\/\/klump.com\/fr\/#website","url":"https:\/\/klump.com\/fr\/","name":"Ing. H. Dieter Klump GmbH","description":"Transport- und Antriebstechnik","publisher":{"@id":"https:\/\/klump.com\/fr\/#organization"},"potentialAction":[{"@type":"SearchAction","target":{"@type":"EntryPoint","urlTemplate":"https:\/\/klump.com\/fr\/?s={search_term_string}"},"query-input":{"@type":"PropertyValueSpecification","valueRequired":true,"valueName":"search_term_string"}}],"inLanguage":"fr-FR"},{"@type":"Organization","@id":"https:\/\/klump.com\/fr\/#organization","name":"Ing. H. Dieter Klump GmbH","url":"https:\/\/klump.com\/fr\/","logo":{"@type":"ImageObject","inLanguage":"fr-FR","@id":"https:\/\/klump.com\/fr\/#\/schema\/logo\/image\/","url":"https:\/\/klump.com\/wp-content\/uploads\/2023\/04\/klump-logo.png","contentUrl":"https:\/\/klump.com\/wp-content\/uploads\/2023\/04\/klump-logo.png","width":650,"height":162,"caption":"Ing. H. Dieter Klump GmbH"},"image":{"@id":"https:\/\/klump.com\/fr\/#\/schema\/logo\/image\/"}}]}},"_links":{"self":[{"href":"https:\/\/klump.com\/fr\/wp-json\/wp\/v2\/pages\/3227","targetHints":{"allow":["GET"]}}],"collection":[{"href":"https:\/\/klump.com\/fr\/wp-json\/wp\/v2\/pages"}],"about":[{"href":"https:\/\/klump.com\/fr\/wp-json\/wp\/v2\/types\/page"}],"author":[{"embeddable":true,"href":"https:\/\/klump.com\/fr\/wp-json\/wp\/v2\/users\/1"}],"replies":[{"embeddable":true,"href":"https:\/\/klump.com\/fr\/wp-json\/wp\/v2\/comments?post=3227"}],"version-history":[{"count":2,"href":"https:\/\/klump.com\/fr\/wp-json\/wp\/v2\/pages\/3227\/revisions"}],"predecessor-version":[{"id":3229,"href":"https:\/\/klump.com\/fr\/wp-json\/wp\/v2\/pages\/3227\/revisions\/3229"}],"up":[{"embeddable":true,"href":"https:\/\/klump.com\/fr\/wp-json\/wp\/v2\/pages\/3211"}],"wp:attachment":[{"href":"https:\/\/klump.com\/fr\/wp-json\/wp\/v2\/media?parent=3227"}],"curies":[{"name":"wp","href":"https:\/\/api.w.org\/{rel}","templated":true}]}}