{"id":3223,"date":"2023-04-24T13:01:21","date_gmt":"2023-04-24T13:01:21","guid":{"rendered":"https:\/\/dev.klump.com\/courroies-dentees-de-polyurethane\/courroies-a-guides-integres\/"},"modified":"2023-05-16T13:23:31","modified_gmt":"2023-05-16T13:23:31","slug":"courroies-a-guides-integres","status":"publish","type":"page","link":"https:\/\/klump.com\/fr\/produits\/courroies-dentees-de-polyurethane\/courroies-a-guides-integres\/","title":{"rendered":"Courroies \u00e0 guides int\u00e9gr\u00e9s"},"content":{"rendered":"\t\t<div data-elementor-type=\"wp-page\" data-elementor-id=\"3223\" class=\"elementor elementor-3223 elementor-790\" data-elementor-post-type=\"page\">\n\t\t\t\t\t\t<section class=\"elementor-section elementor-top-section elementor-element elementor-element-75c64c11 elementor-section-boxed elementor-section-height-default elementor-section-height-default\" data-id=\"75c64c11\" data-element_type=\"section\" data-e-type=\"section\">\n\t\t\t\t\t\t<div class=\"elementor-container elementor-column-gap-default\">\n\t\t\t\t\t<div class=\"elementor-column elementor-col-66 elementor-top-column elementor-element elementor-element-3f772d8a\" data-id=\"3f772d8a\" data-element_type=\"column\" data-e-type=\"column\">\n\t\t\t<div class=\"elementor-widget-wrap elementor-element-populated\">\n\t\t\t\t\t\t<section class=\"elementor-section elementor-inner-section elementor-element elementor-element-2f151ee0 elementor-section-boxed elementor-section-height-default elementor-section-height-default\" data-id=\"2f151ee0\" data-element_type=\"section\" data-e-type=\"section\">\n\t\t\t\t\t\t<div class=\"elementor-container elementor-column-gap-default\">\n\t\t\t\t\t<div class=\"elementor-column elementor-col-100 elementor-inner-column elementor-element elementor-element-15513673\" data-id=\"15513673\" data-element_type=\"column\" data-e-type=\"column\">\n\t\t\t<div class=\"elementor-widget-wrap elementor-element-populated\">\n\t\t\t\t\t\t<div class=\"elementor-element elementor-element-79b08269 elementor-widget elementor-widget-heading\" data-id=\"79b08269\" data-element_type=\"widget\" data-e-type=\"widget\" data-widget_type=\"heading.default\">\n\t\t\t\t<div class=\"elementor-widget-container\">\n\t\t\t\t\t<h2 class=\"elementor-heading-title elementor-size-default\">POUR UN GUIDAGE LIN\u00c9AIRE FIABLE<\/h2>\t\t\t\t<\/div>\n\t\t\t\t<\/div>\n\t\t\t\t<div class=\"elementor-element elementor-element-75e80b17 elementor-widget elementor-widget-text-editor\" data-id=\"75e80b17\" data-element_type=\"widget\" data-e-type=\"widget\" data-widget_type=\"text-editor.default\">\n\t\t\t\t<div class=\"elementor-widget-container\">\n\t\t\t\t\t\t\t\t\t<p>Les courroies dent\u00e9es \u00e0 guides KLUMP sont \u00e9quip\u00e9es d\u2019un guide extrud\u00e9 ou d\u2019un guide en PU soud\u00e9 et garantissent une stabilit\u00e9 en ligne droite. Un d\u00e9calage lat\u00e9ral est exclu. Les guides en PU soud\u00e9s suivants peuvent \u00eatre combin\u00e9s avec tous les types de courroies dent\u00e9es et toutes les largeurs souhait\u00e9es.<\/p>\n\t\t\t\t\t\t\t\t<\/div>\n\t\t\t\t<\/div>\n\t\t\t\t<div class=\"elementor-element elementor-element-6ffecdc elementor-widget elementor-widget-gallery\" data-id=\"6ffecdc\" data-element_type=\"widget\" data-e-type=\"widget\" data-settings=\"{&quot;columns&quot;:2,&quot;lazyload&quot;:&quot;yes&quot;,&quot;gallery_layout&quot;:&quot;grid&quot;,&quot;columns_tablet&quot;:2,&quot;columns_mobile&quot;:1,&quot;gap&quot;:{&quot;unit&quot;:&quot;px&quot;,&quot;size&quot;:10,&quot;sizes&quot;:[]},&quot;gap_tablet&quot;:{&quot;unit&quot;:&quot;px&quot;,&quot;size&quot;:10,&quot;sizes&quot;:[]},&quot;gap_mobile&quot;:{&quot;unit&quot;:&quot;px&quot;,&quot;size&quot;:10,&quot;sizes&quot;:[]},&quot;aspect_ratio&quot;:&quot;3:2&quot;,&quot;content_hover_animation&quot;:&quot;fade-in&quot;}\" data-widget_type=\"gallery.default\">\n\t\t\t\t<div class=\"elementor-widget-container\">\n\t\t\t\t\t\t\t<div class=\"elementor-gallery__container\">\n\t\t\t\t\t\t\t<div class=\"e-gallery-item elementor-gallery-item elementor-animated-content\">\n\t\t\t\t\t<div class=\"e-gallery-image elementor-gallery-item__image\" data-thumbnail=\"https:\/\/klump.com\/wp-content\/uploads\/2023\/05\/zahnriemen-spurzahnriemen.png\" data-width=\"800\" data-height=\"416\" aria-label=\"\" role=\"img\" ><\/div>\n\t\t\t\t\t\t\t\t\t\t\t\t\t\t<\/div>\n\t\t\t\t\t\t\t<div class=\"e-gallery-item elementor-gallery-item elementor-animated-content\">\n\t\t\t\t\t<div class=\"e-gallery-image elementor-gallery-item__image\" data-thumbnail=\"https:\/\/klump.com\/wp-content\/uploads\/2023\/05\/spurzahnriemenkom-1024x856.jpg\" data-width=\"800\" data-height=\"669\" aria-label=\"\" role=\"img\" ><\/div>\n\t\t\t\t\t\t\t\t\t\t\t\t\t\t<\/div>\n\t\t\t\t\t<\/div>\n\t\t\t\t\t<\/div>\n\t\t\t\t<\/div>\n\t\t\t\t\t<\/div>\n\t\t<\/div>\n\t\t\t\t\t<\/div>\n\t\t<\/section>\n\t\t\t\t\t<\/div>\n\t\t<\/div>\n\t\t\t\t<div class=\"elementor-column elementor-col-33 elementor-top-column elementor-element elementor-element-62d60125\" data-id=\"62d60125\" data-element_type=\"column\" data-e-type=\"column\">\n\t\t\t<div class=\"elementor-widget-wrap elementor-element-populated\">\n\t\t\t\t\t\t<div class=\"elementor-element elementor-element-fff722a elementor-widget elementor-widget-child_pages_widget\" data-id=\"fff722a\" data-element_type=\"widget\" data-e-type=\"widget\" data-widget_type=\"child_pages_widget.default\">\n\t\t\t\t<div class=\"elementor-widget-container\">\n\t\t\t\t\t<ul class=\"elementor-child-pages-list-items elementor-view-stacked elementor-vertical-align-middle elementor-shape-square\"><li class=\"elementor-child-pages-list-item  child-page-3225 child-page-techniques-de-jonctionnement\"><a href=\"https:\/\/klump.com\/fr\/produits\/courroies-dentees-de-polyurethane\/techniques-de-jonctionnement\/\" class=\"elementor-child-pages-list-ref\" title=\"Techniques de jonctionnement\"><span class=\"elementor-child-pages-content-wrapper\"><span class=\"elementor-child-pages-list-icon elementor-align-icon-left\"><span class=\"elementor-icon\"><i aria-hidden=\"true\" class=\"fas fa-chevron-right\"><\/i><\/span><\/span><span class=\"elementor-child-pages-list-text\">Techniques de jonctionnement<\/span><\/span><\/a><\/li><li class=\"elementor-child-pages-list-item active child-page-3223 child-page-courroies-a-guides-integres\"><a href=\"https:\/\/klump.com\/fr\/produits\/courroies-dentees-de-polyurethane\/courroies-a-guides-integres\/\" class=\"elementor-child-pages-list-ref\" title=\"Courroies \u00e0 guides int\u00e9gr\u00e9s\"><span class=\"elementor-child-pages-content-wrapper\"><span class=\"elementor-child-pages-list-icon elementor-align-icon-left\"><span class=\"elementor-icon\"><i aria-hidden=\"true\" class=\"fas fa-chevron-right\"><\/i><\/span><\/span><span class=\"elementor-child-pages-list-text\">Courroies \u00e0 guides int\u00e9gr\u00e9s<\/span><\/span><\/a><\/li><li class=\"elementor-child-pages-list-item  child-page-3221 child-page-courroies-sans-nez-denroulement\"><a href=\"https:\/\/klump.com\/fr\/produits\/courroies-dentees-de-polyurethane\/courroies-sans-nez-denroulement\/\" class=\"elementor-child-pages-list-ref\" title=\"Courroies sans nez d\u2018enroulement\"><span class=\"elementor-child-pages-content-wrapper\"><span class=\"elementor-child-pages-list-icon elementor-align-icon-left\"><span class=\"elementor-icon\"><i aria-hidden=\"true\" class=\"fas fa-chevron-right\"><\/i><\/span><\/span><span class=\"elementor-child-pages-list-text\">Courroies sans nez d\u2018enroulement<\/span><\/span><\/a><\/li><li class=\"elementor-child-pages-list-item  child-page-3219 child-page-courroies-avec-revetement-en-polyamide\"><a href=\"https:\/\/klump.com\/fr\/produits\/courroies-dentees-de-polyurethane\/courroies-avec-revetement-en-polyamide\/\" class=\"elementor-child-pages-list-ref\" title=\"Courroies avec rev\u00eatement en Polyamide\"><span class=\"elementor-child-pages-content-wrapper\"><span class=\"elementor-child-pages-list-icon elementor-align-icon-left\"><span class=\"elementor-icon\"><i aria-hidden=\"true\" class=\"fas fa-chevron-right\"><\/i><\/span><\/span><span class=\"elementor-child-pages-list-text\">Courroies avec rev\u00eatement en Polyamide<\/span><\/span><\/a><\/li><li class=\"elementor-child-pages-list-item  child-page-3217 child-page-courroies-conformes-aux-normes-ue-secteur-alimentaire\"><a href=\"https:\/\/klump.com\/fr\/produits\/courroies-dentees-de-polyurethane\/courroies-conformes-aux-normes-ue-secteur-alimentaire\/\" class=\"elementor-child-pages-list-ref\" title=\"Courroies conformes aux normes ue \/ Secteur alimentaire\"><span class=\"elementor-child-pages-content-wrapper\"><span class=\"elementor-child-pages-list-icon elementor-align-icon-left\"><span class=\"elementor-icon\"><i aria-hidden=\"true\" class=\"fas fa-chevron-right\"><\/i><\/span><\/span><span class=\"elementor-child-pages-list-text\">Courroies conformes aux normes ue \/ Secteur alimentaire<\/span><\/span><\/a><\/li><li class=\"elementor-child-pages-list-item  child-page-3215 child-page-courroies-avec-cames\"><a href=\"https:\/\/klump.com\/fr\/produits\/courroies-dentees-de-polyurethane\/courroies-avec-cames\/\" class=\"elementor-child-pages-list-ref\" title=\"Courroies avec cames\"><span class=\"elementor-child-pages-content-wrapper\"><span class=\"elementor-child-pages-list-icon elementor-align-icon-left\"><span class=\"elementor-icon\"><i aria-hidden=\"true\" class=\"fas fa-chevron-right\"><\/i><\/span><\/span><span class=\"elementor-child-pages-list-text\">Courroies avec cames<\/span><\/span><\/a><\/li><li class=\"elementor-child-pages-list-item  child-page-3213 child-page-produits-speciaux-revetements\"><a href=\"https:\/\/klump.com\/fr\/produits\/courroies-dentees-de-polyurethane\/produits-speciaux-revetements\/\" class=\"elementor-child-pages-list-ref\" title=\"Produits sp\u00e9ciaux \/ Rev\u00eatements\"><span class=\"elementor-child-pages-content-wrapper\"><span class=\"elementor-child-pages-list-icon elementor-align-icon-left\"><span class=\"elementor-icon\"><i aria-hidden=\"true\" class=\"fas fa-chevron-right\"><\/i><\/span><\/span><span class=\"elementor-child-pages-list-text\">Produits sp\u00e9ciaux \/ Rev\u00eatements<\/span><\/span><\/a><\/li><\/ul>\t\t\t\t<\/div>\n\t\t\t\t<\/div>\n\t\t\t\t\t<\/div>\n\t\t<\/div>\n\t\t\t\t\t<\/div>\n\t\t<\/section>\n\t\t\t\t<\/div>\n\t\t","protected":false},"excerpt":{"rendered":"<p>POUR UN GUIDAGE LIN\u00c9AIRE FIABLE Les courroies dent\u00e9es \u00e0 guides KLUMP sont \u00e9quip\u00e9es d\u2019un guide extrud\u00e9 ou d\u2019un guide en PU soud\u00e9 et garantissent une stabilit\u00e9 en ligne droite. Un d\u00e9calage lat\u00e9ral est exclu. Les guides en PU soud\u00e9s suivants peuvent \u00eatre combin\u00e9s avec tous les types de courroies dent\u00e9es et toutes les largeurs souhait\u00e9es. [&hellip;]<\/p>\n","protected":false},"author":1,"featured_media":0,"parent":3209,"menu_order":2,"comment_status":"closed","ping_status":"closed","template":"","meta":{"footnotes":""},"class_list":["post-3223","page","type-page","status-publish","hentry"],"yoast_head":"<!-- This site is optimized with the Yoast SEO plugin v27.0 - https:\/\/yoast.com\/product\/yoast-seo-wordpress\/ -->\n<title>Courroies \u00e0 guides int\u00e9gr\u00e9s - Ing. H. Dieter Klump GmbH<\/title>\n<meta name=\"robots\" content=\"index, follow, max-snippet:-1, max-image-preview:large, max-video-preview:-1\" \/>\n<link rel=\"canonical\" href=\"https:\/\/klump.com\/fr\/produits\/courroies-dentees-de-polyurethane\/courroies-a-guides-integres\/\" \/>\n<script type=\"application\/ld+json\" class=\"yoast-schema-graph\">{\"@context\":\"https:\/\/schema.org\",\"@graph\":[{\"@type\":\"WebPage\",\"@id\":\"https:\/\/klump.com\/fr\/produits\/courroies-dentees-de-polyurethane\/courroies-a-guides-integres\/\",\"url\":\"https:\/\/klump.com\/fr\/produits\/courroies-dentees-de-polyurethane\/courroies-a-guides-integres\/\",\"name\":\"Courroies \u00e0 guides int\u00e9gr\u00e9s - Ing. H. Dieter Klump GmbH\",\"isPartOf\":{\"@id\":\"https:\/\/klump.com\/fr\/#website\"},\"datePublished\":\"2023-04-24T13:01:21+00:00\",\"dateModified\":\"2023-05-16T13:23:31+00:00\",\"breadcrumb\":{\"@id\":\"https:\/\/klump.com\/fr\/produits\/courroies-dentees-de-polyurethane\/courroies-a-guides-integres\/#breadcrumb\"},\"inLanguage\":\"fr-FR\",\"potentialAction\":[{\"@type\":\"ReadAction\",\"target\":[\"https:\/\/klump.com\/fr\/produits\/courroies-dentees-de-polyurethane\/courroies-a-guides-integres\/\"]}]},{\"@type\":\"BreadcrumbList\",\"@id\":\"https:\/\/klump.com\/fr\/produits\/courroies-dentees-de-polyurethane\/courroies-a-guides-integres\/#breadcrumb\",\"itemListElement\":[{\"@type\":\"ListItem\",\"position\":1,\"name\":\"Startseite\",\"item\":\"https:\/\/klump.com\/fr\/\"},{\"@type\":\"ListItem\",\"position\":2,\"name\":\"Produits\",\"item\":\"https:\/\/klump.com\/fr\/produits\/\"},{\"@type\":\"ListItem\",\"position\":3,\"name\":\"Courroies dent\u00e9es de polyur\u00e9thane\",\"item\":\"https:\/\/klump.com\/fr\/produits\/courroies-dentees-de-polyurethane\/\"},{\"@type\":\"ListItem\",\"position\":4,\"name\":\"Courroies \u00e0 guides int\u00e9gr\u00e9s\"}]},{\"@type\":\"WebSite\",\"@id\":\"https:\/\/klump.com\/fr\/#website\",\"url\":\"https:\/\/klump.com\/fr\/\",\"name\":\"Ing. H. Dieter Klump GmbH\",\"description\":\"Transport- und Antriebstechnik\",\"publisher\":{\"@id\":\"https:\/\/klump.com\/fr\/#organization\"},\"potentialAction\":[{\"@type\":\"SearchAction\",\"target\":{\"@type\":\"EntryPoint\",\"urlTemplate\":\"https:\/\/klump.com\/fr\/?s={search_term_string}\"},\"query-input\":{\"@type\":\"PropertyValueSpecification\",\"valueRequired\":true,\"valueName\":\"search_term_string\"}}],\"inLanguage\":\"fr-FR\"},{\"@type\":\"Organization\",\"@id\":\"https:\/\/klump.com\/fr\/#organization\",\"name\":\"Ing. H. Dieter Klump GmbH\",\"url\":\"https:\/\/klump.com\/fr\/\",\"logo\":{\"@type\":\"ImageObject\",\"inLanguage\":\"fr-FR\",\"@id\":\"https:\/\/klump.com\/fr\/#\/schema\/logo\/image\/\",\"url\":\"https:\/\/klump.com\/wp-content\/uploads\/2023\/04\/klump-logo.png\",\"contentUrl\":\"https:\/\/klump.com\/wp-content\/uploads\/2023\/04\/klump-logo.png\",\"width\":650,\"height\":162,\"caption\":\"Ing. H. Dieter Klump GmbH\"},\"image\":{\"@id\":\"https:\/\/klump.com\/fr\/#\/schema\/logo\/image\/\"}}]}<\/script>\n<!-- \/ Yoast SEO plugin. -->","yoast_head_json":{"title":"Courroies \u00e0 guides int\u00e9gr\u00e9s - Ing. H. Dieter Klump GmbH","robots":{"index":"index","follow":"follow","max-snippet":"max-snippet:-1","max-image-preview":"max-image-preview:large","max-video-preview":"max-video-preview:-1"},"canonical":"https:\/\/klump.com\/fr\/produits\/courroies-dentees-de-polyurethane\/courroies-a-guides-integres\/","schema":{"@context":"https:\/\/schema.org","@graph":[{"@type":"WebPage","@id":"https:\/\/klump.com\/fr\/produits\/courroies-dentees-de-polyurethane\/courroies-a-guides-integres\/","url":"https:\/\/klump.com\/fr\/produits\/courroies-dentees-de-polyurethane\/courroies-a-guides-integres\/","name":"Courroies \u00e0 guides int\u00e9gr\u00e9s - Ing. H. Dieter Klump GmbH","isPartOf":{"@id":"https:\/\/klump.com\/fr\/#website"},"datePublished":"2023-04-24T13:01:21+00:00","dateModified":"2023-05-16T13:23:31+00:00","breadcrumb":{"@id":"https:\/\/klump.com\/fr\/produits\/courroies-dentees-de-polyurethane\/courroies-a-guides-integres\/#breadcrumb"},"inLanguage":"fr-FR","potentialAction":[{"@type":"ReadAction","target":["https:\/\/klump.com\/fr\/produits\/courroies-dentees-de-polyurethane\/courroies-a-guides-integres\/"]}]},{"@type":"BreadcrumbList","@id":"https:\/\/klump.com\/fr\/produits\/courroies-dentees-de-polyurethane\/courroies-a-guides-integres\/#breadcrumb","itemListElement":[{"@type":"ListItem","position":1,"name":"Startseite","item":"https:\/\/klump.com\/fr\/"},{"@type":"ListItem","position":2,"name":"Produits","item":"https:\/\/klump.com\/fr\/produits\/"},{"@type":"ListItem","position":3,"name":"Courroies dent\u00e9es de polyur\u00e9thane","item":"https:\/\/klump.com\/fr\/produits\/courroies-dentees-de-polyurethane\/"},{"@type":"ListItem","position":4,"name":"Courroies \u00e0 guides int\u00e9gr\u00e9s"}]},{"@type":"WebSite","@id":"https:\/\/klump.com\/fr\/#website","url":"https:\/\/klump.com\/fr\/","name":"Ing. H. Dieter Klump GmbH","description":"Transport- und Antriebstechnik","publisher":{"@id":"https:\/\/klump.com\/fr\/#organization"},"potentialAction":[{"@type":"SearchAction","target":{"@type":"EntryPoint","urlTemplate":"https:\/\/klump.com\/fr\/?s={search_term_string}"},"query-input":{"@type":"PropertyValueSpecification","valueRequired":true,"valueName":"search_term_string"}}],"inLanguage":"fr-FR"},{"@type":"Organization","@id":"https:\/\/klump.com\/fr\/#organization","name":"Ing. H. Dieter Klump GmbH","url":"https:\/\/klump.com\/fr\/","logo":{"@type":"ImageObject","inLanguage":"fr-FR","@id":"https:\/\/klump.com\/fr\/#\/schema\/logo\/image\/","url":"https:\/\/klump.com\/wp-content\/uploads\/2023\/04\/klump-logo.png","contentUrl":"https:\/\/klump.com\/wp-content\/uploads\/2023\/04\/klump-logo.png","width":650,"height":162,"caption":"Ing. H. Dieter Klump GmbH"},"image":{"@id":"https:\/\/klump.com\/fr\/#\/schema\/logo\/image\/"}}]}},"_links":{"self":[{"href":"https:\/\/klump.com\/fr\/wp-json\/wp\/v2\/pages\/3223","targetHints":{"allow":["GET"]}}],"collection":[{"href":"https:\/\/klump.com\/fr\/wp-json\/wp\/v2\/pages"}],"about":[{"href":"https:\/\/klump.com\/fr\/wp-json\/wp\/v2\/types\/page"}],"author":[{"embeddable":true,"href":"https:\/\/klump.com\/fr\/wp-json\/wp\/v2\/users\/1"}],"replies":[{"embeddable":true,"href":"https:\/\/klump.com\/fr\/wp-json\/wp\/v2\/comments?post=3223"}],"version-history":[{"count":1,"href":"https:\/\/klump.com\/fr\/wp-json\/wp\/v2\/pages\/3223\/revisions"}],"predecessor-version":[{"id":3224,"href":"https:\/\/klump.com\/fr\/wp-json\/wp\/v2\/pages\/3223\/revisions\/3224"}],"up":[{"embeddable":true,"href":"https:\/\/klump.com\/fr\/wp-json\/wp\/v2\/pages\/3209"}],"wp:attachment":[{"href":"https:\/\/klump.com\/fr\/wp-json\/wp\/v2\/media?parent=3223"}],"curies":[{"name":"wp","href":"https:\/\/api.w.org\/{rel}","templated":true}]}}