{"id":3219,"date":"2023-04-24T13:00:44","date_gmt":"2023-04-24T13:00:44","guid":{"rendered":"https:\/\/dev.klump.com\/courroies-dentees-de-polyurethane\/courroies-avec-revetement-en-polyamide\/"},"modified":"2023-05-16T13:20:15","modified_gmt":"2023-05-16T13:20:15","slug":"courroies-avec-revetement-en-polyamide","status":"publish","type":"page","link":"https:\/\/klump.com\/fr\/produits\/courroies-dentees-de-polyurethane\/courroies-avec-revetement-en-polyamide\/","title":{"rendered":"Courroies avec rev\u00eatement en Polyamide"},"content":{"rendered":"\t\t<div data-elementor-type=\"wp-page\" data-elementor-id=\"3219\" class=\"elementor elementor-3219 elementor-786\" data-elementor-post-type=\"page\">\n\t\t\t\t\t\t<section class=\"elementor-section elementor-top-section elementor-element elementor-element-1f0a65e elementor-section-boxed elementor-section-height-default elementor-section-height-default\" data-id=\"1f0a65e\" data-element_type=\"section\" data-e-type=\"section\">\n\t\t\t\t\t\t<div class=\"elementor-container elementor-column-gap-default\">\n\t\t\t\t\t<div class=\"elementor-column elementor-col-66 elementor-top-column elementor-element elementor-element-9089ff5\" data-id=\"9089ff5\" data-element_type=\"column\" data-e-type=\"column\">\n\t\t\t<div class=\"elementor-widget-wrap elementor-element-populated\">\n\t\t\t\t\t\t<section class=\"elementor-section elementor-inner-section elementor-element elementor-element-6501b78 elementor-section-boxed elementor-section-height-default elementor-section-height-default\" data-id=\"6501b78\" data-element_type=\"section\" data-e-type=\"section\">\n\t\t\t\t\t\t<div class=\"elementor-container elementor-column-gap-default\">\n\t\t\t\t\t<div class=\"elementor-column elementor-col-100 elementor-inner-column elementor-element elementor-element-e32729a\" data-id=\"e32729a\" data-element_type=\"column\" data-e-type=\"column\">\n\t\t\t<div class=\"elementor-widget-wrap elementor-element-populated\">\n\t\t\t\t\t\t<div class=\"elementor-element elementor-element-b5cd3d1 elementor-widget elementor-widget-heading\" data-id=\"b5cd3d1\" data-element_type=\"widget\" data-e-type=\"widget\" data-widget_type=\"heading.default\">\n\t\t\t\t<div class=\"elementor-widget-container\">\n\t\t\t\t\t<h2 class=\"elementor-heading-title elementor-size-default\">RESISTANTES A L\u2019USURE ET SILENCIEUSES<\/h2>\t\t\t\t<\/div>\n\t\t\t\t<\/div>\n\t\t\t\t<div class=\"elementor-element elementor-element-a484581 elementor-widget elementor-widget-text-editor\" data-id=\"a484581\" data-element_type=\"widget\" data-e-type=\"widget\" data-widget_type=\"text-editor.default\">\n\t\t\t\t<div class=\"elementor-widget-container\">\n\t\t\t\t\t\t\t\t\t<p>Sur demande, les courroies dent\u00e9es KLUMP peuvent \u00eatre \u00e9quip\u00e9es d\u2019un rev\u00eatement en polyamide suppl\u00e9mentaire sur le c\u00f4t\u00e9 dent (PAZ) et \/ ou arri\u00e8re (PAR) et offrent les avantages suivants:<\/p>\n\t\t\t\t\t\t\t\t<\/div>\n\t\t\t\t<\/div>\n\t\t\t\t<div class=\"elementor-element elementor-element-5a02f11 elementor-icon-list--layout-traditional elementor-list-item-link-full_width elementor-widget elementor-widget-icon-list\" data-id=\"5a02f11\" data-element_type=\"widget\" data-e-type=\"widget\" data-widget_type=\"icon-list.default\">\n\t\t\t\t<div class=\"elementor-widget-container\">\n\t\t\t\t\t\t\t<ul class=\"elementor-icon-list-items\">\n\t\t\t\t\t\t\t<li class=\"elementor-icon-list-item\">\n\t\t\t\t\t\t\t\t\t\t\t<span class=\"elementor-icon-list-icon\">\n\t\t\t\t\t\t\t<i aria-hidden=\"true\" class=\"fas fa-chevron-circle-right\"><\/i>\t\t\t\t\t\t<\/span>\n\t\t\t\t\t\t\t\t\t\t<span class=\"elementor-icon-list-text\">Faible coefficient de frottement sur la partie dent\u00e9e<\/span>\n\t\t\t\t\t\t\t\t\t<\/li>\n\t\t\t\t\t\t\t\t<li class=\"elementor-icon-list-item\">\n\t\t\t\t\t\t\t\t\t\t\t<span class=\"elementor-icon-list-icon\">\n\t\t\t\t\t\t\t<i aria-hidden=\"true\" class=\"fas fa-chevron-circle-right\"><\/i>\t\t\t\t\t\t<\/span>\n\t\t\t\t\t\t\t\t\t\t<span class=\"elementor-icon-list-text\">Faible niveau de bruit<\/span>\n\t\t\t\t\t\t\t\t\t<\/li>\n\t\t\t\t\t\t\t\t<li class=\"elementor-icon-list-item\">\n\t\t\t\t\t\t\t\t\t\t\t<span class=\"elementor-icon-list-icon\">\n\t\t\t\t\t\t\t<i aria-hidden=\"true\" class=\"fas fa-chevron-circle-right\"><\/i>\t\t\t\t\t\t<\/span>\n\t\t\t\t\t\t\t\t\t\t<span class=\"elementor-icon-list-text\">R\u00e9sistance \u00e0 l\u2018usure<\/span>\n\t\t\t\t\t\t\t\t\t<\/li>\n\t\t\t\t\t\t\t\t<li class=\"elementor-icon-list-item\">\n\t\t\t\t\t\t\t\t\t\t\t<span class=\"elementor-icon-list-icon\">\n\t\t\t\t\t\t\t<i aria-hidden=\"true\" class=\"fas fa-chevron-circle-right\"><\/i>\t\t\t\t\t\t<\/span>\n\t\t\t\t\t\t\t\t\t\t<span class=\"elementor-icon-list-text\">Accumulation et possibilit\u00e9 de transfert lat\u00e9ral lorsque le polyamide est appliqu\u00e9 sur la partie arri\u00e8re<\/span>\n\t\t\t\t\t\t\t\t\t<\/li>\n\t\t\t\t\t\t\t\t<li class=\"elementor-icon-list-item\">\n\t\t\t\t\t\t\t\t\t\t\t<span class=\"elementor-icon-list-icon\">\n\t\t\t\t\t\t\t<i aria-hidden=\"true\" class=\"fas fa-chevron-circle-right\"><\/i>\t\t\t\t\t\t<\/span>\n\t\t\t\t\t\t\t\t\t\t<span class=\"elementor-icon-list-text\">Possibilit\u00e9 de rev\u00eatement polyamide antistatique<\/span>\n\t\t\t\t\t\t\t\t\t<\/li>\n\t\t\t\t\t\t<\/ul>\n\t\t\t\t\t\t<\/div>\n\t\t\t\t<\/div>\n\t\t\t\t<div class=\"elementor-element elementor-element-377af37 elementor-widget elementor-widget-text-editor\" data-id=\"377af37\" data-element_type=\"widget\" data-e-type=\"widget\" data-widget_type=\"text-editor.default\">\n\t\t\t\t<div class=\"elementor-widget-container\">\n\t\t\t\t\t\t\t\t\t<p>D\u2019autres rev\u00eatements arri\u00e8re tels que : PVC, PU, caoutchouc, silicone, cuir, feutre et autres mat\u00e9riaux font \u00e9galement partie de notre programme de production.<\/p>\n\t\t\t\t\t\t\t\t<\/div>\n\t\t\t\t<\/div>\n\t\t\t\t<div class=\"elementor-element elementor-element-657c10f elementor-widget elementor-widget-gallery\" data-id=\"657c10f\" data-element_type=\"widget\" data-e-type=\"widget\" data-settings=\"{&quot;columns&quot;:2,&quot;lazyload&quot;:&quot;yes&quot;,&quot;gallery_layout&quot;:&quot;grid&quot;,&quot;columns_tablet&quot;:2,&quot;columns_mobile&quot;:1,&quot;gap&quot;:{&quot;unit&quot;:&quot;px&quot;,&quot;size&quot;:10,&quot;sizes&quot;:[]},&quot;gap_tablet&quot;:{&quot;unit&quot;:&quot;px&quot;,&quot;size&quot;:10,&quot;sizes&quot;:[]},&quot;gap_mobile&quot;:{&quot;unit&quot;:&quot;px&quot;,&quot;size&quot;:10,&quot;sizes&quot;:[]},&quot;link_to&quot;:&quot;file&quot;,&quot;aspect_ratio&quot;:&quot;3:2&quot;,&quot;content_hover_animation&quot;:&quot;fade-in&quot;}\" data-widget_type=\"gallery.default\">\n\t\t\t\t<div class=\"elementor-widget-container\">\n\t\t\t\t\t\t\t<div class=\"elementor-gallery__container\">\n\t\t\t\t\t\t\t<a class=\"e-gallery-item elementor-gallery-item elementor-animated-content\" href=\"https:\/\/klump.com\/wp-content\/uploads\/2023\/05\/31103-1200.jpg\" data-elementor-open-lightbox=\"yes\" data-elementor-lightbox-slideshow=\"657c10f\" data-elementor-lightbox-title=\"31103-1200\" data-e-action-hash=\"#elementor-action%3Aaction%3Dlightbox%26settings%3DeyJpZCI6MjU1MywidXJsIjoiaHR0cHM6XC9cL2tsdW1wLmNvbVwvd3AtY29udGVudFwvdXBsb2Fkc1wvMjAyM1wvMDVcLzMxMTAzLTEyMDAuanBnIiwic2xpZGVzaG93IjoiNjU3YzEwZiJ9\">\n\t\t\t\t\t<div class=\"e-gallery-image elementor-gallery-item__image\" data-thumbnail=\"https:\/\/klump.com\/wp-content\/uploads\/2023\/05\/31103-1200-1024x768.jpg\" data-width=\"800\" data-height=\"600\" aria-label=\"\" role=\"img\" ><\/div>\n\t\t\t\t\t\t\t\t\t\t\t\t\t\t<\/a>\n\t\t\t\t\t\t\t<a class=\"e-gallery-item elementor-gallery-item elementor-animated-content\" href=\"https:\/\/klump.com\/wp-content\/uploads\/2023\/05\/31111-1200.jpg\" data-elementor-open-lightbox=\"yes\" data-elementor-lightbox-slideshow=\"657c10f\" data-elementor-lightbox-title=\"31111-1200\" data-e-action-hash=\"#elementor-action%3Aaction%3Dlightbox%26settings%3DeyJpZCI6MjU1NSwidXJsIjoiaHR0cHM6XC9cL2tsdW1wLmNvbVwvd3AtY29udGVudFwvdXBsb2Fkc1wvMjAyM1wvMDVcLzMxMTExLTEyMDAuanBnIiwic2xpZGVzaG93IjoiNjU3YzEwZiJ9\">\n\t\t\t\t\t<div class=\"e-gallery-image elementor-gallery-item__image\" data-thumbnail=\"https:\/\/klump.com\/wp-content\/uploads\/2023\/05\/31111-1200-1024x767.jpg\" data-width=\"800\" data-height=\"599\" aria-label=\"\" role=\"img\" ><\/div>\n\t\t\t\t\t\t\t\t\t\t\t\t\t\t<\/a>\n\t\t\t\t\t<\/div>\n\t\t\t\t\t<\/div>\n\t\t\t\t<\/div>\n\t\t\t\t\t<\/div>\n\t\t<\/div>\n\t\t\t\t\t<\/div>\n\t\t<\/section>\n\t\t\t\t\t<\/div>\n\t\t<\/div>\n\t\t\t\t<div class=\"elementor-column elementor-col-33 elementor-top-column elementor-element elementor-element-d8175d9\" data-id=\"d8175d9\" data-element_type=\"column\" data-e-type=\"column\">\n\t\t\t<div class=\"elementor-widget-wrap elementor-element-populated\">\n\t\t\t\t\t\t<div class=\"elementor-element elementor-element-8dd53d1 elementor-widget elementor-widget-child_pages_widget\" data-id=\"8dd53d1\" data-element_type=\"widget\" data-e-type=\"widget\" data-widget_type=\"child_pages_widget.default\">\n\t\t\t\t<div class=\"elementor-widget-container\">\n\t\t\t\t\t<ul class=\"elementor-child-pages-list-items elementor-view-stacked elementor-vertical-align-middle elementor-shape-square\"><li class=\"elementor-child-pages-list-item  child-page-3225 child-page-techniques-de-jonctionnement\"><a href=\"https:\/\/klump.com\/fr\/produits\/courroies-dentees-de-polyurethane\/techniques-de-jonctionnement\/\" class=\"elementor-child-pages-list-ref\" title=\"Techniques de jonctionnement\"><span class=\"elementor-child-pages-content-wrapper\"><span class=\"elementor-child-pages-list-icon elementor-align-icon-left\"><span class=\"elementor-icon\"><i aria-hidden=\"true\" class=\"fas fa-chevron-right\"><\/i><\/span><\/span><span class=\"elementor-child-pages-list-text\">Techniques de jonctionnement<\/span><\/span><\/a><\/li><li class=\"elementor-child-pages-list-item  child-page-3223 child-page-courroies-a-guides-integres\"><a href=\"https:\/\/klump.com\/fr\/produits\/courroies-dentees-de-polyurethane\/courroies-a-guides-integres\/\" class=\"elementor-child-pages-list-ref\" title=\"Courroies \u00e0 guides int\u00e9gr\u00e9s\"><span class=\"elementor-child-pages-content-wrapper\"><span class=\"elementor-child-pages-list-icon elementor-align-icon-left\"><span class=\"elementor-icon\"><i aria-hidden=\"true\" class=\"fas fa-chevron-right\"><\/i><\/span><\/span><span class=\"elementor-child-pages-list-text\">Courroies \u00e0 guides int\u00e9gr\u00e9s<\/span><\/span><\/a><\/li><li class=\"elementor-child-pages-list-item  child-page-3221 child-page-courroies-sans-nez-denroulement\"><a href=\"https:\/\/klump.com\/fr\/produits\/courroies-dentees-de-polyurethane\/courroies-sans-nez-denroulement\/\" class=\"elementor-child-pages-list-ref\" title=\"Courroies sans nez d\u2018enroulement\"><span class=\"elementor-child-pages-content-wrapper\"><span class=\"elementor-child-pages-list-icon elementor-align-icon-left\"><span class=\"elementor-icon\"><i aria-hidden=\"true\" class=\"fas fa-chevron-right\"><\/i><\/span><\/span><span class=\"elementor-child-pages-list-text\">Courroies sans nez d\u2018enroulement<\/span><\/span><\/a><\/li><li class=\"elementor-child-pages-list-item active child-page-3219 child-page-courroies-avec-revetement-en-polyamide\"><a href=\"https:\/\/klump.com\/fr\/produits\/courroies-dentees-de-polyurethane\/courroies-avec-revetement-en-polyamide\/\" class=\"elementor-child-pages-list-ref\" title=\"Courroies avec rev\u00eatement en Polyamide\"><span class=\"elementor-child-pages-content-wrapper\"><span class=\"elementor-child-pages-list-icon elementor-align-icon-left\"><span class=\"elementor-icon\"><i aria-hidden=\"true\" class=\"fas fa-chevron-right\"><\/i><\/span><\/span><span class=\"elementor-child-pages-list-text\">Courroies avec rev\u00eatement en Polyamide<\/span><\/span><\/a><\/li><li class=\"elementor-child-pages-list-item  child-page-3217 child-page-courroies-conformes-aux-normes-ue-secteur-alimentaire\"><a href=\"https:\/\/klump.com\/fr\/produits\/courroies-dentees-de-polyurethane\/courroies-conformes-aux-normes-ue-secteur-alimentaire\/\" class=\"elementor-child-pages-list-ref\" title=\"Courroies conformes aux normes ue \/ Secteur alimentaire\"><span class=\"elementor-child-pages-content-wrapper\"><span class=\"elementor-child-pages-list-icon elementor-align-icon-left\"><span class=\"elementor-icon\"><i aria-hidden=\"true\" class=\"fas fa-chevron-right\"><\/i><\/span><\/span><span class=\"elementor-child-pages-list-text\">Courroies conformes aux normes ue \/ Secteur alimentaire<\/span><\/span><\/a><\/li><li class=\"elementor-child-pages-list-item  child-page-3215 child-page-courroies-avec-cames\"><a href=\"https:\/\/klump.com\/fr\/produits\/courroies-dentees-de-polyurethane\/courroies-avec-cames\/\" class=\"elementor-child-pages-list-ref\" title=\"Courroies avec cames\"><span class=\"elementor-child-pages-content-wrapper\"><span class=\"elementor-child-pages-list-icon elementor-align-icon-left\"><span class=\"elementor-icon\"><i aria-hidden=\"true\" class=\"fas fa-chevron-right\"><\/i><\/span><\/span><span class=\"elementor-child-pages-list-text\">Courroies avec cames<\/span><\/span><\/a><\/li><li class=\"elementor-child-pages-list-item  child-page-3213 child-page-produits-speciaux-revetements\"><a href=\"https:\/\/klump.com\/fr\/produits\/courroies-dentees-de-polyurethane\/produits-speciaux-revetements\/\" class=\"elementor-child-pages-list-ref\" title=\"Produits sp\u00e9ciaux \/ Rev\u00eatements\"><span class=\"elementor-child-pages-content-wrapper\"><span class=\"elementor-child-pages-list-icon elementor-align-icon-left\"><span class=\"elementor-icon\"><i aria-hidden=\"true\" class=\"fas fa-chevron-right\"><\/i><\/span><\/span><span class=\"elementor-child-pages-list-text\">Produits sp\u00e9ciaux \/ Rev\u00eatements<\/span><\/span><\/a><\/li><\/ul>\t\t\t\t<\/div>\n\t\t\t\t<\/div>\n\t\t\t\t\t<\/div>\n\t\t<\/div>\n\t\t\t\t\t<\/div>\n\t\t<\/section>\n\t\t\t\t<\/div>\n\t\t","protected":false},"excerpt":{"rendered":"<p>RESISTANTES A L\u2019USURE ET SILENCIEUSES Sur demande, les courroies dent\u00e9es KLUMP peuvent \u00eatre \u00e9quip\u00e9es d\u2019un rev\u00eatement en polyamide suppl\u00e9mentaire sur le c\u00f4t\u00e9 dent (PAZ) et \/ ou arri\u00e8re (PAR) et offrent les avantages suivants: Faible coefficient de frottement sur la partie dent\u00e9e Faible niveau de bruit R\u00e9sistance \u00e0 l\u2018usure Accumulation et possibilit\u00e9 de transfert lat\u00e9ral [&hellip;]<\/p>\n","protected":false},"author":1,"featured_media":0,"parent":3209,"menu_order":4,"comment_status":"closed","ping_status":"closed","template":"","meta":{"footnotes":""},"class_list":["post-3219","page","type-page","status-publish","hentry"],"yoast_head":"<!-- This site is optimized with the Yoast SEO plugin v27.0 - https:\/\/yoast.com\/product\/yoast-seo-wordpress\/ -->\n<title>Courroies avec rev\u00eatement en Polyamide - Ing. H. Dieter Klump GmbH<\/title>\n<meta name=\"robots\" content=\"index, follow, max-snippet:-1, max-image-preview:large, max-video-preview:-1\" \/>\n<link rel=\"canonical\" href=\"https:\/\/klump.com\/fr\/produits\/courroies-dentees-de-polyurethane\/courroies-avec-revetement-en-polyamide\/\" \/>\n<script type=\"application\/ld+json\" class=\"yoast-schema-graph\">{\"@context\":\"https:\/\/schema.org\",\"@graph\":[{\"@type\":\"WebPage\",\"@id\":\"https:\/\/klump.com\/fr\/produits\/courroies-dentees-de-polyurethane\/courroies-avec-revetement-en-polyamide\/\",\"url\":\"https:\/\/klump.com\/fr\/produits\/courroies-dentees-de-polyurethane\/courroies-avec-revetement-en-polyamide\/\",\"name\":\"Courroies avec rev\u00eatement en Polyamide - Ing. H. Dieter Klump GmbH\",\"isPartOf\":{\"@id\":\"https:\/\/klump.com\/fr\/#website\"},\"datePublished\":\"2023-04-24T13:00:44+00:00\",\"dateModified\":\"2023-05-16T13:20:15+00:00\",\"breadcrumb\":{\"@id\":\"https:\/\/klump.com\/fr\/produits\/courroies-dentees-de-polyurethane\/courroies-avec-revetement-en-polyamide\/#breadcrumb\"},\"inLanguage\":\"fr-FR\",\"potentialAction\":[{\"@type\":\"ReadAction\",\"target\":[\"https:\/\/klump.com\/fr\/produits\/courroies-dentees-de-polyurethane\/courroies-avec-revetement-en-polyamide\/\"]}]},{\"@type\":\"BreadcrumbList\",\"@id\":\"https:\/\/klump.com\/fr\/produits\/courroies-dentees-de-polyurethane\/courroies-avec-revetement-en-polyamide\/#breadcrumb\",\"itemListElement\":[{\"@type\":\"ListItem\",\"position\":1,\"name\":\"Startseite\",\"item\":\"https:\/\/klump.com\/fr\/\"},{\"@type\":\"ListItem\",\"position\":2,\"name\":\"Produits\",\"item\":\"https:\/\/klump.com\/fr\/produits\/\"},{\"@type\":\"ListItem\",\"position\":3,\"name\":\"Courroies dent\u00e9es de polyur\u00e9thane\",\"item\":\"https:\/\/klump.com\/fr\/produits\/courroies-dentees-de-polyurethane\/\"},{\"@type\":\"ListItem\",\"position\":4,\"name\":\"Courroies avec rev\u00eatement en Polyamide\"}]},{\"@type\":\"WebSite\",\"@id\":\"https:\/\/klump.com\/fr\/#website\",\"url\":\"https:\/\/klump.com\/fr\/\",\"name\":\"Ing. H. Dieter Klump GmbH\",\"description\":\"Transport- und Antriebstechnik\",\"publisher\":{\"@id\":\"https:\/\/klump.com\/fr\/#organization\"},\"potentialAction\":[{\"@type\":\"SearchAction\",\"target\":{\"@type\":\"EntryPoint\",\"urlTemplate\":\"https:\/\/klump.com\/fr\/?s={search_term_string}\"},\"query-input\":{\"@type\":\"PropertyValueSpecification\",\"valueRequired\":true,\"valueName\":\"search_term_string\"}}],\"inLanguage\":\"fr-FR\"},{\"@type\":\"Organization\",\"@id\":\"https:\/\/klump.com\/fr\/#organization\",\"name\":\"Ing. H. Dieter Klump GmbH\",\"url\":\"https:\/\/klump.com\/fr\/\",\"logo\":{\"@type\":\"ImageObject\",\"inLanguage\":\"fr-FR\",\"@id\":\"https:\/\/klump.com\/fr\/#\/schema\/logo\/image\/\",\"url\":\"https:\/\/klump.com\/wp-content\/uploads\/2023\/04\/klump-logo.png\",\"contentUrl\":\"https:\/\/klump.com\/wp-content\/uploads\/2023\/04\/klump-logo.png\",\"width\":650,\"height\":162,\"caption\":\"Ing. H. Dieter Klump GmbH\"},\"image\":{\"@id\":\"https:\/\/klump.com\/fr\/#\/schema\/logo\/image\/\"}}]}<\/script>\n<!-- \/ Yoast SEO plugin. -->","yoast_head_json":{"title":"Courroies avec rev\u00eatement en Polyamide - Ing. H. Dieter Klump GmbH","robots":{"index":"index","follow":"follow","max-snippet":"max-snippet:-1","max-image-preview":"max-image-preview:large","max-video-preview":"max-video-preview:-1"},"canonical":"https:\/\/klump.com\/fr\/produits\/courroies-dentees-de-polyurethane\/courroies-avec-revetement-en-polyamide\/","schema":{"@context":"https:\/\/schema.org","@graph":[{"@type":"WebPage","@id":"https:\/\/klump.com\/fr\/produits\/courroies-dentees-de-polyurethane\/courroies-avec-revetement-en-polyamide\/","url":"https:\/\/klump.com\/fr\/produits\/courroies-dentees-de-polyurethane\/courroies-avec-revetement-en-polyamide\/","name":"Courroies avec rev\u00eatement en Polyamide - Ing. H. Dieter Klump GmbH","isPartOf":{"@id":"https:\/\/klump.com\/fr\/#website"},"datePublished":"2023-04-24T13:00:44+00:00","dateModified":"2023-05-16T13:20:15+00:00","breadcrumb":{"@id":"https:\/\/klump.com\/fr\/produits\/courroies-dentees-de-polyurethane\/courroies-avec-revetement-en-polyamide\/#breadcrumb"},"inLanguage":"fr-FR","potentialAction":[{"@type":"ReadAction","target":["https:\/\/klump.com\/fr\/produits\/courroies-dentees-de-polyurethane\/courroies-avec-revetement-en-polyamide\/"]}]},{"@type":"BreadcrumbList","@id":"https:\/\/klump.com\/fr\/produits\/courroies-dentees-de-polyurethane\/courroies-avec-revetement-en-polyamide\/#breadcrumb","itemListElement":[{"@type":"ListItem","position":1,"name":"Startseite","item":"https:\/\/klump.com\/fr\/"},{"@type":"ListItem","position":2,"name":"Produits","item":"https:\/\/klump.com\/fr\/produits\/"},{"@type":"ListItem","position":3,"name":"Courroies dent\u00e9es de polyur\u00e9thane","item":"https:\/\/klump.com\/fr\/produits\/courroies-dentees-de-polyurethane\/"},{"@type":"ListItem","position":4,"name":"Courroies avec rev\u00eatement en Polyamide"}]},{"@type":"WebSite","@id":"https:\/\/klump.com\/fr\/#website","url":"https:\/\/klump.com\/fr\/","name":"Ing. H. Dieter Klump GmbH","description":"Transport- und Antriebstechnik","publisher":{"@id":"https:\/\/klump.com\/fr\/#organization"},"potentialAction":[{"@type":"SearchAction","target":{"@type":"EntryPoint","urlTemplate":"https:\/\/klump.com\/fr\/?s={search_term_string}"},"query-input":{"@type":"PropertyValueSpecification","valueRequired":true,"valueName":"search_term_string"}}],"inLanguage":"fr-FR"},{"@type":"Organization","@id":"https:\/\/klump.com\/fr\/#organization","name":"Ing. H. Dieter Klump GmbH","url":"https:\/\/klump.com\/fr\/","logo":{"@type":"ImageObject","inLanguage":"fr-FR","@id":"https:\/\/klump.com\/fr\/#\/schema\/logo\/image\/","url":"https:\/\/klump.com\/wp-content\/uploads\/2023\/04\/klump-logo.png","contentUrl":"https:\/\/klump.com\/wp-content\/uploads\/2023\/04\/klump-logo.png","width":650,"height":162,"caption":"Ing. H. Dieter Klump GmbH"},"image":{"@id":"https:\/\/klump.com\/fr\/#\/schema\/logo\/image\/"}}]}},"_links":{"self":[{"href":"https:\/\/klump.com\/fr\/wp-json\/wp\/v2\/pages\/3219","targetHints":{"allow":["GET"]}}],"collection":[{"href":"https:\/\/klump.com\/fr\/wp-json\/wp\/v2\/pages"}],"about":[{"href":"https:\/\/klump.com\/fr\/wp-json\/wp\/v2\/types\/page"}],"author":[{"embeddable":true,"href":"https:\/\/klump.com\/fr\/wp-json\/wp\/v2\/users\/1"}],"replies":[{"embeddable":true,"href":"https:\/\/klump.com\/fr\/wp-json\/wp\/v2\/comments?post=3219"}],"version-history":[{"count":1,"href":"https:\/\/klump.com\/fr\/wp-json\/wp\/v2\/pages\/3219\/revisions"}],"predecessor-version":[{"id":3220,"href":"https:\/\/klump.com\/fr\/wp-json\/wp\/v2\/pages\/3219\/revisions\/3220"}],"up":[{"embeddable":true,"href":"https:\/\/klump.com\/fr\/wp-json\/wp\/v2\/pages\/3209"}],"wp:attachment":[{"href":"https:\/\/klump.com\/fr\/wp-json\/wp\/v2\/media?parent=3219"}],"curies":[{"name":"wp","href":"https:\/\/api.w.org\/{rel}","templated":true}]}}