{"id":3217,"date":"2023-04-24T13:00:28","date_gmt":"2023-04-24T13:00:28","guid":{"rendered":"https:\/\/dev.klump.com\/courroies-dentees-de-polyurethane\/courroies-conformes-aux-normes-ue-secteur-alimentaire\/"},"modified":"2023-05-16T13:18:06","modified_gmt":"2023-05-16T13:18:06","slug":"courroies-conformes-aux-normes-ue-secteur-alimentaire","status":"publish","type":"page","link":"https:\/\/klump.com\/fr\/produits\/courroies-dentees-de-polyurethane\/courroies-conformes-aux-normes-ue-secteur-alimentaire\/","title":{"rendered":"Courroies conformes aux normes ue \/ Secteur alimentaire"},"content":{"rendered":"\t\t<div data-elementor-type=\"wp-page\" data-elementor-id=\"3217\" class=\"elementor elementor-3217 elementor-784\" data-elementor-post-type=\"page\">\n\t\t\t\t\t\t<section class=\"elementor-section elementor-top-section elementor-element elementor-element-08c2d47 elementor-section-boxed elementor-section-height-default elementor-section-height-default\" data-id=\"08c2d47\" data-element_type=\"section\" data-e-type=\"section\">\n\t\t\t\t\t\t<div class=\"elementor-container elementor-column-gap-default\">\n\t\t\t\t\t<div class=\"elementor-column elementor-col-66 elementor-top-column elementor-element elementor-element-a01d19d\" data-id=\"a01d19d\" data-element_type=\"column\" data-e-type=\"column\">\n\t\t\t<div class=\"elementor-widget-wrap elementor-element-populated\">\n\t\t\t\t\t\t<section class=\"elementor-section elementor-inner-section elementor-element elementor-element-5d6b579 elementor-section-boxed elementor-section-height-default elementor-section-height-default\" data-id=\"5d6b579\" data-element_type=\"section\" data-e-type=\"section\">\n\t\t\t\t\t\t<div class=\"elementor-container elementor-column-gap-default\">\n\t\t\t\t\t<div class=\"elementor-column elementor-col-100 elementor-inner-column elementor-element elementor-element-ac9a13b\" data-id=\"ac9a13b\" data-element_type=\"column\" data-e-type=\"column\">\n\t\t\t<div class=\"elementor-widget-wrap elementor-element-populated\">\n\t\t\t\t\t\t<div class=\"elementor-element elementor-element-81f640a elementor-widget elementor-widget-heading\" data-id=\"81f640a\" data-element_type=\"widget\" data-e-type=\"widget\" data-widget_type=\"heading.default\">\n\t\t\t\t<div class=\"elementor-widget-container\">\n\t\t\t\t\t<h2 class=\"elementor-heading-title elementor-size-default\">COURROIES SP\u00c9CIALES POUR LES ENVIRONNEMENTS HUMIDES<\/h2>\t\t\t\t<\/div>\n\t\t\t\t<\/div>\n\t\t\t\t<div class=\"elementor-element elementor-element-f9d6c39 elementor-widget elementor-widget-text-editor\" data-id=\"f9d6c39\" data-element_type=\"widget\" data-e-type=\"widget\" data-widget_type=\"text-editor.default\">\n\t\t\t\t<div class=\"elementor-widget-container\">\n\t\t\t\t\t\t\t\t\t<p>Les courroies dent\u00e9es KLUMP destin\u00e9es \u00e0 l\u2019industrie alimentaire sont fabriqu\u00e9es dans des mat\u00e9riaux PUR conformes aux normes europ\u00e9ennes et ne comportent pas de nez d\u2019enroulement. Ainsi, ces courroies sp\u00e9ciales sont id\u00e9ales pour une utilisation dans les environnements humides.<\/p>\n\t\t\t\t\t\t\t\t<\/div>\n\t\t\t\t<\/div>\n\t\t\t\t<div class=\"elementor-element elementor-element-75e9f99 elementor-widget elementor-widget-image\" data-id=\"75e9f99\" data-element_type=\"widget\" data-e-type=\"widget\" data-widget_type=\"image.default\">\n\t\t\t\t<div class=\"elementor-widget-container\">\n\t\t\t\t\t\t\t\t\t\t\t\t\t\t\t<img fetchpriority=\"high\" decoding=\"async\" width=\"800\" height=\"600\" src=\"https:\/\/klump.com\/wp-content\/uploads\/2023\/05\/31037-1200-1024x768.jpg\" class=\"attachment-large size-large wp-image-2557\" alt=\"\" srcset=\"https:\/\/klump.com\/wp-content\/uploads\/2023\/05\/31037-1200-1024x768.jpg 1024w, https:\/\/klump.com\/wp-content\/uploads\/2023\/05\/31037-1200-300x225.jpg 300w, https:\/\/klump.com\/wp-content\/uploads\/2023\/05\/31037-1200-768x576.jpg 768w, https:\/\/klump.com\/wp-content\/uploads\/2023\/05\/31037-1200.jpg 1200w\" sizes=\"(max-width: 800px) 100vw, 800px\" \/>\t\t\t\t\t\t\t\t\t\t\t\t\t\t\t<\/div>\n\t\t\t\t<\/div>\n\t\t\t\t\t<\/div>\n\t\t<\/div>\n\t\t\t\t\t<\/div>\n\t\t<\/section>\n\t\t\t\t\t<\/div>\n\t\t<\/div>\n\t\t\t\t<div class=\"elementor-column elementor-col-33 elementor-top-column elementor-element elementor-element-1d278a3\" data-id=\"1d278a3\" data-element_type=\"column\" data-e-type=\"column\">\n\t\t\t<div class=\"elementor-widget-wrap elementor-element-populated\">\n\t\t\t\t\t\t<div class=\"elementor-element elementor-element-6e7dfb0 elementor-widget elementor-widget-child_pages_widget\" data-id=\"6e7dfb0\" data-element_type=\"widget\" data-e-type=\"widget\" data-widget_type=\"child_pages_widget.default\">\n\t\t\t\t<div class=\"elementor-widget-container\">\n\t\t\t\t\t<ul class=\"elementor-child-pages-list-items elementor-view-stacked elementor-vertical-align-middle elementor-shape-square\"><li class=\"elementor-child-pages-list-item  child-page-3225 child-page-techniques-de-jonctionnement\"><a href=\"https:\/\/klump.com\/fr\/produits\/courroies-dentees-de-polyurethane\/techniques-de-jonctionnement\/\" class=\"elementor-child-pages-list-ref\" title=\"Techniques de jonctionnement\"><span class=\"elementor-child-pages-content-wrapper\"><span class=\"elementor-child-pages-list-icon elementor-align-icon-left\"><span class=\"elementor-icon\"><i aria-hidden=\"true\" class=\"fas fa-chevron-right\"><\/i><\/span><\/span><span class=\"elementor-child-pages-list-text\">Techniques de jonctionnement<\/span><\/span><\/a><\/li><li class=\"elementor-child-pages-list-item  child-page-3223 child-page-courroies-a-guides-integres\"><a href=\"https:\/\/klump.com\/fr\/produits\/courroies-dentees-de-polyurethane\/courroies-a-guides-integres\/\" class=\"elementor-child-pages-list-ref\" title=\"Courroies \u00e0 guides int\u00e9gr\u00e9s\"><span class=\"elementor-child-pages-content-wrapper\"><span class=\"elementor-child-pages-list-icon elementor-align-icon-left\"><span class=\"elementor-icon\"><i aria-hidden=\"true\" class=\"fas fa-chevron-right\"><\/i><\/span><\/span><span class=\"elementor-child-pages-list-text\">Courroies \u00e0 guides int\u00e9gr\u00e9s<\/span><\/span><\/a><\/li><li class=\"elementor-child-pages-list-item  child-page-3221 child-page-courroies-sans-nez-denroulement\"><a href=\"https:\/\/klump.com\/fr\/produits\/courroies-dentees-de-polyurethane\/courroies-sans-nez-denroulement\/\" class=\"elementor-child-pages-list-ref\" title=\"Courroies sans nez d\u2018enroulement\"><span class=\"elementor-child-pages-content-wrapper\"><span class=\"elementor-child-pages-list-icon elementor-align-icon-left\"><span class=\"elementor-icon\"><i aria-hidden=\"true\" class=\"fas fa-chevron-right\"><\/i><\/span><\/span><span class=\"elementor-child-pages-list-text\">Courroies sans nez d\u2018enroulement<\/span><\/span><\/a><\/li><li class=\"elementor-child-pages-list-item  child-page-3219 child-page-courroies-avec-revetement-en-polyamide\"><a href=\"https:\/\/klump.com\/fr\/produits\/courroies-dentees-de-polyurethane\/courroies-avec-revetement-en-polyamide\/\" class=\"elementor-child-pages-list-ref\" title=\"Courroies avec rev\u00eatement en Polyamide\"><span class=\"elementor-child-pages-content-wrapper\"><span class=\"elementor-child-pages-list-icon elementor-align-icon-left\"><span class=\"elementor-icon\"><i aria-hidden=\"true\" class=\"fas fa-chevron-right\"><\/i><\/span><\/span><span class=\"elementor-child-pages-list-text\">Courroies avec rev\u00eatement en Polyamide<\/span><\/span><\/a><\/li><li class=\"elementor-child-pages-list-item active child-page-3217 child-page-courroies-conformes-aux-normes-ue-secteur-alimentaire\"><a href=\"https:\/\/klump.com\/fr\/produits\/courroies-dentees-de-polyurethane\/courroies-conformes-aux-normes-ue-secteur-alimentaire\/\" class=\"elementor-child-pages-list-ref\" title=\"Courroies conformes aux normes ue \/ Secteur alimentaire\"><span class=\"elementor-child-pages-content-wrapper\"><span class=\"elementor-child-pages-list-icon elementor-align-icon-left\"><span class=\"elementor-icon\"><i aria-hidden=\"true\" class=\"fas fa-chevron-right\"><\/i><\/span><\/span><span class=\"elementor-child-pages-list-text\">Courroies conformes aux normes ue \/ Secteur alimentaire<\/span><\/span><\/a><\/li><li class=\"elementor-child-pages-list-item  child-page-3215 child-page-courroies-avec-cames\"><a href=\"https:\/\/klump.com\/fr\/produits\/courroies-dentees-de-polyurethane\/courroies-avec-cames\/\" class=\"elementor-child-pages-list-ref\" title=\"Courroies avec cames\"><span class=\"elementor-child-pages-content-wrapper\"><span class=\"elementor-child-pages-list-icon elementor-align-icon-left\"><span class=\"elementor-icon\"><i aria-hidden=\"true\" class=\"fas fa-chevron-right\"><\/i><\/span><\/span><span class=\"elementor-child-pages-list-text\">Courroies avec cames<\/span><\/span><\/a><\/li><li class=\"elementor-child-pages-list-item  child-page-3213 child-page-produits-speciaux-revetements\"><a href=\"https:\/\/klump.com\/fr\/produits\/courroies-dentees-de-polyurethane\/produits-speciaux-revetements\/\" class=\"elementor-child-pages-list-ref\" title=\"Produits sp\u00e9ciaux \/ Rev\u00eatements\"><span class=\"elementor-child-pages-content-wrapper\"><span class=\"elementor-child-pages-list-icon elementor-align-icon-left\"><span class=\"elementor-icon\"><i aria-hidden=\"true\" class=\"fas fa-chevron-right\"><\/i><\/span><\/span><span class=\"elementor-child-pages-list-text\">Produits sp\u00e9ciaux \/ Rev\u00eatements<\/span><\/span><\/a><\/li><\/ul>\t\t\t\t<\/div>\n\t\t\t\t<\/div>\n\t\t\t\t\t<\/div>\n\t\t<\/div>\n\t\t\t\t\t<\/div>\n\t\t<\/section>\n\t\t\t\t<\/div>\n\t\t","protected":false},"excerpt":{"rendered":"<p>COURROIES SP\u00c9CIALES POUR LES ENVIRONNEMENTS HUMIDES Les courroies dent\u00e9es KLUMP destin\u00e9es \u00e0 l\u2019industrie alimentaire sont fabriqu\u00e9es dans des mat\u00e9riaux PUR conformes aux normes europ\u00e9ennes et ne comportent pas de nez d\u2019enroulement. Ainsi, ces courroies sp\u00e9ciales sont id\u00e9ales pour une utilisation dans les environnements humides. Datenschutz Impressum News Kontakt Gesch\u00fctzt: Downloads \u00dcber Uns Produkte Home Anwendungen [&hellip;]<\/p>\n","protected":false},"author":1,"featured_media":0,"parent":3209,"menu_order":5,"comment_status":"closed","ping_status":"closed","template":"","meta":{"footnotes":""},"class_list":["post-3217","page","type-page","status-publish","hentry"],"yoast_head":"<!-- This site is optimized with the Yoast SEO plugin v27.0 - https:\/\/yoast.com\/product\/yoast-seo-wordpress\/ -->\n<title>Courroies conformes aux normes ue \/ Secteur alimentaire - Ing. H. Dieter Klump GmbH<\/title>\n<meta name=\"robots\" content=\"index, follow, max-snippet:-1, max-image-preview:large, max-video-preview:-1\" \/>\n<link rel=\"canonical\" href=\"https:\/\/klump.com\/fr\/produits\/courroies-dentees-de-polyurethane\/courroies-conformes-aux-normes-ue-secteur-alimentaire\/\" \/>\n<script type=\"application\/ld+json\" class=\"yoast-schema-graph\">{\"@context\":\"https:\/\/schema.org\",\"@graph\":[{\"@type\":\"WebPage\",\"@id\":\"https:\/\/klump.com\/fr\/produits\/courroies-dentees-de-polyurethane\/courroies-conformes-aux-normes-ue-secteur-alimentaire\/\",\"url\":\"https:\/\/klump.com\/fr\/produits\/courroies-dentees-de-polyurethane\/courroies-conformes-aux-normes-ue-secteur-alimentaire\/\",\"name\":\"Courroies conformes aux normes ue \/ Secteur alimentaire - Ing. H. Dieter Klump GmbH\",\"isPartOf\":{\"@id\":\"https:\/\/klump.com\/fr\/#website\"},\"primaryImageOfPage\":{\"@id\":\"https:\/\/klump.com\/fr\/produits\/courroies-dentees-de-polyurethane\/courroies-conformes-aux-normes-ue-secteur-alimentaire\/#primaryimage\"},\"image\":{\"@id\":\"https:\/\/klump.com\/fr\/produits\/courroies-dentees-de-polyurethane\/courroies-conformes-aux-normes-ue-secteur-alimentaire\/#primaryimage\"},\"thumbnailUrl\":\"https:\/\/klump.com\/wp-content\/uploads\/2023\/05\/31037-1200-1024x768.jpg\",\"datePublished\":\"2023-04-24T13:00:28+00:00\",\"dateModified\":\"2023-05-16T13:18:06+00:00\",\"breadcrumb\":{\"@id\":\"https:\/\/klump.com\/fr\/produits\/courroies-dentees-de-polyurethane\/courroies-conformes-aux-normes-ue-secteur-alimentaire\/#breadcrumb\"},\"inLanguage\":\"fr-FR\",\"potentialAction\":[{\"@type\":\"ReadAction\",\"target\":[\"https:\/\/klump.com\/fr\/produits\/courroies-dentees-de-polyurethane\/courroies-conformes-aux-normes-ue-secteur-alimentaire\/\"]}]},{\"@type\":\"ImageObject\",\"inLanguage\":\"fr-FR\",\"@id\":\"https:\/\/klump.com\/fr\/produits\/courroies-dentees-de-polyurethane\/courroies-conformes-aux-normes-ue-secteur-alimentaire\/#primaryimage\",\"url\":\"https:\/\/klump.com\/wp-content\/uploads\/2023\/05\/31037-1200-1024x768.jpg\",\"contentUrl\":\"https:\/\/klump.com\/wp-content\/uploads\/2023\/05\/31037-1200-1024x768.jpg\"},{\"@type\":\"BreadcrumbList\",\"@id\":\"https:\/\/klump.com\/fr\/produits\/courroies-dentees-de-polyurethane\/courroies-conformes-aux-normes-ue-secteur-alimentaire\/#breadcrumb\",\"itemListElement\":[{\"@type\":\"ListItem\",\"position\":1,\"name\":\"Startseite\",\"item\":\"https:\/\/klump.com\/fr\/\"},{\"@type\":\"ListItem\",\"position\":2,\"name\":\"Produits\",\"item\":\"https:\/\/klump.com\/fr\/produits\/\"},{\"@type\":\"ListItem\",\"position\":3,\"name\":\"Courroies dent\u00e9es de polyur\u00e9thane\",\"item\":\"https:\/\/klump.com\/fr\/produits\/courroies-dentees-de-polyurethane\/\"},{\"@type\":\"ListItem\",\"position\":4,\"name\":\"Courroies conformes aux normes ue \/ Secteur alimentaire\"}]},{\"@type\":\"WebSite\",\"@id\":\"https:\/\/klump.com\/fr\/#website\",\"url\":\"https:\/\/klump.com\/fr\/\",\"name\":\"Ing. H. Dieter Klump GmbH\",\"description\":\"Transport- und Antriebstechnik\",\"publisher\":{\"@id\":\"https:\/\/klump.com\/fr\/#organization\"},\"potentialAction\":[{\"@type\":\"SearchAction\",\"target\":{\"@type\":\"EntryPoint\",\"urlTemplate\":\"https:\/\/klump.com\/fr\/?s={search_term_string}\"},\"query-input\":{\"@type\":\"PropertyValueSpecification\",\"valueRequired\":true,\"valueName\":\"search_term_string\"}}],\"inLanguage\":\"fr-FR\"},{\"@type\":\"Organization\",\"@id\":\"https:\/\/klump.com\/fr\/#organization\",\"name\":\"Ing. H. Dieter Klump GmbH\",\"url\":\"https:\/\/klump.com\/fr\/\",\"logo\":{\"@type\":\"ImageObject\",\"inLanguage\":\"fr-FR\",\"@id\":\"https:\/\/klump.com\/fr\/#\/schema\/logo\/image\/\",\"url\":\"https:\/\/klump.com\/wp-content\/uploads\/2023\/04\/klump-logo.png\",\"contentUrl\":\"https:\/\/klump.com\/wp-content\/uploads\/2023\/04\/klump-logo.png\",\"width\":650,\"height\":162,\"caption\":\"Ing. H. Dieter Klump GmbH\"},\"image\":{\"@id\":\"https:\/\/klump.com\/fr\/#\/schema\/logo\/image\/\"}}]}<\/script>\n<!-- \/ Yoast SEO plugin. -->","yoast_head_json":{"title":"Courroies conformes aux normes ue \/ Secteur alimentaire - Ing. H. Dieter Klump GmbH","robots":{"index":"index","follow":"follow","max-snippet":"max-snippet:-1","max-image-preview":"max-image-preview:large","max-video-preview":"max-video-preview:-1"},"canonical":"https:\/\/klump.com\/fr\/produits\/courroies-dentees-de-polyurethane\/courroies-conformes-aux-normes-ue-secteur-alimentaire\/","schema":{"@context":"https:\/\/schema.org","@graph":[{"@type":"WebPage","@id":"https:\/\/klump.com\/fr\/produits\/courroies-dentees-de-polyurethane\/courroies-conformes-aux-normes-ue-secteur-alimentaire\/","url":"https:\/\/klump.com\/fr\/produits\/courroies-dentees-de-polyurethane\/courroies-conformes-aux-normes-ue-secteur-alimentaire\/","name":"Courroies conformes aux normes ue \/ Secteur alimentaire - Ing. H. Dieter Klump GmbH","isPartOf":{"@id":"https:\/\/klump.com\/fr\/#website"},"primaryImageOfPage":{"@id":"https:\/\/klump.com\/fr\/produits\/courroies-dentees-de-polyurethane\/courroies-conformes-aux-normes-ue-secteur-alimentaire\/#primaryimage"},"image":{"@id":"https:\/\/klump.com\/fr\/produits\/courroies-dentees-de-polyurethane\/courroies-conformes-aux-normes-ue-secteur-alimentaire\/#primaryimage"},"thumbnailUrl":"https:\/\/klump.com\/wp-content\/uploads\/2023\/05\/31037-1200-1024x768.jpg","datePublished":"2023-04-24T13:00:28+00:00","dateModified":"2023-05-16T13:18:06+00:00","breadcrumb":{"@id":"https:\/\/klump.com\/fr\/produits\/courroies-dentees-de-polyurethane\/courroies-conformes-aux-normes-ue-secteur-alimentaire\/#breadcrumb"},"inLanguage":"fr-FR","potentialAction":[{"@type":"ReadAction","target":["https:\/\/klump.com\/fr\/produits\/courroies-dentees-de-polyurethane\/courroies-conformes-aux-normes-ue-secteur-alimentaire\/"]}]},{"@type":"ImageObject","inLanguage":"fr-FR","@id":"https:\/\/klump.com\/fr\/produits\/courroies-dentees-de-polyurethane\/courroies-conformes-aux-normes-ue-secteur-alimentaire\/#primaryimage","url":"https:\/\/klump.com\/wp-content\/uploads\/2023\/05\/31037-1200-1024x768.jpg","contentUrl":"https:\/\/klump.com\/wp-content\/uploads\/2023\/05\/31037-1200-1024x768.jpg"},{"@type":"BreadcrumbList","@id":"https:\/\/klump.com\/fr\/produits\/courroies-dentees-de-polyurethane\/courroies-conformes-aux-normes-ue-secteur-alimentaire\/#breadcrumb","itemListElement":[{"@type":"ListItem","position":1,"name":"Startseite","item":"https:\/\/klump.com\/fr\/"},{"@type":"ListItem","position":2,"name":"Produits","item":"https:\/\/klump.com\/fr\/produits\/"},{"@type":"ListItem","position":3,"name":"Courroies dent\u00e9es de polyur\u00e9thane","item":"https:\/\/klump.com\/fr\/produits\/courroies-dentees-de-polyurethane\/"},{"@type":"ListItem","position":4,"name":"Courroies conformes aux normes ue \/ Secteur alimentaire"}]},{"@type":"WebSite","@id":"https:\/\/klump.com\/fr\/#website","url":"https:\/\/klump.com\/fr\/","name":"Ing. H. Dieter Klump GmbH","description":"Transport- und Antriebstechnik","publisher":{"@id":"https:\/\/klump.com\/fr\/#organization"},"potentialAction":[{"@type":"SearchAction","target":{"@type":"EntryPoint","urlTemplate":"https:\/\/klump.com\/fr\/?s={search_term_string}"},"query-input":{"@type":"PropertyValueSpecification","valueRequired":true,"valueName":"search_term_string"}}],"inLanguage":"fr-FR"},{"@type":"Organization","@id":"https:\/\/klump.com\/fr\/#organization","name":"Ing. H. Dieter Klump GmbH","url":"https:\/\/klump.com\/fr\/","logo":{"@type":"ImageObject","inLanguage":"fr-FR","@id":"https:\/\/klump.com\/fr\/#\/schema\/logo\/image\/","url":"https:\/\/klump.com\/wp-content\/uploads\/2023\/04\/klump-logo.png","contentUrl":"https:\/\/klump.com\/wp-content\/uploads\/2023\/04\/klump-logo.png","width":650,"height":162,"caption":"Ing. H. Dieter Klump GmbH"},"image":{"@id":"https:\/\/klump.com\/fr\/#\/schema\/logo\/image\/"}}]}},"_links":{"self":[{"href":"https:\/\/klump.com\/fr\/wp-json\/wp\/v2\/pages\/3217","targetHints":{"allow":["GET"]}}],"collection":[{"href":"https:\/\/klump.com\/fr\/wp-json\/wp\/v2\/pages"}],"about":[{"href":"https:\/\/klump.com\/fr\/wp-json\/wp\/v2\/types\/page"}],"author":[{"embeddable":true,"href":"https:\/\/klump.com\/fr\/wp-json\/wp\/v2\/users\/1"}],"replies":[{"embeddable":true,"href":"https:\/\/klump.com\/fr\/wp-json\/wp\/v2\/comments?post=3217"}],"version-history":[{"count":1,"href":"https:\/\/klump.com\/fr\/wp-json\/wp\/v2\/pages\/3217\/revisions"}],"predecessor-version":[{"id":3218,"href":"https:\/\/klump.com\/fr\/wp-json\/wp\/v2\/pages\/3217\/revisions\/3218"}],"up":[{"embeddable":true,"href":"https:\/\/klump.com\/fr\/wp-json\/wp\/v2\/pages\/3209"}],"wp:attachment":[{"href":"https:\/\/klump.com\/fr\/wp-json\/wp\/v2\/media?parent=3217"}],"curies":[{"name":"wp","href":"https:\/\/api.w.org\/{rel}","templated":true}]}}