{"id":3215,"date":"2023-04-24T13:00:11","date_gmt":"2023-04-24T13:00:11","guid":{"rendered":"https:\/\/dev.klump.com\/courroies-dentees-de-polyurethane\/courroies-avec-cames\/"},"modified":"2023-05-16T13:16:34","modified_gmt":"2023-05-16T13:16:34","slug":"courroies-avec-cames","status":"publish","type":"page","link":"https:\/\/klump.com\/fr\/produits\/courroies-dentees-de-polyurethane\/courroies-avec-cames\/","title":{"rendered":"Courroies avec cames"},"content":{"rendered":"\t\t<div data-elementor-type=\"wp-page\" data-elementor-id=\"3215\" class=\"elementor elementor-3215 elementor-782\" data-elementor-post-type=\"page\">\n\t\t\t\t\t\t<section class=\"elementor-section elementor-top-section elementor-element elementor-element-4701b44 elementor-section-boxed elementor-section-height-default elementor-section-height-default\" data-id=\"4701b44\" data-element_type=\"section\" data-e-type=\"section\">\n\t\t\t\t\t\t<div class=\"elementor-container elementor-column-gap-default\">\n\t\t\t\t\t<div class=\"elementor-column elementor-col-66 elementor-top-column elementor-element elementor-element-5731e73\" data-id=\"5731e73\" data-element_type=\"column\" data-e-type=\"column\">\n\t\t\t<div class=\"elementor-widget-wrap elementor-element-populated\">\n\t\t\t\t\t\t<section class=\"elementor-section elementor-inner-section elementor-element elementor-element-2f2c175 elementor-section-boxed elementor-section-height-default elementor-section-height-default\" data-id=\"2f2c175\" data-element_type=\"section\" data-e-type=\"section\">\n\t\t\t\t\t\t<div class=\"elementor-container elementor-column-gap-default\">\n\t\t\t\t\t<div class=\"elementor-column elementor-col-100 elementor-inner-column elementor-element elementor-element-5a6a585\" data-id=\"5a6a585\" data-element_type=\"column\" data-e-type=\"column\">\n\t\t\t<div class=\"elementor-widget-wrap elementor-element-populated\">\n\t\t\t\t\t\t<div class=\"elementor-element elementor-element-c10e9d6 elementor-widget elementor-widget-heading\" data-id=\"c10e9d6\" data-element_type=\"widget\" data-e-type=\"widget\" data-widget_type=\"heading.default\">\n\t\t\t\t<div class=\"elementor-widget-container\">\n\t\t\t\t\t<h2 class=\"elementor-heading-title elementor-size-default\">DES CAMES DIVERSES POUR DES APPLICATIONS DIVERSES<\/h2>\t\t\t\t<\/div>\n\t\t\t\t<\/div>\n\t\t\t\t<div class=\"elementor-element elementor-element-91113eb elementor-widget elementor-widget-text-editor\" data-id=\"91113eb\" data-element_type=\"widget\" data-e-type=\"widget\" data-widget_type=\"text-editor.default\">\n\t\t\t\t<div class=\"elementor-widget-container\">\n\t\t\t\t\t\t\t\t\t<p>Les courroies dent\u00e9es KLUMP peuvent \u00eatre \u00e9quip\u00e9es d\u2019une grande vari\u00e9t\u00e9 de cames pour les applications de transport, de manutention et de positionnement. En plus de notre programme de cames standards, nous pouvons personnaliser presque n\u2019importe quelle conception sp\u00e9ciale selon vos sp\u00e9cifications. Notre vaste programme est compl\u00e9t\u00e9 par des cames viss\u00e9es. Si n\u00e9cessaire, nous fabriquons des courroies dent\u00e9es avec des inserts m\u00e9talliques (par ex. Filetage) afin de pouvoir remplacer les cames en fonction de vos besoins.<\/p>\n\t\t\t\t\t\t\t\t<\/div>\n\t\t\t\t<\/div>\n\t\t\t\t\t<\/div>\n\t\t<\/div>\n\t\t\t\t\t<\/div>\n\t\t<\/section>\n\t\t\t\t<section class=\"elementor-section elementor-inner-section elementor-element elementor-element-3d7fef7 elementor-section-boxed elementor-section-height-default elementor-section-height-default\" data-id=\"3d7fef7\" data-element_type=\"section\" data-e-type=\"section\">\n\t\t\t\t\t\t<div class=\"elementor-container elementor-column-gap-default\">\n\t\t\t\t\t<div class=\"elementor-column elementor-col-33 elementor-inner-column elementor-element elementor-element-3972158\" data-id=\"3972158\" data-element_type=\"column\" data-e-type=\"column\">\n\t\t\t<div class=\"elementor-widget-wrap elementor-element-populated\">\n\t\t\t\t\t\t<div class=\"elementor-element elementor-element-da614b1 custom-img-zoom elementor-widget elementor-widget-image\" data-id=\"da614b1\" data-element_type=\"widget\" data-e-type=\"widget\" data-widget_type=\"image.default\">\n\t\t\t\t<div class=\"elementor-widget-container\">\n\t\t\t\t\t\t\t\t\t\t\t\t\t\t\t<img fetchpriority=\"high\" decoding=\"async\" width=\"540\" height=\"568\" src=\"https:\/\/klump.com\/wp-content\/uploads\/2023\/05\/verbindungstechnik-540x568-zahnriemen_mit_nocken_02.png\" class=\"attachment-large size-large wp-image-2561\" alt=\"\" srcset=\"https:\/\/klump.com\/wp-content\/uploads\/2023\/05\/verbindungstechnik-540x568-zahnriemen_mit_nocken_02.png 540w, https:\/\/klump.com\/wp-content\/uploads\/2023\/05\/verbindungstechnik-540x568-zahnriemen_mit_nocken_02-285x300.png 285w\" sizes=\"(max-width: 540px) 100vw, 540px\" \/>\t\t\t\t\t\t\t\t\t\t\t\t\t\t\t<\/div>\n\t\t\t\t<\/div>\n\t\t\t\t\t<\/div>\n\t\t<\/div>\n\t\t\t\t<div class=\"elementor-column elementor-col-33 elementor-inner-column elementor-element elementor-element-1bc977d\" data-id=\"1bc977d\" data-element_type=\"column\" data-e-type=\"column\">\n\t\t\t<div class=\"elementor-widget-wrap elementor-element-populated\">\n\t\t\t\t\t\t<div class=\"elementor-element elementor-element-e690832 custom-img-zoom elementor-widget elementor-widget-image\" data-id=\"e690832\" data-element_type=\"widget\" data-e-type=\"widget\" data-widget_type=\"image.default\">\n\t\t\t\t<div class=\"elementor-widget-container\">\n\t\t\t\t\t\t\t\t\t\t\t\t\t\t\t<img decoding=\"async\" width=\"540\" height=\"568\" src=\"https:\/\/klump.com\/wp-content\/uploads\/2023\/05\/verbindungstechnik-540x568-zahnriemen_mit_nocken_03.png\" class=\"attachment-large size-large wp-image-2563\" alt=\"\" srcset=\"https:\/\/klump.com\/wp-content\/uploads\/2023\/05\/verbindungstechnik-540x568-zahnriemen_mit_nocken_03.png 540w, https:\/\/klump.com\/wp-content\/uploads\/2023\/05\/verbindungstechnik-540x568-zahnriemen_mit_nocken_03-285x300.png 285w\" sizes=\"(max-width: 540px) 100vw, 540px\" \/>\t\t\t\t\t\t\t\t\t\t\t\t\t\t\t<\/div>\n\t\t\t\t<\/div>\n\t\t\t\t\t<\/div>\n\t\t<\/div>\n\t\t\t\t<div class=\"elementor-column elementor-col-33 elementor-inner-column elementor-element elementor-element-a513e5d\" data-id=\"a513e5d\" data-element_type=\"column\" data-e-type=\"column\">\n\t\t\t<div class=\"elementor-widget-wrap elementor-element-populated\">\n\t\t\t\t\t\t<div class=\"elementor-element elementor-element-fb04af1 custom-img-zoom elementor-widget elementor-widget-image\" data-id=\"fb04af1\" data-element_type=\"widget\" data-e-type=\"widget\" data-widget_type=\"image.default\">\n\t\t\t\t<div class=\"elementor-widget-container\">\n\t\t\t\t\t\t\t\t\t\t\t\t\t\t\t<img decoding=\"async\" width=\"540\" height=\"568\" src=\"https:\/\/klump.com\/wp-content\/uploads\/2023\/05\/verbindungstechnik-540x568-zahnriemen_mit_nocken_04.png\" class=\"attachment-large size-large wp-image-2565\" alt=\"\" srcset=\"https:\/\/klump.com\/wp-content\/uploads\/2023\/05\/verbindungstechnik-540x568-zahnriemen_mit_nocken_04.png 540w, https:\/\/klump.com\/wp-content\/uploads\/2023\/05\/verbindungstechnik-540x568-zahnriemen_mit_nocken_04-285x300.png 285w\" sizes=\"(max-width: 540px) 100vw, 540px\" \/>\t\t\t\t\t\t\t\t\t\t\t\t\t\t\t<\/div>\n\t\t\t\t<\/div>\n\t\t\t\t\t<\/div>\n\t\t<\/div>\n\t\t\t\t\t<\/div>\n\t\t<\/section>\n\t\t\t\t<section class=\"elementor-section elementor-inner-section elementor-element elementor-element-bbde08b elementor-section-boxed elementor-section-height-default elementor-section-height-default\" data-id=\"bbde08b\" data-element_type=\"section\" data-e-type=\"section\">\n\t\t\t\t\t\t<div class=\"elementor-container elementor-column-gap-default\">\n\t\t\t\t\t<div class=\"elementor-column elementor-col-100 elementor-inner-column elementor-element elementor-element-ec0c03f\" data-id=\"ec0c03f\" data-element_type=\"column\" data-e-type=\"column\">\n\t\t\t<div class=\"elementor-widget-wrap elementor-element-populated\">\n\t\t\t\t\t\t<div class=\"elementor-element elementor-element-fc574d1 elementor-widget elementor-widget-image\" data-id=\"fc574d1\" data-element_type=\"widget\" data-e-type=\"widget\" data-widget_type=\"image.default\">\n\t\t\t\t<div class=\"elementor-widget-container\">\n\t\t\t\t\t\t\t\t\t\t\t\t\t\t\t<img loading=\"lazy\" decoding=\"async\" width=\"800\" height=\"599\" src=\"https:\/\/klump.com\/wp-content\/uploads\/2023\/05\/31383-1200-1024x767.jpg\" class=\"attachment-large size-large wp-image-2559\" alt=\"\" srcset=\"https:\/\/klump.com\/wp-content\/uploads\/2023\/05\/31383-1200-1024x767.jpg 1024w, https:\/\/klump.com\/wp-content\/uploads\/2023\/05\/31383-1200-300x225.jpg 300w, https:\/\/klump.com\/wp-content\/uploads\/2023\/05\/31383-1200-768x575.jpg 768w, https:\/\/klump.com\/wp-content\/uploads\/2023\/05\/31383-1200.jpg 1200w\" sizes=\"(max-width: 800px) 100vw, 800px\" \/>\t\t\t\t\t\t\t\t\t\t\t\t\t\t\t<\/div>\n\t\t\t\t<\/div>\n\t\t\t\t\t<\/div>\n\t\t<\/div>\n\t\t\t\t\t<\/div>\n\t\t<\/section>\n\t\t\t\t\t<\/div>\n\t\t<\/div>\n\t\t\t\t<div class=\"elementor-column elementor-col-33 elementor-top-column elementor-element elementor-element-f1f58ac\" data-id=\"f1f58ac\" data-element_type=\"column\" data-e-type=\"column\">\n\t\t\t<div class=\"elementor-widget-wrap elementor-element-populated\">\n\t\t\t\t\t\t<div class=\"elementor-element elementor-element-c26a259 elementor-widget elementor-widget-child_pages_widget\" data-id=\"c26a259\" data-element_type=\"widget\" data-e-type=\"widget\" data-widget_type=\"child_pages_widget.default\">\n\t\t\t\t<div class=\"elementor-widget-container\">\n\t\t\t\t\t<ul class=\"elementor-child-pages-list-items elementor-view-stacked elementor-vertical-align-middle elementor-shape-square\"><li class=\"elementor-child-pages-list-item  child-page-3225 child-page-techniques-de-jonctionnement\"><a href=\"https:\/\/klump.com\/fr\/produits\/courroies-dentees-de-polyurethane\/techniques-de-jonctionnement\/\" class=\"elementor-child-pages-list-ref\" title=\"Techniques de jonctionnement\"><span class=\"elementor-child-pages-content-wrapper\"><span class=\"elementor-child-pages-list-icon elementor-align-icon-left\"><span class=\"elementor-icon\"><i aria-hidden=\"true\" class=\"fas fa-chevron-right\"><\/i><\/span><\/span><span class=\"elementor-child-pages-list-text\">Techniques de jonctionnement<\/span><\/span><\/a><\/li><li class=\"elementor-child-pages-list-item  child-page-3223 child-page-courroies-a-guides-integres\"><a href=\"https:\/\/klump.com\/fr\/produits\/courroies-dentees-de-polyurethane\/courroies-a-guides-integres\/\" class=\"elementor-child-pages-list-ref\" title=\"Courroies \u00e0 guides int\u00e9gr\u00e9s\"><span class=\"elementor-child-pages-content-wrapper\"><span class=\"elementor-child-pages-list-icon elementor-align-icon-left\"><span class=\"elementor-icon\"><i aria-hidden=\"true\" class=\"fas fa-chevron-right\"><\/i><\/span><\/span><span class=\"elementor-child-pages-list-text\">Courroies \u00e0 guides int\u00e9gr\u00e9s<\/span><\/span><\/a><\/li><li class=\"elementor-child-pages-list-item  child-page-3221 child-page-courroies-sans-nez-denroulement\"><a href=\"https:\/\/klump.com\/fr\/produits\/courroies-dentees-de-polyurethane\/courroies-sans-nez-denroulement\/\" class=\"elementor-child-pages-list-ref\" title=\"Courroies sans nez d\u2018enroulement\"><span class=\"elementor-child-pages-content-wrapper\"><span class=\"elementor-child-pages-list-icon elementor-align-icon-left\"><span class=\"elementor-icon\"><i aria-hidden=\"true\" class=\"fas fa-chevron-right\"><\/i><\/span><\/span><span class=\"elementor-child-pages-list-text\">Courroies sans nez d\u2018enroulement<\/span><\/span><\/a><\/li><li class=\"elementor-child-pages-list-item  child-page-3219 child-page-courroies-avec-revetement-en-polyamide\"><a href=\"https:\/\/klump.com\/fr\/produits\/courroies-dentees-de-polyurethane\/courroies-avec-revetement-en-polyamide\/\" class=\"elementor-child-pages-list-ref\" title=\"Courroies avec rev\u00eatement en Polyamide\"><span class=\"elementor-child-pages-content-wrapper\"><span class=\"elementor-child-pages-list-icon elementor-align-icon-left\"><span class=\"elementor-icon\"><i aria-hidden=\"true\" class=\"fas fa-chevron-right\"><\/i><\/span><\/span><span class=\"elementor-child-pages-list-text\">Courroies avec rev\u00eatement en Polyamide<\/span><\/span><\/a><\/li><li class=\"elementor-child-pages-list-item  child-page-3217 child-page-courroies-conformes-aux-normes-ue-secteur-alimentaire\"><a href=\"https:\/\/klump.com\/fr\/produits\/courroies-dentees-de-polyurethane\/courroies-conformes-aux-normes-ue-secteur-alimentaire\/\" class=\"elementor-child-pages-list-ref\" title=\"Courroies conformes aux normes ue \/ Secteur alimentaire\"><span class=\"elementor-child-pages-content-wrapper\"><span class=\"elementor-child-pages-list-icon elementor-align-icon-left\"><span class=\"elementor-icon\"><i aria-hidden=\"true\" class=\"fas fa-chevron-right\"><\/i><\/span><\/span><span class=\"elementor-child-pages-list-text\">Courroies conformes aux normes ue \/ Secteur alimentaire<\/span><\/span><\/a><\/li><li class=\"elementor-child-pages-list-item active child-page-3215 child-page-courroies-avec-cames\"><a href=\"https:\/\/klump.com\/fr\/produits\/courroies-dentees-de-polyurethane\/courroies-avec-cames\/\" class=\"elementor-child-pages-list-ref\" title=\"Courroies avec cames\"><span class=\"elementor-child-pages-content-wrapper\"><span class=\"elementor-child-pages-list-icon elementor-align-icon-left\"><span class=\"elementor-icon\"><i aria-hidden=\"true\" class=\"fas fa-chevron-right\"><\/i><\/span><\/span><span class=\"elementor-child-pages-list-text\">Courroies avec cames<\/span><\/span><\/a><\/li><li class=\"elementor-child-pages-list-item  child-page-3213 child-page-produits-speciaux-revetements\"><a href=\"https:\/\/klump.com\/fr\/produits\/courroies-dentees-de-polyurethane\/produits-speciaux-revetements\/\" class=\"elementor-child-pages-list-ref\" title=\"Produits sp\u00e9ciaux \/ Rev\u00eatements\"><span class=\"elementor-child-pages-content-wrapper\"><span class=\"elementor-child-pages-list-icon elementor-align-icon-left\"><span class=\"elementor-icon\"><i aria-hidden=\"true\" class=\"fas fa-chevron-right\"><\/i><\/span><\/span><span class=\"elementor-child-pages-list-text\">Produits sp\u00e9ciaux \/ Rev\u00eatements<\/span><\/span><\/a><\/li><\/ul>\t\t\t\t<\/div>\n\t\t\t\t<\/div>\n\t\t\t\t\t<\/div>\n\t\t<\/div>\n\t\t\t\t\t<\/div>\n\t\t<\/section>\n\t\t\t\t<section class=\"elementor-section elementor-top-section elementor-element elementor-element-9b5ded2 elementor-section-boxed elementor-section-height-default elementor-section-height-default\" data-id=\"9b5ded2\" data-element_type=\"section\" data-e-type=\"section\">\n\t\t\t\t\t\t<div class=\"elementor-container elementor-column-gap-default\">\n\t\t\t\t\t<div class=\"elementor-column elementor-col-100 elementor-top-column elementor-element elementor-element-2ccc5bf\" data-id=\"2ccc5bf\" data-element_type=\"column\" data-e-type=\"column\">\n\t\t\t<div class=\"elementor-widget-wrap\">\n\t\t\t\t\t\t\t<\/div>\n\t\t<\/div>\n\t\t\t\t\t<\/div>\n\t\t<\/section>\n\t\t\t\t<\/div>\n\t\t","protected":false},"excerpt":{"rendered":"<p>DES CAMES DIVERSES POUR DES APPLICATIONS DIVERSES Les courroies dent\u00e9es KLUMP peuvent \u00eatre \u00e9quip\u00e9es d\u2019une grande vari\u00e9t\u00e9 de cames pour les applications de transport, de manutention et de positionnement. En plus de notre programme de cames standards, nous pouvons personnaliser presque n\u2019importe quelle conception sp\u00e9ciale selon vos sp\u00e9cifications. Notre vaste programme est compl\u00e9t\u00e9 par des [&hellip;]<\/p>\n","protected":false},"author":1,"featured_media":0,"parent":3209,"menu_order":6,"comment_status":"closed","ping_status":"closed","template":"","meta":{"footnotes":""},"class_list":["post-3215","page","type-page","status-publish","hentry"],"yoast_head":"<!-- This site is optimized with the Yoast SEO plugin v27.0 - https:\/\/yoast.com\/product\/yoast-seo-wordpress\/ -->\n<title>Courroies avec cames - Ing. H. Dieter Klump GmbH<\/title>\n<meta name=\"robots\" content=\"index, follow, max-snippet:-1, max-image-preview:large, max-video-preview:-1\" \/>\n<link rel=\"canonical\" href=\"https:\/\/klump.com\/fr\/produits\/courroies-dentees-de-polyurethane\/courroies-avec-cames\/\" \/>\n<script type=\"application\/ld+json\" class=\"yoast-schema-graph\">{\"@context\":\"https:\/\/schema.org\",\"@graph\":[{\"@type\":\"WebPage\",\"@id\":\"https:\/\/klump.com\/fr\/produits\/courroies-dentees-de-polyurethane\/courroies-avec-cames\/\",\"url\":\"https:\/\/klump.com\/fr\/produits\/courroies-dentees-de-polyurethane\/courroies-avec-cames\/\",\"name\":\"Courroies avec cames - Ing. H. Dieter Klump GmbH\",\"isPartOf\":{\"@id\":\"https:\/\/klump.com\/fr\/#website\"},\"primaryImageOfPage\":{\"@id\":\"https:\/\/klump.com\/fr\/produits\/courroies-dentees-de-polyurethane\/courroies-avec-cames\/#primaryimage\"},\"image\":{\"@id\":\"https:\/\/klump.com\/fr\/produits\/courroies-dentees-de-polyurethane\/courroies-avec-cames\/#primaryimage\"},\"thumbnailUrl\":\"https:\/\/klump.com\/wp-content\/uploads\/2023\/05\/verbindungstechnik-540x568-zahnriemen_mit_nocken_02.png\",\"datePublished\":\"2023-04-24T13:00:11+00:00\",\"dateModified\":\"2023-05-16T13:16:34+00:00\",\"breadcrumb\":{\"@id\":\"https:\/\/klump.com\/fr\/produits\/courroies-dentees-de-polyurethane\/courroies-avec-cames\/#breadcrumb\"},\"inLanguage\":\"fr-FR\",\"potentialAction\":[{\"@type\":\"ReadAction\",\"target\":[\"https:\/\/klump.com\/fr\/produits\/courroies-dentees-de-polyurethane\/courroies-avec-cames\/\"]}]},{\"@type\":\"ImageObject\",\"inLanguage\":\"fr-FR\",\"@id\":\"https:\/\/klump.com\/fr\/produits\/courroies-dentees-de-polyurethane\/courroies-avec-cames\/#primaryimage\",\"url\":\"https:\/\/klump.com\/wp-content\/uploads\/2023\/05\/verbindungstechnik-540x568-zahnriemen_mit_nocken_02.png\",\"contentUrl\":\"https:\/\/klump.com\/wp-content\/uploads\/2023\/05\/verbindungstechnik-540x568-zahnriemen_mit_nocken_02.png\"},{\"@type\":\"BreadcrumbList\",\"@id\":\"https:\/\/klump.com\/fr\/produits\/courroies-dentees-de-polyurethane\/courroies-avec-cames\/#breadcrumb\",\"itemListElement\":[{\"@type\":\"ListItem\",\"position\":1,\"name\":\"Startseite\",\"item\":\"https:\/\/klump.com\/fr\/\"},{\"@type\":\"ListItem\",\"position\":2,\"name\":\"Produits\",\"item\":\"https:\/\/klump.com\/fr\/produits\/\"},{\"@type\":\"ListItem\",\"position\":3,\"name\":\"Courroies dent\u00e9es de polyur\u00e9thane\",\"item\":\"https:\/\/klump.com\/fr\/produits\/courroies-dentees-de-polyurethane\/\"},{\"@type\":\"ListItem\",\"position\":4,\"name\":\"Courroies avec cames\"}]},{\"@type\":\"WebSite\",\"@id\":\"https:\/\/klump.com\/fr\/#website\",\"url\":\"https:\/\/klump.com\/fr\/\",\"name\":\"Ing. H. Dieter Klump GmbH\",\"description\":\"Transport- und Antriebstechnik\",\"publisher\":{\"@id\":\"https:\/\/klump.com\/fr\/#organization\"},\"potentialAction\":[{\"@type\":\"SearchAction\",\"target\":{\"@type\":\"EntryPoint\",\"urlTemplate\":\"https:\/\/klump.com\/fr\/?s={search_term_string}\"},\"query-input\":{\"@type\":\"PropertyValueSpecification\",\"valueRequired\":true,\"valueName\":\"search_term_string\"}}],\"inLanguage\":\"fr-FR\"},{\"@type\":\"Organization\",\"@id\":\"https:\/\/klump.com\/fr\/#organization\",\"name\":\"Ing. H. Dieter Klump GmbH\",\"url\":\"https:\/\/klump.com\/fr\/\",\"logo\":{\"@type\":\"ImageObject\",\"inLanguage\":\"fr-FR\",\"@id\":\"https:\/\/klump.com\/fr\/#\/schema\/logo\/image\/\",\"url\":\"https:\/\/klump.com\/wp-content\/uploads\/2023\/04\/klump-logo.png\",\"contentUrl\":\"https:\/\/klump.com\/wp-content\/uploads\/2023\/04\/klump-logo.png\",\"width\":650,\"height\":162,\"caption\":\"Ing. H. Dieter Klump GmbH\"},\"image\":{\"@id\":\"https:\/\/klump.com\/fr\/#\/schema\/logo\/image\/\"}}]}<\/script>\n<!-- \/ Yoast SEO plugin. -->","yoast_head_json":{"title":"Courroies avec cames - Ing. H. Dieter Klump GmbH","robots":{"index":"index","follow":"follow","max-snippet":"max-snippet:-1","max-image-preview":"max-image-preview:large","max-video-preview":"max-video-preview:-1"},"canonical":"https:\/\/klump.com\/fr\/produits\/courroies-dentees-de-polyurethane\/courroies-avec-cames\/","schema":{"@context":"https:\/\/schema.org","@graph":[{"@type":"WebPage","@id":"https:\/\/klump.com\/fr\/produits\/courroies-dentees-de-polyurethane\/courroies-avec-cames\/","url":"https:\/\/klump.com\/fr\/produits\/courroies-dentees-de-polyurethane\/courroies-avec-cames\/","name":"Courroies avec cames - Ing. H. Dieter Klump GmbH","isPartOf":{"@id":"https:\/\/klump.com\/fr\/#website"},"primaryImageOfPage":{"@id":"https:\/\/klump.com\/fr\/produits\/courroies-dentees-de-polyurethane\/courroies-avec-cames\/#primaryimage"},"image":{"@id":"https:\/\/klump.com\/fr\/produits\/courroies-dentees-de-polyurethane\/courroies-avec-cames\/#primaryimage"},"thumbnailUrl":"https:\/\/klump.com\/wp-content\/uploads\/2023\/05\/verbindungstechnik-540x568-zahnriemen_mit_nocken_02.png","datePublished":"2023-04-24T13:00:11+00:00","dateModified":"2023-05-16T13:16:34+00:00","breadcrumb":{"@id":"https:\/\/klump.com\/fr\/produits\/courroies-dentees-de-polyurethane\/courroies-avec-cames\/#breadcrumb"},"inLanguage":"fr-FR","potentialAction":[{"@type":"ReadAction","target":["https:\/\/klump.com\/fr\/produits\/courroies-dentees-de-polyurethane\/courroies-avec-cames\/"]}]},{"@type":"ImageObject","inLanguage":"fr-FR","@id":"https:\/\/klump.com\/fr\/produits\/courroies-dentees-de-polyurethane\/courroies-avec-cames\/#primaryimage","url":"https:\/\/klump.com\/wp-content\/uploads\/2023\/05\/verbindungstechnik-540x568-zahnriemen_mit_nocken_02.png","contentUrl":"https:\/\/klump.com\/wp-content\/uploads\/2023\/05\/verbindungstechnik-540x568-zahnriemen_mit_nocken_02.png"},{"@type":"BreadcrumbList","@id":"https:\/\/klump.com\/fr\/produits\/courroies-dentees-de-polyurethane\/courroies-avec-cames\/#breadcrumb","itemListElement":[{"@type":"ListItem","position":1,"name":"Startseite","item":"https:\/\/klump.com\/fr\/"},{"@type":"ListItem","position":2,"name":"Produits","item":"https:\/\/klump.com\/fr\/produits\/"},{"@type":"ListItem","position":3,"name":"Courroies dent\u00e9es de polyur\u00e9thane","item":"https:\/\/klump.com\/fr\/produits\/courroies-dentees-de-polyurethane\/"},{"@type":"ListItem","position":4,"name":"Courroies avec cames"}]},{"@type":"WebSite","@id":"https:\/\/klump.com\/fr\/#website","url":"https:\/\/klump.com\/fr\/","name":"Ing. H. Dieter Klump GmbH","description":"Transport- und Antriebstechnik","publisher":{"@id":"https:\/\/klump.com\/fr\/#organization"},"potentialAction":[{"@type":"SearchAction","target":{"@type":"EntryPoint","urlTemplate":"https:\/\/klump.com\/fr\/?s={search_term_string}"},"query-input":{"@type":"PropertyValueSpecification","valueRequired":true,"valueName":"search_term_string"}}],"inLanguage":"fr-FR"},{"@type":"Organization","@id":"https:\/\/klump.com\/fr\/#organization","name":"Ing. H. Dieter Klump GmbH","url":"https:\/\/klump.com\/fr\/","logo":{"@type":"ImageObject","inLanguage":"fr-FR","@id":"https:\/\/klump.com\/fr\/#\/schema\/logo\/image\/","url":"https:\/\/klump.com\/wp-content\/uploads\/2023\/04\/klump-logo.png","contentUrl":"https:\/\/klump.com\/wp-content\/uploads\/2023\/04\/klump-logo.png","width":650,"height":162,"caption":"Ing. H. Dieter Klump GmbH"},"image":{"@id":"https:\/\/klump.com\/fr\/#\/schema\/logo\/image\/"}}]}},"_links":{"self":[{"href":"https:\/\/klump.com\/fr\/wp-json\/wp\/v2\/pages\/3215","targetHints":{"allow":["GET"]}}],"collection":[{"href":"https:\/\/klump.com\/fr\/wp-json\/wp\/v2\/pages"}],"about":[{"href":"https:\/\/klump.com\/fr\/wp-json\/wp\/v2\/types\/page"}],"author":[{"embeddable":true,"href":"https:\/\/klump.com\/fr\/wp-json\/wp\/v2\/users\/1"}],"replies":[{"embeddable":true,"href":"https:\/\/klump.com\/fr\/wp-json\/wp\/v2\/comments?post=3215"}],"version-history":[{"count":1,"href":"https:\/\/klump.com\/fr\/wp-json\/wp\/v2\/pages\/3215\/revisions"}],"predecessor-version":[{"id":3216,"href":"https:\/\/klump.com\/fr\/wp-json\/wp\/v2\/pages\/3215\/revisions\/3216"}],"up":[{"embeddable":true,"href":"https:\/\/klump.com\/fr\/wp-json\/wp\/v2\/pages\/3209"}],"wp:attachment":[{"href":"https:\/\/klump.com\/fr\/wp-json\/wp\/v2\/media?parent=3215"}],"curies":[{"name":"wp","href":"https:\/\/api.w.org\/{rel}","templated":true}]}}