{"id":3199,"date":"2023-04-24T13:08:28","date_gmt":"2023-04-24T13:08:28","guid":{"rendered":"https:\/\/dev.klump.com\/courroies-de-tirage\/"},"modified":"2023-05-16T09:34:38","modified_gmt":"2023-05-16T09:34:38","slug":"courroies-de-tirage","status":"publish","type":"page","link":"https:\/\/klump.com\/fr\/produits\/courroies-de-tirage\/","title":{"rendered":"Courroies de tirage"},"content":{"rendered":"\t\t<div data-elementor-type=\"wp-page\" data-elementor-id=\"3199\" class=\"elementor elementor-3199 elementor-815\" data-elementor-post-type=\"page\">\n\t\t\t\t\t\t<section class=\"elementor-section elementor-top-section elementor-element elementor-element-42c48c62 elementor-section-height-min-height elementor-section-full_width elementor-section-items-bottom elementor-section-height-default\" data-id=\"42c48c62\" data-element_type=\"section\" data-e-type=\"section\" data-settings=\"{&quot;background_background&quot;:&quot;classic&quot;}\">\n\t\t\t\t\t\t<div class=\"elementor-container elementor-column-gap-default\">\n\t\t\t\t\t<div class=\"elementor-column elementor-col-100 elementor-top-column elementor-element elementor-element-12e735f8\" data-id=\"12e735f8\" data-element_type=\"column\" data-e-type=\"column\">\n\t\t\t<div class=\"elementor-widget-wrap elementor-element-populated\">\n\t\t\t\t\t\t<section class=\"elementor-section elementor-inner-section elementor-element elementor-element-5fb1ee69 elementor-section-boxed elementor-section-height-default elementor-section-height-default\" data-id=\"5fb1ee69\" data-element_type=\"section\" data-e-type=\"section\">\n\t\t\t\t\t\t\t<div class=\"elementor-background-overlay\"><\/div>\n\t\t\t\t\t\t\t<div class=\"elementor-container elementor-column-gap-default\">\n\t\t\t\t\t<div class=\"elementor-column elementor-col-100 elementor-inner-column elementor-element elementor-element-302d939f\" data-id=\"302d939f\" data-element_type=\"column\" data-e-type=\"column\">\n\t\t\t<div class=\"elementor-widget-wrap elementor-element-populated\">\n\t\t\t\t\t\t<div class=\"elementor-element elementor-element-322aee9e elementor-widget elementor-widget-theme-post-title elementor-page-title elementor-widget-heading\" data-id=\"322aee9e\" data-element_type=\"widget\" data-e-type=\"widget\" data-widget_type=\"theme-post-title.default\">\n\t\t\t\t<div class=\"elementor-widget-container\">\n\t\t\t\t\t<h1 class=\"elementor-heading-title elementor-size-default\">Courroies de tirage<\/h1>\t\t\t\t<\/div>\n\t\t\t\t<\/div>\n\t\t\t\t\t<\/div>\n\t\t<\/div>\n\t\t\t\t\t<\/div>\n\t\t<\/section>\n\t\t\t\t\t<\/div>\n\t\t<\/div>\n\t\t\t\t\t<\/div>\n\t\t<\/section>\n\t\t\t\t<section class=\"elementor-section elementor-top-section elementor-element elementor-element-65a7b5f7 elementor-section-boxed elementor-section-height-default elementor-section-height-default\" data-id=\"65a7b5f7\" data-element_type=\"section\" data-e-type=\"section\" data-settings=\"{&quot;background_background&quot;:&quot;classic&quot;}\">\n\t\t\t\t\t\t<div class=\"elementor-container elementor-column-gap-default\">\n\t\t\t\t\t<div class=\"elementor-column elementor-col-100 elementor-top-column elementor-element elementor-element-191d2ef8\" data-id=\"191d2ef8\" data-element_type=\"column\" data-e-type=\"column\">\n\t\t\t<div class=\"elementor-widget-wrap elementor-element-populated\">\n\t\t\t\t\t\t<section class=\"elementor-section elementor-inner-section elementor-element elementor-element-20c1bfae elementor-section-boxed elementor-section-height-default elementor-section-height-default\" data-id=\"20c1bfae\" data-element_type=\"section\" data-e-type=\"section\">\n\t\t\t\t\t\t<div class=\"elementor-container elementor-column-gap-default\">\n\t\t\t\t\t<div class=\"elementor-column elementor-col-100 elementor-inner-column elementor-element elementor-element-1d64d24b\" data-id=\"1d64d24b\" data-element_type=\"column\" data-e-type=\"column\">\n\t\t\t<div class=\"elementor-widget-wrap elementor-element-populated\">\n\t\t\t\t\t\t<div class=\"elementor-element elementor-element-1be2647b elementor-widget elementor-widget-text-editor\" data-id=\"1be2647b\" data-element_type=\"widget\" data-e-type=\"widget\" data-widget_type=\"text-editor.default\">\n\t\t\t\t<div class=\"elementor-widget-container\">\n\t\t\t\t\t\t\t\t\t<div class=\"wpb_text_column wpb_content_element \">\n<div class=\"wpb_wrapper\">\n<div class=\"wpb_text_column wpb_content_element \">\n<div class=\"wpb_wrapper\">\n<p><strong>Tout ce dont vous avez besoin pour votre process.<\/strong><\/p>\n<p>Les courroies de tirage KLUMP avec rev\u00eatement arri\u00e8re en PVC, PU, caoutchouc ou silicone sont utilis\u00e9es avec succ\u00e8s depuis des ann\u00e9es dans l\u2019industrie du profil\u00e9 et de l\u2019extrusion des mati\u00e8res plastiques ainsi que dans l\u2019industrie des c\u00e2bles, des tuyaux et des fils. La composition des mat\u00e9riaux de nos courroies correspond toujours aux valeurs d\u2019exp\u00e9rience et aux exigences de nos clients. Les courroies de tirage KLUMP se caract\u00e9risent par des \u00e9l\u00e9ments de traction tiss\u00e9s\/enroul\u00e9es sans fin et sans couture. Il en r\u00e9sulte d\u2019excellentes propri\u00e9t\u00e9s de fonctionnement et une longue dur\u00e9e de vie de nos produits. Pour des applications particuli\u00e8res, nous proposons \u00e9galement des rev\u00eatements sp\u00e9ciaux avec traitement selon vos besoins.<\/p>\n<\/div>\n<\/div>\n<\/div>\n<\/div>\n\t\t\t\t\t\t\t\t<\/div>\n\t\t\t\t<\/div>\n\t\t\t\t\t<\/div>\n\t\t<\/div>\n\t\t\t\t\t<\/div>\n\t\t<\/section>\n\t\t\t\t\t<\/div>\n\t\t<\/div>\n\t\t\t\t\t<\/div>\n\t\t<\/section>\n\t\t\t\t<section class=\"elementor-section elementor-top-section elementor-element elementor-element-6bec5aec elementor-section-boxed elementor-section-height-default elementor-section-height-default\" data-id=\"6bec5aec\" data-element_type=\"section\" data-e-type=\"section\">\n\t\t\t\t\t\t<div class=\"elementor-container elementor-column-gap-default\">\n\t\t\t\t\t<div class=\"elementor-column elementor-col-100 elementor-top-column elementor-element elementor-element-6629a880\" data-id=\"6629a880\" data-element_type=\"column\" data-e-type=\"column\">\n\t\t\t<div class=\"elementor-widget-wrap elementor-element-populated\">\n\t\t\t\t\t\t<section class=\"elementor-section elementor-inner-section elementor-element elementor-element-64734e9c elementor-section-boxed elementor-section-height-default elementor-section-height-default\" data-id=\"64734e9c\" data-element_type=\"section\" data-e-type=\"section\">\n\t\t\t\t\t\t<div class=\"elementor-container elementor-column-gap-default\">\n\t\t\t\t\t<div class=\"elementor-column elementor-col-25 elementor-inner-column elementor-element elementor-element-778d05f5\" data-id=\"778d05f5\" data-element_type=\"column\" data-e-type=\"column\">\n\t\t\t<div class=\"elementor-widget-wrap elementor-element-populated\">\n\t\t\t\t\t\t<div class=\"elementor-element elementor-element-4e6f34f custom-img-zoom elementor-widget elementor-widget-image\" data-id=\"4e6f34f\" data-element_type=\"widget\" data-e-type=\"widget\" data-widget_type=\"image.default\">\n\t\t\t\t<div class=\"elementor-widget-container\">\n\t\t\t\t\t\t\t\t\t\t\t\t\t\t\t<img decoding=\"async\" src=\"https:\/\/klump.com\/wp-content\/uploads\/elementor\/thumbs\/klump-abzugsriemen-1024x768-1-q5j8hfmezwwzoqxsa9fm74gd1t27xreajv79ienmo8.jpg\" title=\"klump-abzugsriemen-1024&#215;768\" alt=\"klump-abzugsriemen-1024x768\" loading=\"lazy\" \/>\t\t\t\t\t\t\t\t\t\t\t\t\t\t\t<\/div>\n\t\t\t\t<\/div>\n\t\t\t\t\t<\/div>\n\t\t<\/div>\n\t\t\t\t<div class=\"elementor-column elementor-col-25 elementor-inner-column elementor-element elementor-element-80f7298\" data-id=\"80f7298\" data-element_type=\"column\" data-e-type=\"column\">\n\t\t\t<div class=\"elementor-widget-wrap elementor-element-populated\">\n\t\t\t\t\t\t<div class=\"elementor-element elementor-element-f8c0d63 custom-img-zoom elementor-widget elementor-widget-image\" data-id=\"f8c0d63\" data-element_type=\"widget\" data-e-type=\"widget\" data-widget_type=\"image.default\">\n\t\t\t\t<div class=\"elementor-widget-container\">\n\t\t\t\t\t\t\t\t\t\t\t\t\t\t\t<img decoding=\"async\" src=\"https:\/\/klump.com\/wp-content\/uploads\/elementor\/thumbs\/klump-abzugsriemen-1-1024x768-1-q5j8fy1m6cvnaz3lz49vqzz36uear0hlci0l5mv2iw.jpg\" title=\"klump-abzugsriemen-1-1024&#215;768\" alt=\"klump-abzugsriemen-1-1024x768\" loading=\"lazy\" \/>\t\t\t\t\t\t\t\t\t\t\t\t\t\t\t<\/div>\n\t\t\t\t<\/div>\n\t\t\t\t\t<\/div>\n\t\t<\/div>\n\t\t\t\t<div class=\"elementor-column elementor-col-25 elementor-inner-column elementor-element elementor-element-f2366c4\" data-id=\"f2366c4\" data-element_type=\"column\" data-e-type=\"column\">\n\t\t\t<div class=\"elementor-widget-wrap elementor-element-populated\">\n\t\t\t\t\t\t<div class=\"elementor-element elementor-element-65bc8aa custom-img-zoom elementor-widget elementor-widget-image\" data-id=\"65bc8aa\" data-element_type=\"widget\" data-e-type=\"widget\" data-widget_type=\"image.default\">\n\t\t\t\t<div class=\"elementor-widget-container\">\n\t\t\t\t\t\t\t\t\t\t\t\t\t\t\t<img decoding=\"async\" src=\"https:\/\/klump.com\/wp-content\/uploads\/elementor\/thumbs\/klump-abzugsriemen-4-964x1024-1-q5j8h2goc8ez67gwf3qu87rwqev2xzy1u22gsj753c.jpg\" title=\"klump-abzugsriemen-4-964&#215;1024\" alt=\"klump-abzugsriemen-4-964x1024\" loading=\"lazy\" \/>\t\t\t\t\t\t\t\t\t\t\t\t\t\t\t<\/div>\n\t\t\t\t<\/div>\n\t\t\t\t\t<\/div>\n\t\t<\/div>\n\t\t\t\t<div class=\"elementor-column elementor-col-25 elementor-inner-column elementor-element elementor-element-c36508a\" data-id=\"c36508a\" data-element_type=\"column\" data-e-type=\"column\">\n\t\t\t<div class=\"elementor-widget-wrap elementor-element-populated\">\n\t\t\t\t\t\t<div class=\"elementor-element elementor-element-904a7c7 custom-img-zoom elementor-widget elementor-widget-image\" data-id=\"904a7c7\" data-element_type=\"widget\" data-e-type=\"widget\" data-widget_type=\"image.default\">\n\t\t\t\t<div class=\"elementor-widget-container\">\n\t\t\t\t\t\t\t\t\t\t\t\t\t\t\t<img decoding=\"async\" src=\"https:\/\/klump.com\/wp-content\/uploads\/elementor\/thumbs\/klump-abzugsriemen-3-768x1024-1-q5j8god3hpvoc21dpfnfotbztmskqje2s4a6lds1oo.jpg\" title=\"klump-abzugsriemen-3-768&#215;1024\" alt=\"klump-abzugsriemen-3-768x1024\" loading=\"lazy\" \/>\t\t\t\t\t\t\t\t\t\t\t\t\t\t\t<\/div>\n\t\t\t\t<\/div>\n\t\t\t\t\t<\/div>\n\t\t<\/div>\n\t\t\t\t\t<\/div>\n\t\t<\/section>\n\t\t\t\t<section class=\"elementor-section elementor-inner-section elementor-element elementor-element-0a75ca9 elementor-section-boxed elementor-section-height-default elementor-section-height-default\" data-id=\"0a75ca9\" data-element_type=\"section\" data-e-type=\"section\">\n\t\t\t\t\t\t<div class=\"elementor-container elementor-column-gap-default\">\n\t\t\t\t\t<div class=\"elementor-column elementor-col-100 elementor-inner-column elementor-element elementor-element-a3e140e\" data-id=\"a3e140e\" data-element_type=\"column\" data-e-type=\"column\">\n\t\t\t<div class=\"elementor-widget-wrap elementor-element-populated\">\n\t\t\t\t\t\t<div class=\"elementor-element elementor-element-64ff532 elementor-widget elementor-widget-heading\" data-id=\"64ff532\" data-element_type=\"widget\" data-e-type=\"widget\" data-widget_type=\"heading.default\">\n\t\t\t\t<div class=\"elementor-widget-container\">\n\t\t\t\t\t<h2 class=\"elementor-heading-title elementor-size-default\">\nUNE QUALIT\u00c9 DANS LE D\u00c9TAIL QUI PORTE SES FRUITS\n<\/h2>\t\t\t\t<\/div>\n\t\t\t\t<\/div>\n\t\t\t\t<div class=\"elementor-element elementor-element-155e1f8 elementor-widget elementor-widget-text-editor\" data-id=\"155e1f8\" data-element_type=\"widget\" data-e-type=\"widget\" data-widget_type=\"text-editor.default\">\n\t\t\t\t<div class=\"elementor-widget-container\">\n\t\t\t\t\t\t\t\t\t<div class=\"vc_row wpb_row vc_row-fluid\">\n<div class=\"wpb_column vc_column_container vc_col-sm-12\">\n<div class=\"vc_column-inner \">\n<div class=\"wpb_wrapper\">\n<div class=\"wpb_text_column wpb_content_element \">\n<div class=\"wpb_wrapper\">\n<p>Les trames sans jonction en polyester tiss\u00e9\/enroul\u00e9es de nos courroies de tirage offrent un degr\u00e9 \u00e9lev\u00e9 de flexibilit\u00e9 et de pr\u00e9cision dimensionnelle, ce qui les rend utilisables m\u00eame avec des faibles flexions.<\/p>\n<p>Si n\u00e9cessaire, les courroies de tirage KLUMP peuvent \u00eatre rectifi\u00e9es exactement \u00e0 une \u00e9paisseur uniforme. Des profil\u00e9s sp\u00e9ciaux sur la face de roulement des bandes (ex. : profil\u00e9s \u00e0 stries en V) ou des impr\u00e9gnations de glissi\u00e8res offrent toujours des solutions parfaites pour les mat\u00e9riaux difficiles \u00e0 transporter de toutes sortes.<br \/>Les rainures offrent la possibilit\u00e9 d\u2019obtenir une bonne \u00e9tanch\u00e9it\u00e9 par friction sans augmenter la pression de contact pour les mat\u00e9riaux particuli\u00e8rement lisses. Ils peuvent \u00eatre con\u00e7us sous forme de rainures en V, rectangulaires ou en U.<\/p>\n<p><strong>Toutes les caract\u00e9ristiques et avantages en un coup d\u2019\u0153il:<\/strong><\/p>\n<\/div>\n<\/div>\n<\/div>\n<\/div>\n<\/div>\n<\/div>\n\t\t\t\t\t\t\t\t<\/div>\n\t\t\t\t<\/div>\n\t\t\t\t<div class=\"elementor-element elementor-element-66debcd elementor-icon-list--layout-traditional elementor-list-item-link-full_width elementor-widget elementor-widget-icon-list\" data-id=\"66debcd\" data-element_type=\"widget\" data-e-type=\"widget\" data-widget_type=\"icon-list.default\">\n\t\t\t\t<div class=\"elementor-widget-container\">\n\t\t\t\t\t\t\t<ul class=\"elementor-icon-list-items\">\n\t\t\t\t\t\t\t<li class=\"elementor-icon-list-item\">\n\t\t\t\t\t\t\t\t\t\t\t<span class=\"elementor-icon-list-icon\">\n\t\t\t\t\t\t\t<i aria-hidden=\"true\" class=\"fas fa-chevron-circle-right\"><\/i>\t\t\t\t\t\t<\/span>\n\t\t\t\t\t\t\t\t\t\t<span class=\"elementor-icon-list-text\">Sans jonction<\/span>\n\t\t\t\t\t\t\t\t\t<\/li>\n\t\t\t\t\t\t\t\t<li class=\"elementor-icon-list-item\">\n\t\t\t\t\t\t\t\t\t\t\t<span class=\"elementor-icon-list-icon\">\n\t\t\t\t\t\t\t<i aria-hidden=\"true\" class=\"fas fa-chevron-circle-right\"><\/i>\t\t\t\t\t\t<\/span>\n\t\t\t\t\t\t\t\t\t\t<span class=\"elementor-icon-list-text\">Grande flexibilit\u00e9 et grande pr\u00e9cision dimensionnelle<\/span>\n\t\t\t\t\t\t\t\t\t<\/li>\n\t\t\t\t\t\t\t\t<li class=\"elementor-icon-list-item\">\n\t\t\t\t\t\t\t\t\t\t\t<span class=\"elementor-icon-list-icon\">\n\t\t\t\t\t\t\t<i aria-hidden=\"true\" class=\"fas fa-chevron-circle-right\"><\/i>\t\t\t\t\t\t<\/span>\n\t\t\t\t\t\t\t\t\t\t<span class=\"elementor-icon-list-text\">Petites tol\u00e9rences de longueur<\/span>\n\t\t\t\t\t\t\t\t\t<\/li>\n\t\t\t\t\t\t\t\t<li class=\"elementor-icon-list-item\">\n\t\t\t\t\t\t\t\t\t\t\t<span class=\"elementor-icon-list-icon\">\n\t\t\t\t\t\t\t<i aria-hidden=\"true\" class=\"fas fa-chevron-circle-right\"><\/i>\t\t\t\t\t\t<\/span>\n\t\t\t\t\t\t\t\t\t\t<span class=\"elementor-icon-list-text\">Dur\u00e9e de vie maximale<\/span>\n\t\t\t\t\t\t\t\t\t<\/li>\n\t\t\t\t\t\t\t\t<li class=\"elementor-icon-list-item\">\n\t\t\t\t\t\t\t\t\t\t\t<span class=\"elementor-icon-list-icon\">\n\t\t\t\t\t\t\t<i aria-hidden=\"true\" class=\"fas fa-chevron-circle-right\"><\/i>\t\t\t\t\t\t<\/span>\n\t\t\t\t\t\t\t\t\t\t<span class=\"elementor-icon-list-text\">Excellentes caract\u00e9ristiques de fonctionnement, m\u00eame \u00e0 des vitesses de bande \u00e9lev\u00e9es<\/span>\n\t\t\t\t\t\t\t\t\t<\/li>\n\t\t\t\t\t\t\t\t<li class=\"elementor-icon-list-item\">\n\t\t\t\t\t\t\t\t\t\t\t<span class=\"elementor-icon-list-icon\">\n\t\t\t\t\t\t\t<i aria-hidden=\"true\" class=\"fas fa-chevron-circle-right\"><\/i>\t\t\t\t\t\t<\/span>\n\t\t\t\t\t\t\t\t\t\t<span class=\"elementor-icon-list-text\">Coefficient de frottement \u00e9lev\u00e9 entre la courroie et le mat\u00e9riau \u00e0 transporter<\/span>\n\t\t\t\t\t\t\t\t\t<\/li>\n\t\t\t\t\t\t\t\t<li class=\"elementor-icon-list-item\">\n\t\t\t\t\t\t\t\t\t\t\t<span class=\"elementor-icon-list-icon\">\n\t\t\t\t\t\t\t<i aria-hidden=\"true\" class=\"fas fa-chevron-circle-right\"><\/i>\t\t\t\t\t\t<\/span>\n\t\t\t\t\t\t\t\t\t\t<span class=\"elementor-icon-list-text\">Surface homog\u00e8ne sans durcissement et sans \u00e9paississement<\/span>\n\t\t\t\t\t\t\t\t\t<\/li>\n\t\t\t\t\t\t\t\t<li class=\"elementor-icon-list-item\">\n\t\t\t\t\t\t\t\t\t\t\t<span class=\"elementor-icon-list-icon\">\n\t\t\t\t\t\t\t<i aria-hidden=\"true\" class=\"fas fa-chevron-circle-right\"><\/i>\t\t\t\t\t\t<\/span>\n\t\t\t\t\t\t\t\t\t\t<span class=\"elementor-icon-list-text\">R\u00e9sistant aux vapeurs de plastifiant provenant de la sorbonne<\/span>\n\t\t\t\t\t\t\t\t\t<\/li>\n\t\t\t\t\t\t\t\t<li class=\"elementor-icon-list-item\">\n\t\t\t\t\t\t\t\t\t\t\t<span class=\"elementor-icon-list-icon\">\n\t\t\t\t\t\t\t<i aria-hidden=\"true\" class=\"fas fa-chevron-circle-right\"><\/i>\t\t\t\t\t\t<\/span>\n\t\t\t\t\t\t\t\t\t\t<span class=\"elementor-icon-list-text\">R\u00e9sistant aux huiles et graisses<\/span>\n\t\t\t\t\t\t\t\t\t<\/li>\n\t\t\t\t\t\t<\/ul>\n\t\t\t\t\t\t<\/div>\n\t\t\t\t<\/div>\n\t\t\t\t\t<\/div>\n\t\t<\/div>\n\t\t\t\t\t<\/div>\n\t\t<\/section>\n\t\t\t\t\t<\/div>\n\t\t<\/div>\n\t\t\t\t\t<\/div>\n\t\t<\/section>\n\t\t\t\t<\/div>\n\t\t","protected":false},"excerpt":{"rendered":"<p>Tout ce dont vous avez besoin pour votre process. Les courroies de tirage KLUMP avec rev\u00eatement arri\u00e8re en PVC, PU, caoutchouc ou silicone sont utilis\u00e9es avec succ\u00e8s depuis des ann\u00e9es dans l\u2019industrie du profil\u00e9 et de l\u2019extrusion des mati\u00e8res plastiques ainsi que dans l\u2019industrie des c\u00e2bles, des tuyaux et des fils. La composition des mat\u00e9riaux [&hellip;]<\/p>\n","protected":false},"author":1,"featured_media":2467,"parent":3248,"menu_order":5,"comment_status":"closed","ping_status":"closed","template":"elementor_header_footer","meta":{"footnotes":""},"class_list":["post-3199","page","type-page","status-publish","has-post-thumbnail","hentry"],"yoast_head":"<!-- This site is optimized with the Yoast SEO plugin v27.0 - https:\/\/yoast.com\/product\/yoast-seo-wordpress\/ -->\n<title>Courroies de tirage - Ing. H. Dieter Klump GmbH<\/title>\n<meta name=\"robots\" content=\"index, follow, max-snippet:-1, max-image-preview:large, max-video-preview:-1\" \/>\n<link rel=\"canonical\" href=\"https:\/\/klump.com\/fr\/produits\/courroies-de-tirage\/\" \/>\n<script type=\"application\/ld+json\" class=\"yoast-schema-graph\">{\"@context\":\"https:\/\/schema.org\",\"@graph\":[{\"@type\":\"WebPage\",\"@id\":\"https:\/\/klump.com\/fr\/produits\/courroies-de-tirage\/\",\"url\":\"https:\/\/klump.com\/fr\/produits\/courroies-de-tirage\/\",\"name\":\"Courroies de tirage - Ing. H. Dieter Klump GmbH\",\"isPartOf\":{\"@id\":\"https:\/\/klump.com\/fr\/#website\"},\"primaryImageOfPage\":{\"@id\":\"https:\/\/klump.com\/fr\/produits\/courroies-de-tirage\/#primaryimage\"},\"image\":{\"@id\":\"https:\/\/klump.com\/fr\/produits\/courroies-de-tirage\/#primaryimage\"},\"thumbnailUrl\":\"https:\/\/klump.com\/wp-content\/uploads\/2023\/04\/slider-small-abzugsriemen.jpg\",\"datePublished\":\"2023-04-24T13:08:28+00:00\",\"dateModified\":\"2023-05-16T09:34:38+00:00\",\"breadcrumb\":{\"@id\":\"https:\/\/klump.com\/fr\/produits\/courroies-de-tirage\/#breadcrumb\"},\"inLanguage\":\"fr-FR\",\"potentialAction\":[{\"@type\":\"ReadAction\",\"target\":[\"https:\/\/klump.com\/fr\/produits\/courroies-de-tirage\/\"]}]},{\"@type\":\"ImageObject\",\"inLanguage\":\"fr-FR\",\"@id\":\"https:\/\/klump.com\/fr\/produits\/courroies-de-tirage\/#primaryimage\",\"url\":\"https:\/\/klump.com\/wp-content\/uploads\/2023\/04\/slider-small-abzugsriemen.jpg\",\"contentUrl\":\"https:\/\/klump.com\/wp-content\/uploads\/2023\/04\/slider-small-abzugsriemen.jpg\",\"width\":1400,\"height\":301},{\"@type\":\"BreadcrumbList\",\"@id\":\"https:\/\/klump.com\/fr\/produits\/courroies-de-tirage\/#breadcrumb\",\"itemListElement\":[{\"@type\":\"ListItem\",\"position\":1,\"name\":\"Startseite\",\"item\":\"https:\/\/klump.com\/fr\/\"},{\"@type\":\"ListItem\",\"position\":2,\"name\":\"Produits\",\"item\":\"https:\/\/klump.com\/fr\/produits\/\"},{\"@type\":\"ListItem\",\"position\":3,\"name\":\"Courroies de tirage\"}]},{\"@type\":\"WebSite\",\"@id\":\"https:\/\/klump.com\/fr\/#website\",\"url\":\"https:\/\/klump.com\/fr\/\",\"name\":\"Ing. H. Dieter Klump GmbH\",\"description\":\"Transport- und Antriebstechnik\",\"publisher\":{\"@id\":\"https:\/\/klump.com\/fr\/#organization\"},\"potentialAction\":[{\"@type\":\"SearchAction\",\"target\":{\"@type\":\"EntryPoint\",\"urlTemplate\":\"https:\/\/klump.com\/fr\/?s={search_term_string}\"},\"query-input\":{\"@type\":\"PropertyValueSpecification\",\"valueRequired\":true,\"valueName\":\"search_term_string\"}}],\"inLanguage\":\"fr-FR\"},{\"@type\":\"Organization\",\"@id\":\"https:\/\/klump.com\/fr\/#organization\",\"name\":\"Ing. H. Dieter Klump GmbH\",\"url\":\"https:\/\/klump.com\/fr\/\",\"logo\":{\"@type\":\"ImageObject\",\"inLanguage\":\"fr-FR\",\"@id\":\"https:\/\/klump.com\/fr\/#\/schema\/logo\/image\/\",\"url\":\"https:\/\/klump.com\/wp-content\/uploads\/2023\/04\/klump-logo.png\",\"contentUrl\":\"https:\/\/klump.com\/wp-content\/uploads\/2023\/04\/klump-logo.png\",\"width\":650,\"height\":162,\"caption\":\"Ing. H. Dieter Klump GmbH\"},\"image\":{\"@id\":\"https:\/\/klump.com\/fr\/#\/schema\/logo\/image\/\"}}]}<\/script>\n<!-- \/ Yoast SEO plugin. -->","yoast_head_json":{"title":"Courroies de tirage - Ing. H. Dieter Klump GmbH","robots":{"index":"index","follow":"follow","max-snippet":"max-snippet:-1","max-image-preview":"max-image-preview:large","max-video-preview":"max-video-preview:-1"},"canonical":"https:\/\/klump.com\/fr\/produits\/courroies-de-tirage\/","schema":{"@context":"https:\/\/schema.org","@graph":[{"@type":"WebPage","@id":"https:\/\/klump.com\/fr\/produits\/courroies-de-tirage\/","url":"https:\/\/klump.com\/fr\/produits\/courroies-de-tirage\/","name":"Courroies de tirage - Ing. H. Dieter Klump GmbH","isPartOf":{"@id":"https:\/\/klump.com\/fr\/#website"},"primaryImageOfPage":{"@id":"https:\/\/klump.com\/fr\/produits\/courroies-de-tirage\/#primaryimage"},"image":{"@id":"https:\/\/klump.com\/fr\/produits\/courroies-de-tirage\/#primaryimage"},"thumbnailUrl":"https:\/\/klump.com\/wp-content\/uploads\/2023\/04\/slider-small-abzugsriemen.jpg","datePublished":"2023-04-24T13:08:28+00:00","dateModified":"2023-05-16T09:34:38+00:00","breadcrumb":{"@id":"https:\/\/klump.com\/fr\/produits\/courroies-de-tirage\/#breadcrumb"},"inLanguage":"fr-FR","potentialAction":[{"@type":"ReadAction","target":["https:\/\/klump.com\/fr\/produits\/courroies-de-tirage\/"]}]},{"@type":"ImageObject","inLanguage":"fr-FR","@id":"https:\/\/klump.com\/fr\/produits\/courroies-de-tirage\/#primaryimage","url":"https:\/\/klump.com\/wp-content\/uploads\/2023\/04\/slider-small-abzugsriemen.jpg","contentUrl":"https:\/\/klump.com\/wp-content\/uploads\/2023\/04\/slider-small-abzugsriemen.jpg","width":1400,"height":301},{"@type":"BreadcrumbList","@id":"https:\/\/klump.com\/fr\/produits\/courroies-de-tirage\/#breadcrumb","itemListElement":[{"@type":"ListItem","position":1,"name":"Startseite","item":"https:\/\/klump.com\/fr\/"},{"@type":"ListItem","position":2,"name":"Produits","item":"https:\/\/klump.com\/fr\/produits\/"},{"@type":"ListItem","position":3,"name":"Courroies de tirage"}]},{"@type":"WebSite","@id":"https:\/\/klump.com\/fr\/#website","url":"https:\/\/klump.com\/fr\/","name":"Ing. H. Dieter Klump GmbH","description":"Transport- und Antriebstechnik","publisher":{"@id":"https:\/\/klump.com\/fr\/#organization"},"potentialAction":[{"@type":"SearchAction","target":{"@type":"EntryPoint","urlTemplate":"https:\/\/klump.com\/fr\/?s={search_term_string}"},"query-input":{"@type":"PropertyValueSpecification","valueRequired":true,"valueName":"search_term_string"}}],"inLanguage":"fr-FR"},{"@type":"Organization","@id":"https:\/\/klump.com\/fr\/#organization","name":"Ing. H. Dieter Klump GmbH","url":"https:\/\/klump.com\/fr\/","logo":{"@type":"ImageObject","inLanguage":"fr-FR","@id":"https:\/\/klump.com\/fr\/#\/schema\/logo\/image\/","url":"https:\/\/klump.com\/wp-content\/uploads\/2023\/04\/klump-logo.png","contentUrl":"https:\/\/klump.com\/wp-content\/uploads\/2023\/04\/klump-logo.png","width":650,"height":162,"caption":"Ing. H. Dieter Klump GmbH"},"image":{"@id":"https:\/\/klump.com\/fr\/#\/schema\/logo\/image\/"}}]}},"_links":{"self":[{"href":"https:\/\/klump.com\/fr\/wp-json\/wp\/v2\/pages\/3199","targetHints":{"allow":["GET"]}}],"collection":[{"href":"https:\/\/klump.com\/fr\/wp-json\/wp\/v2\/pages"}],"about":[{"href":"https:\/\/klump.com\/fr\/wp-json\/wp\/v2\/types\/page"}],"author":[{"embeddable":true,"href":"https:\/\/klump.com\/fr\/wp-json\/wp\/v2\/users\/1"}],"replies":[{"embeddable":true,"href":"https:\/\/klump.com\/fr\/wp-json\/wp\/v2\/comments?post=3199"}],"version-history":[{"count":1,"href":"https:\/\/klump.com\/fr\/wp-json\/wp\/v2\/pages\/3199\/revisions"}],"predecessor-version":[{"id":3200,"href":"https:\/\/klump.com\/fr\/wp-json\/wp\/v2\/pages\/3199\/revisions\/3200"}],"up":[{"embeddable":true,"href":"https:\/\/klump.com\/fr\/wp-json\/wp\/v2\/pages\/3248"}],"wp:featuredmedia":[{"embeddable":true,"href":"https:\/\/klump.com\/fr\/wp-json\/wp\/v2\/media\/2467"}],"wp:attachment":[{"href":"https:\/\/klump.com\/fr\/wp-json\/wp\/v2\/media?parent=3199"}],"curies":[{"name":"wp","href":"https:\/\/api.w.org\/{rel}","templated":true}]}}