{"id":3165,"date":"2023-04-20T08:50:03","date_gmt":"2023-04-20T08:50:03","guid":{"rendered":"https:\/\/dev.klump.com\/a-propos-de-nous\/societe\/"},"modified":"2023-05-15T12:29:33","modified_gmt":"2023-05-15T12:29:33","slug":"societe","status":"publish","type":"page","link":"https:\/\/klump.com\/fr\/a-propos-de-nous\/societe\/","title":{"rendered":"Soci\u00e9t\u00e9"},"content":{"rendered":"\t\t<div data-elementor-type=\"wp-page\" data-elementor-id=\"3165\" class=\"elementor elementor-3165 elementor-89\" data-elementor-post-type=\"page\">\n\t\t\t\t\t\t<section class=\"elementor-section elementor-top-section elementor-element elementor-element-70ca3a0 elementor-section-height-min-height elementor-section-full_width elementor-section-items-bottom elementor-section-height-default\" data-id=\"70ca3a0\" data-element_type=\"section\" data-e-type=\"section\" data-settings=\"{&quot;background_background&quot;:&quot;classic&quot;}\">\n\t\t\t\t\t\t<div class=\"elementor-container elementor-column-gap-default\">\n\t\t\t\t\t<div class=\"elementor-column elementor-col-100 elementor-top-column elementor-element elementor-element-e76d53a\" data-id=\"e76d53a\" data-element_type=\"column\" data-e-type=\"column\">\n\t\t\t<div class=\"elementor-widget-wrap elementor-element-populated\">\n\t\t\t\t\t\t<section class=\"elementor-section elementor-inner-section elementor-element elementor-element-269018c elementor-section-boxed elementor-section-height-default elementor-section-height-default\" data-id=\"269018c\" data-element_type=\"section\" data-e-type=\"section\">\n\t\t\t\t\t\t\t<div class=\"elementor-background-overlay\"><\/div>\n\t\t\t\t\t\t\t<div class=\"elementor-container elementor-column-gap-default\">\n\t\t\t\t\t<div class=\"elementor-column elementor-col-100 elementor-inner-column elementor-element elementor-element-751ea5e\" data-id=\"751ea5e\" data-element_type=\"column\" data-e-type=\"column\">\n\t\t\t<div class=\"elementor-widget-wrap elementor-element-populated\">\n\t\t\t\t\t\t<div class=\"elementor-element elementor-element-637e682 elementor-widget elementor-widget-theme-post-title elementor-page-title elementor-widget-heading\" data-id=\"637e682\" data-element_type=\"widget\" data-e-type=\"widget\" data-widget_type=\"theme-post-title.default\">\n\t\t\t\t<div class=\"elementor-widget-container\">\n\t\t\t\t\t<h1 class=\"elementor-heading-title elementor-size-default\">Soci\u00e9t\u00e9<\/h1>\t\t\t\t<\/div>\n\t\t\t\t<\/div>\n\t\t\t\t\t<\/div>\n\t\t<\/div>\n\t\t\t\t\t<\/div>\n\t\t<\/section>\n\t\t\t\t\t<\/div>\n\t\t<\/div>\n\t\t\t\t\t<\/div>\n\t\t<\/section>\n\t\t\t\t<section class=\"elementor-section elementor-top-section elementor-element elementor-element-7534557 elementor-section-boxed elementor-section-height-default elementor-section-height-default\" data-id=\"7534557\" data-element_type=\"section\" data-e-type=\"section\" data-settings=\"{&quot;background_background&quot;:&quot;classic&quot;}\">\n\t\t\t\t\t\t<div class=\"elementor-container elementor-column-gap-default\">\n\t\t\t\t\t<div class=\"elementor-column elementor-col-100 elementor-top-column elementor-element elementor-element-d0ff330\" data-id=\"d0ff330\" data-element_type=\"column\" data-e-type=\"column\">\n\t\t\t<div class=\"elementor-widget-wrap elementor-element-populated\">\n\t\t\t\t\t\t<section class=\"elementor-section elementor-inner-section elementor-element elementor-element-1d70798 elementor-section-boxed elementor-section-height-default elementor-section-height-default\" data-id=\"1d70798\" data-element_type=\"section\" data-e-type=\"section\">\n\t\t\t\t\t\t<div class=\"elementor-container elementor-column-gap-default\">\n\t\t\t\t\t<div class=\"elementor-column elementor-col-100 elementor-inner-column elementor-element elementor-element-d34b979\" data-id=\"d34b979\" data-element_type=\"column\" data-e-type=\"column\">\n\t\t\t<div class=\"elementor-widget-wrap elementor-element-populated\">\n\t\t\t\t\t\t<div class=\"elementor-element elementor-element-ab9478f elementor-widget elementor-widget-text-editor\" data-id=\"ab9478f\" data-element_type=\"widget\" data-e-type=\"widget\" data-widget_type=\"text-editor.default\">\n\t\t\t\t<div class=\"elementor-widget-container\">\n\t\t\t\t\t\t\t\t\t<div class=\"wpb_text_column wpb_content_element \">\n<div class=\"wpb_wrapper\">\n<p><strong>L\u2019avantage gr\u00e2ce \u00e0 la flexibilit\u00e9 \u2013 pour nous, c\u2019est plus qu\u2019un simple slogan publicitaire.<\/strong><\/p>\n<p>Nous voyons cela comme une promesse \u00e0 nos clients que nous voulons remplir chaque jour \u00e0 nouveau. Depuis notre fondation en 1985, nous avons fait nos preuves dans les domaines du transport et de la technique d\u2019entra\u00eenement au travers de nos performances exceptionnelles.<br \/>Avec une grande force d\u2019innovation et un d\u00e9veloppement constant de nos domaines d\u2019activit\u00e9, nous avons toujours une longueur d\u2019avance sur le d\u00e9veloppement du march\u00e9 \u2013 dans l\u2019int\u00e9r\u00eat de nos clients et de leurs objectifs.<\/p>\n<\/div>\n<\/div>\n\t\t\t\t\t\t\t\t<\/div>\n\t\t\t\t<\/div>\n\t\t\t\t\t<\/div>\n\t\t<\/div>\n\t\t\t\t\t<\/div>\n\t\t<\/section>\n\t\t\t\t\t<\/div>\n\t\t<\/div>\n\t\t\t\t\t<\/div>\n\t\t<\/section>\n\t\t\t\t<section class=\"elementor-section elementor-top-section elementor-element elementor-element-315b9e28 elementor-section-boxed elementor-section-height-default elementor-section-height-default\" data-id=\"315b9e28\" data-element_type=\"section\" data-e-type=\"section\">\n\t\t\t\t\t\t<div class=\"elementor-container elementor-column-gap-default\">\n\t\t\t\t\t<div class=\"elementor-column elementor-col-100 elementor-top-column elementor-element elementor-element-2076d94\" data-id=\"2076d94\" data-element_type=\"column\" data-e-type=\"column\">\n\t\t\t<div class=\"elementor-widget-wrap elementor-element-populated\">\n\t\t\t\t\t\t<section class=\"elementor-section elementor-inner-section elementor-element elementor-element-1065088 elementor-section-boxed elementor-section-height-default elementor-section-height-default\" data-id=\"1065088\" data-element_type=\"section\" data-e-type=\"section\">\n\t\t\t\t\t\t<div class=\"elementor-container elementor-column-gap-default\">\n\t\t\t\t\t<div class=\"elementor-column elementor-col-100 elementor-inner-column elementor-element elementor-element-243a146d\" data-id=\"243a146d\" data-element_type=\"column\" data-e-type=\"column\">\n\t\t\t<div class=\"elementor-widget-wrap elementor-element-populated\">\n\t\t\t\t\t\t<div class=\"elementor-element elementor-element-71d85cf7 elementor-widget elementor-widget-heading\" data-id=\"71d85cf7\" data-element_type=\"widget\" data-e-type=\"widget\" data-widget_type=\"heading.default\">\n\t\t\t\t<div class=\"elementor-widget-container\">\n\t\t\t\t\t<h2 class=\"elementor-heading-title elementor-size-default\">Notre promesse de performance<\/h2>\t\t\t\t<\/div>\n\t\t\t\t<\/div>\n\t\t\t\t<div class=\"elementor-element elementor-element-4dc2abf9 elementor-widget elementor-widget-text-editor\" data-id=\"4dc2abf9\" data-element_type=\"widget\" data-e-type=\"widget\" data-widget_type=\"text-editor.default\">\n\t\t\t\t<div class=\"elementor-widget-container\">\n\t\t\t\t\t\t\t\t\t<p><strong>Une grande disponibilit\u00e9 pour des prix attractifs <\/strong><\/p>\n<p>Nous augmentons continuellement nos capacit\u00e9s de production et de livraison dans nos trois usines de production sur le site de Willich \u2013 avec des investissements dans les technologies de production les plus modernes et dans un parc de machines d\u2019une taille inhabituelle pour notre industrie. Cela nous permet de fournir toutes les qualit\u00e9s standard et de nombreuses qualit\u00e9s sp\u00e9ciales directement du stock \u00e0 un rapport qualit\u00e9-prix optimal.<\/p>\n\t\t\t\t\t\t\t\t<\/div>\n\t\t\t\t<\/div>\n\t\t\t\t<div class=\"elementor-element elementor-element-2e01b031 elementor-widget elementor-widget-text-editor\" data-id=\"2e01b031\" data-element_type=\"widget\" data-e-type=\"widget\" data-widget_type=\"text-editor.default\">\n\t\t\t\t<div class=\"elementor-widget-container\">\n\t\t\t\t\t\t\t\t\t<p><strong>Produits et services d\u2019une seule et m\u00eame source \u2013 \u00c0 l\u2019International<\/strong><\/p>\n<p>Nous vous proposons le conseil, la planification, la planification de projet, l\u2019emballage et la production \u00e0 partir d\u2019une seule source. Si vous le souhaitez, nous pouvons \u00e9galement effectuer l\u2019installation sur site. Gr\u00e2ce \u00e0 la mise en r\u00e9seau avec des entreprises partenaires internationales, nous pouvons vous offrir l\u2019ensemble de notre gamme de services dans le monde entier.<\/p>\n\t\t\t\t\t\t\t\t<\/div>\n\t\t\t\t<\/div>\n\t\t\t\t<div class=\"elementor-element elementor-element-63a47c5d elementor-widget elementor-widget-text-editor\" data-id=\"63a47c5d\" data-element_type=\"widget\" data-e-type=\"widget\" data-widget_type=\"text-editor.default\">\n\t\t\t\t<div class=\"elementor-widget-container\">\n\t\t\t\t\t\t\t\t\t<p><strong>Une qualit\u00e9 \u00e9lev\u00e9e, une forte orientation client et un service de premi\u00e8re classe<\/strong><\/p>\n<p>Avec des produits individuels, de nouveaux d\u00e9veloppements et des conceptions sp\u00e9ciales, nous aidons nos clients d\u2019une grande vari\u00e9t\u00e9 d\u2019industries dans l\u2019optimisation de leurs processus. Des temps de r\u00e9action et de traitement courts ainsi que notre service de montage 24 heures sur 24 permettent d\u2019\u00e9viter en grande partie les temps d\u2019arr\u00eat. Notre \u00e9quipe de 110 collaborateurs garantit un service complet et fiable, 24 heures sur 24 et \u00e0 proximit\u00e9 de chez vous. Pour que cela reste le cas \u00e0 l\u2019avenir, nous nous engageons fortement en tant qu\u2019entreprise de formation.<\/p>\n\t\t\t\t\t\t\t\t<\/div>\n\t\t\t\t<\/div>\n\t\t\t\t\t<\/div>\n\t\t<\/div>\n\t\t\t\t\t<\/div>\n\t\t<\/section>\n\t\t\t\t\t<\/div>\n\t\t<\/div>\n\t\t\t\t\t<\/div>\n\t\t<\/section>\n\t\t\t\t<\/div>\n\t\t","protected":false},"excerpt":{"rendered":"<p>L\u2019avantage gr\u00e2ce \u00e0 la flexibilit\u00e9 \u2013 pour nous, c\u2019est plus qu\u2019un simple slogan publicitaire. Nous voyons cela comme une promesse \u00e0 nos clients que nous voulons remplir chaque jour \u00e0 nouveau. Depuis notre fondation en 1985, nous avons fait nos preuves dans les domaines du transport et de la technique d\u2019entra\u00eenement au travers de nos [&hellip;]<\/p>\n","protected":false},"author":1,"featured_media":2241,"parent":3164,"menu_order":0,"comment_status":"closed","ping_status":"closed","template":"elementor_header_footer","meta":{"footnotes":""},"class_list":["post-3165","page","type-page","status-publish","has-post-thumbnail","hentry"],"yoast_head":"<!-- This site is optimized with the Yoast SEO plugin v27.0 - https:\/\/yoast.com\/product\/yoast-seo-wordpress\/ -->\n<title>Soci\u00e9t\u00e9 - Ing. H. Dieter Klump GmbH<\/title>\n<meta name=\"robots\" content=\"index, follow, max-snippet:-1, max-image-preview:large, max-video-preview:-1\" \/>\n<link rel=\"canonical\" href=\"https:\/\/klump.com\/fr\/a-propos-de-nous\/societe\/\" \/>\n<script type=\"application\/ld+json\" class=\"yoast-schema-graph\">{\"@context\":\"https:\/\/schema.org\",\"@graph\":[{\"@type\":\"WebPage\",\"@id\":\"https:\/\/klump.com\/fr\/a-propos-de-nous\/societe\/\",\"url\":\"https:\/\/klump.com\/fr\/a-propos-de-nous\/societe\/\",\"name\":\"Soci\u00e9t\u00e9 - Ing. H. Dieter Klump GmbH\",\"isPartOf\":{\"@id\":\"https:\/\/klump.com\/fr\/#website\"},\"primaryImageOfPage\":{\"@id\":\"https:\/\/klump.com\/fr\/a-propos-de-nous\/societe\/#primaryimage\"},\"image\":{\"@id\":\"https:\/\/klump.com\/fr\/a-propos-de-nous\/societe\/#primaryimage\"},\"thumbnailUrl\":\"https:\/\/klump.com\/wp-content\/uploads\/2023\/04\/unternehmen-1280.jpg\",\"datePublished\":\"2023-04-20T08:50:03+00:00\",\"dateModified\":\"2023-05-15T12:29:33+00:00\",\"breadcrumb\":{\"@id\":\"https:\/\/klump.com\/fr\/a-propos-de-nous\/societe\/#breadcrumb\"},\"inLanguage\":\"fr-FR\",\"potentialAction\":[{\"@type\":\"ReadAction\",\"target\":[\"https:\/\/klump.com\/fr\/a-propos-de-nous\/societe\/\"]}]},{\"@type\":\"ImageObject\",\"inLanguage\":\"fr-FR\",\"@id\":\"https:\/\/klump.com\/fr\/a-propos-de-nous\/societe\/#primaryimage\",\"url\":\"https:\/\/klump.com\/wp-content\/uploads\/2023\/04\/unternehmen-1280.jpg\",\"contentUrl\":\"https:\/\/klump.com\/wp-content\/uploads\/2023\/04\/unternehmen-1280.jpg\",\"width\":1280,\"height\":300},{\"@type\":\"BreadcrumbList\",\"@id\":\"https:\/\/klump.com\/fr\/a-propos-de-nous\/societe\/#breadcrumb\",\"itemListElement\":[{\"@type\":\"ListItem\",\"position\":1,\"name\":\"Startseite\",\"item\":\"https:\/\/klump.com\/fr\/\"},{\"@type\":\"ListItem\",\"position\":2,\"name\":\"\u00c1 propos de nous\",\"item\":\"https:\/\/klump.com\/fr\/a-propos-de-nous\/\"},{\"@type\":\"ListItem\",\"position\":3,\"name\":\"Soci\u00e9t\u00e9\"}]},{\"@type\":\"WebSite\",\"@id\":\"https:\/\/klump.com\/fr\/#website\",\"url\":\"https:\/\/klump.com\/fr\/\",\"name\":\"Ing. H. Dieter Klump GmbH\",\"description\":\"Transport- und Antriebstechnik\",\"publisher\":{\"@id\":\"https:\/\/klump.com\/fr\/#organization\"},\"potentialAction\":[{\"@type\":\"SearchAction\",\"target\":{\"@type\":\"EntryPoint\",\"urlTemplate\":\"https:\/\/klump.com\/fr\/?s={search_term_string}\"},\"query-input\":{\"@type\":\"PropertyValueSpecification\",\"valueRequired\":true,\"valueName\":\"search_term_string\"}}],\"inLanguage\":\"fr-FR\"},{\"@type\":\"Organization\",\"@id\":\"https:\/\/klump.com\/fr\/#organization\",\"name\":\"Ing. H. Dieter Klump GmbH\",\"url\":\"https:\/\/klump.com\/fr\/\",\"logo\":{\"@type\":\"ImageObject\",\"inLanguage\":\"fr-FR\",\"@id\":\"https:\/\/klump.com\/fr\/#\/schema\/logo\/image\/\",\"url\":\"https:\/\/klump.com\/wp-content\/uploads\/2023\/04\/klump-logo.png\",\"contentUrl\":\"https:\/\/klump.com\/wp-content\/uploads\/2023\/04\/klump-logo.png\",\"width\":650,\"height\":162,\"caption\":\"Ing. H. Dieter Klump GmbH\"},\"image\":{\"@id\":\"https:\/\/klump.com\/fr\/#\/schema\/logo\/image\/\"}}]}<\/script>\n<!-- \/ Yoast SEO plugin. -->","yoast_head_json":{"title":"Soci\u00e9t\u00e9 - Ing. H. Dieter Klump GmbH","robots":{"index":"index","follow":"follow","max-snippet":"max-snippet:-1","max-image-preview":"max-image-preview:large","max-video-preview":"max-video-preview:-1"},"canonical":"https:\/\/klump.com\/fr\/a-propos-de-nous\/societe\/","schema":{"@context":"https:\/\/schema.org","@graph":[{"@type":"WebPage","@id":"https:\/\/klump.com\/fr\/a-propos-de-nous\/societe\/","url":"https:\/\/klump.com\/fr\/a-propos-de-nous\/societe\/","name":"Soci\u00e9t\u00e9 - Ing. H. Dieter Klump GmbH","isPartOf":{"@id":"https:\/\/klump.com\/fr\/#website"},"primaryImageOfPage":{"@id":"https:\/\/klump.com\/fr\/a-propos-de-nous\/societe\/#primaryimage"},"image":{"@id":"https:\/\/klump.com\/fr\/a-propos-de-nous\/societe\/#primaryimage"},"thumbnailUrl":"https:\/\/klump.com\/wp-content\/uploads\/2023\/04\/unternehmen-1280.jpg","datePublished":"2023-04-20T08:50:03+00:00","dateModified":"2023-05-15T12:29:33+00:00","breadcrumb":{"@id":"https:\/\/klump.com\/fr\/a-propos-de-nous\/societe\/#breadcrumb"},"inLanguage":"fr-FR","potentialAction":[{"@type":"ReadAction","target":["https:\/\/klump.com\/fr\/a-propos-de-nous\/societe\/"]}]},{"@type":"ImageObject","inLanguage":"fr-FR","@id":"https:\/\/klump.com\/fr\/a-propos-de-nous\/societe\/#primaryimage","url":"https:\/\/klump.com\/wp-content\/uploads\/2023\/04\/unternehmen-1280.jpg","contentUrl":"https:\/\/klump.com\/wp-content\/uploads\/2023\/04\/unternehmen-1280.jpg","width":1280,"height":300},{"@type":"BreadcrumbList","@id":"https:\/\/klump.com\/fr\/a-propos-de-nous\/societe\/#breadcrumb","itemListElement":[{"@type":"ListItem","position":1,"name":"Startseite","item":"https:\/\/klump.com\/fr\/"},{"@type":"ListItem","position":2,"name":"\u00c1 propos de nous","item":"https:\/\/klump.com\/fr\/a-propos-de-nous\/"},{"@type":"ListItem","position":3,"name":"Soci\u00e9t\u00e9"}]},{"@type":"WebSite","@id":"https:\/\/klump.com\/fr\/#website","url":"https:\/\/klump.com\/fr\/","name":"Ing. H. Dieter Klump GmbH","description":"Transport- und Antriebstechnik","publisher":{"@id":"https:\/\/klump.com\/fr\/#organization"},"potentialAction":[{"@type":"SearchAction","target":{"@type":"EntryPoint","urlTemplate":"https:\/\/klump.com\/fr\/?s={search_term_string}"},"query-input":{"@type":"PropertyValueSpecification","valueRequired":true,"valueName":"search_term_string"}}],"inLanguage":"fr-FR"},{"@type":"Organization","@id":"https:\/\/klump.com\/fr\/#organization","name":"Ing. H. Dieter Klump GmbH","url":"https:\/\/klump.com\/fr\/","logo":{"@type":"ImageObject","inLanguage":"fr-FR","@id":"https:\/\/klump.com\/fr\/#\/schema\/logo\/image\/","url":"https:\/\/klump.com\/wp-content\/uploads\/2023\/04\/klump-logo.png","contentUrl":"https:\/\/klump.com\/wp-content\/uploads\/2023\/04\/klump-logo.png","width":650,"height":162,"caption":"Ing. H. Dieter Klump GmbH"},"image":{"@id":"https:\/\/klump.com\/fr\/#\/schema\/logo\/image\/"}}]}},"_links":{"self":[{"href":"https:\/\/klump.com\/fr\/wp-json\/wp\/v2\/pages\/3165","targetHints":{"allow":["GET"]}}],"collection":[{"href":"https:\/\/klump.com\/fr\/wp-json\/wp\/v2\/pages"}],"about":[{"href":"https:\/\/klump.com\/fr\/wp-json\/wp\/v2\/types\/page"}],"author":[{"embeddable":true,"href":"https:\/\/klump.com\/fr\/wp-json\/wp\/v2\/users\/1"}],"replies":[{"embeddable":true,"href":"https:\/\/klump.com\/fr\/wp-json\/wp\/v2\/comments?post=3165"}],"version-history":[{"count":1,"href":"https:\/\/klump.com\/fr\/wp-json\/wp\/v2\/pages\/3165\/revisions"}],"predecessor-version":[{"id":3166,"href":"https:\/\/klump.com\/fr\/wp-json\/wp\/v2\/pages\/3165\/revisions\/3166"}],"up":[{"embeddable":true,"href":"https:\/\/klump.com\/fr\/wp-json\/wp\/v2\/pages\/3164"}],"wp:featuredmedia":[{"embeddable":true,"href":"https:\/\/klump.com\/fr\/wp-json\/wp\/v2\/media\/2241"}],"wp:attachment":[{"href":"https:\/\/klump.com\/fr\/wp-json\/wp\/v2\/media?parent=3165"}],"curies":[{"name":"wp","href":"https:\/\/api.w.org\/{rel}","templated":true}]}}