{"id":3150,"date":"2023-04-21T09:47:28","date_gmt":"2023-04-21T09:47:28","guid":{"rendered":"https:\/\/dev.klump.com\/applications\/production-industrielle\/"},"modified":"2023-05-15T11:39:34","modified_gmt":"2023-05-15T11:39:34","slug":"production-industrielle","status":"publish","type":"page","link":"https:\/\/klump.com\/fr\/applications\/production-industrielle\/","title":{"rendered":"Production industrielle"},"content":{"rendered":"\t\t<div data-elementor-type=\"wp-page\" data-elementor-id=\"3150\" class=\"elementor elementor-3150 elementor-532\" data-elementor-post-type=\"page\">\n\t\t\t\t\t\t<section class=\"elementor-section elementor-top-section elementor-element elementor-element-4fcf057e elementor-section-height-min-height elementor-section-full_width elementor-section-items-bottom elementor-section-height-default\" data-id=\"4fcf057e\" data-element_type=\"section\" data-e-type=\"section\" data-settings=\"{&quot;background_background&quot;:&quot;classic&quot;}\">\n\t\t\t\t\t\t<div class=\"elementor-container elementor-column-gap-default\">\n\t\t\t\t\t<div class=\"elementor-column elementor-col-100 elementor-top-column elementor-element elementor-element-3933994a\" data-id=\"3933994a\" data-element_type=\"column\" data-e-type=\"column\">\n\t\t\t<div class=\"elementor-widget-wrap elementor-element-populated\">\n\t\t\t\t\t\t<section class=\"elementor-section elementor-inner-section elementor-element elementor-element-3c673294 elementor-section-boxed elementor-section-height-default elementor-section-height-default\" data-id=\"3c673294\" data-element_type=\"section\" data-e-type=\"section\">\n\t\t\t\t\t\t\t<div class=\"elementor-background-overlay\"><\/div>\n\t\t\t\t\t\t\t<div class=\"elementor-container elementor-column-gap-default\">\n\t\t\t\t\t<div class=\"elementor-column elementor-col-100 elementor-inner-column elementor-element elementor-element-d5a4edf\" data-id=\"d5a4edf\" data-element_type=\"column\" data-e-type=\"column\">\n\t\t\t<div class=\"elementor-widget-wrap elementor-element-populated\">\n\t\t\t\t\t\t<div class=\"elementor-element elementor-element-76e6d8a4 elementor-widget elementor-widget-theme-post-title elementor-page-title elementor-widget-heading\" data-id=\"76e6d8a4\" data-element_type=\"widget\" data-e-type=\"widget\" data-widget_type=\"theme-post-title.default\">\n\t\t\t\t<div class=\"elementor-widget-container\">\n\t\t\t\t\t<h1 class=\"elementor-heading-title elementor-size-default\">Production industrielle<\/h1>\t\t\t\t<\/div>\n\t\t\t\t<\/div>\n\t\t\t\t\t<\/div>\n\t\t<\/div>\n\t\t\t\t\t<\/div>\n\t\t<\/section>\n\t\t\t\t\t<\/div>\n\t\t<\/div>\n\t\t\t\t\t<\/div>\n\t\t<\/section>\n\t\t\t\t<section class=\"elementor-section elementor-top-section elementor-element elementor-element-670b065d elementor-section-boxed elementor-section-height-default elementor-section-height-default\" data-id=\"670b065d\" data-element_type=\"section\" data-e-type=\"section\">\n\t\t\t\t\t\t<div class=\"elementor-container elementor-column-gap-default\">\n\t\t\t\t\t<div class=\"elementor-column elementor-col-100 elementor-top-column elementor-element elementor-element-5c1abf99\" data-id=\"5c1abf99\" data-element_type=\"column\" data-e-type=\"column\">\n\t\t\t<div class=\"elementor-widget-wrap elementor-element-populated\">\n\t\t\t\t\t\t<section class=\"elementor-section elementor-inner-section elementor-element elementor-element-5f17cad8 elementor-section-boxed elementor-section-height-default elementor-section-height-default\" data-id=\"5f17cad8\" data-element_type=\"section\" data-e-type=\"section\">\n\t\t\t\t\t\t<div class=\"elementor-container elementor-column-gap-default\">\n\t\t\t\t\t<div class=\"elementor-column elementor-col-100 elementor-inner-column elementor-element elementor-element-5981028\" data-id=\"5981028\" data-element_type=\"column\" data-e-type=\"column\">\n\t\t\t<div class=\"elementor-widget-wrap elementor-element-populated\">\n\t\t\t\t\t\t<div class=\"elementor-element elementor-element-7aa03bfb elementor-widget elementor-widget-heading\" data-id=\"7aa03bfb\" data-element_type=\"widget\" data-e-type=\"widget\" data-widget_type=\"heading.default\">\n\t\t\t\t<div class=\"elementor-widget-container\">\n\t\t\t\t\t<h2 class=\"elementor-heading-title elementor-size-default\">PRODUCTION INDUSTRIELLE\n<\/h2>\t\t\t\t<\/div>\n\t\t\t\t<\/div>\n\t\t\t\t<div class=\"elementor-element elementor-element-2688cb66 elementor-widget elementor-widget-text-editor\" data-id=\"2688cb66\" data-element_type=\"widget\" data-e-type=\"widget\" data-widget_type=\"text-editor.default\">\n\t\t\t\t<div class=\"elementor-widget-container\">\n\t\t\t\t\t\t\t\t\t<div class=\"wpb_text_column wpb_content_element \">\n<div class=\"wpb_wrapper\">\n<p>Innover par la comp\u00e9tence, c\u2019est votre devise et notre devise pour la production industrielle, car rien n\u2019est impossible!<\/p>\n<p>Qu\u2019il s\u2019agisse de la construction de machines sp\u00e9ciales ou pour les utilisateurs, nous faisons face ensemble \u00e0 de nouvelles t\u00e2ches dans le domaine des techniques de convoyage et d\u2019entra\u00eenement.<\/p>\n<p>Presque tous les produits de notre gamme sont utilis\u00e9s ici, des bandes transporteuses \/ process aux courroies dent\u00e9es, courroies plates ou produits combin\u00e9s.<\/p>\n<p>Notre large gamme de machines permet une finition et un traitement individuel selon vos souhaits et vos sp\u00e9cifications.<\/p>\n<p>La fabrication en Allemagne par du personnel sp\u00e9cialis\u00e9 et form\u00e9 nous permet de tenir des d\u00e9lais de traitement et de livraison rapides.<\/p>\n<p>Un partenariat et un support durable font partie de notre objectif pour une production optimale.<\/p>\n<\/div>\n<\/div>\n\t\t\t\t\t\t\t\t<\/div>\n\t\t\t\t<\/div>\n\t\t\t\t\t<\/div>\n\t\t<\/div>\n\t\t\t\t\t<\/div>\n\t\t<\/section>\n\t\t\t\t\t<\/div>\n\t\t<\/div>\n\t\t\t\t\t<\/div>\n\t\t<\/section>\n\t\t\t\t<\/div>\n\t\t","protected":false},"excerpt":{"rendered":"<p>PRODUCTION INDUSTRIELLE Innover par la comp\u00e9tence, c\u2019est votre devise et notre devise pour la production industrielle, car rien n\u2019est impossible! Qu\u2019il s\u2019agisse de la construction de machines sp\u00e9ciales ou pour les utilisateurs, nous faisons face ensemble \u00e0 de nouvelles t\u00e2ches dans le domaine des techniques de convoyage et d\u2019entra\u00eenement. Presque tous les produits de notre [&hellip;]<\/p>\n","protected":false},"author":1,"featured_media":2305,"parent":3146,"menu_order":0,"comment_status":"closed","ping_status":"closed","template":"elementor_header_footer","meta":{"footnotes":""},"class_list":["post-3150","page","type-page","status-publish","has-post-thumbnail","hentry"],"yoast_head":"<!-- This site is optimized with the Yoast SEO plugin v27.0 - https:\/\/yoast.com\/product\/yoast-seo-wordpress\/ -->\n<title>Production industrielle - Ing. H. Dieter Klump GmbH<\/title>\n<meta name=\"robots\" content=\"index, follow, max-snippet:-1, max-image-preview:large, max-video-preview:-1\" \/>\n<link rel=\"canonical\" href=\"https:\/\/klump.com\/fr\/applications\/production-industrielle\/\" \/>\n<script type=\"application\/ld+json\" class=\"yoast-schema-graph\">{\"@context\":\"https:\/\/schema.org\",\"@graph\":[{\"@type\":\"WebPage\",\"@id\":\"https:\/\/klump.com\/fr\/applications\/production-industrielle\/\",\"url\":\"https:\/\/klump.com\/fr\/applications\/production-industrielle\/\",\"name\":\"Production industrielle - Ing. H. Dieter Klump GmbH\",\"isPartOf\":{\"@id\":\"https:\/\/klump.com\/fr\/#website\"},\"primaryImageOfPage\":{\"@id\":\"https:\/\/klump.com\/fr\/applications\/production-industrielle\/#primaryimage\"},\"image\":{\"@id\":\"https:\/\/klump.com\/fr\/applications\/production-industrielle\/#primaryimage\"},\"thumbnailUrl\":\"https:\/\/klump.com\/wp-content\/uploads\/2023\/04\/slider_industrielle_produktion.png\",\"datePublished\":\"2023-04-21T09:47:28+00:00\",\"dateModified\":\"2023-05-15T11:39:34+00:00\",\"breadcrumb\":{\"@id\":\"https:\/\/klump.com\/fr\/applications\/production-industrielle\/#breadcrumb\"},\"inLanguage\":\"fr-FR\",\"potentialAction\":[{\"@type\":\"ReadAction\",\"target\":[\"https:\/\/klump.com\/fr\/applications\/production-industrielle\/\"]}]},{\"@type\":\"ImageObject\",\"inLanguage\":\"fr-FR\",\"@id\":\"https:\/\/klump.com\/fr\/applications\/production-industrielle\/#primaryimage\",\"url\":\"https:\/\/klump.com\/wp-content\/uploads\/2023\/04\/slider_industrielle_produktion.png\",\"contentUrl\":\"https:\/\/klump.com\/wp-content\/uploads\/2023\/04\/slider_industrielle_produktion.png\",\"width\":1400,\"height\":301},{\"@type\":\"BreadcrumbList\",\"@id\":\"https:\/\/klump.com\/fr\/applications\/production-industrielle\/#breadcrumb\",\"itemListElement\":[{\"@type\":\"ListItem\",\"position\":1,\"name\":\"Startseite\",\"item\":\"https:\/\/klump.com\/fr\/\"},{\"@type\":\"ListItem\",\"position\":2,\"name\":\"Applications\",\"item\":\"https:\/\/klump.com\/fr\/applications\/\"},{\"@type\":\"ListItem\",\"position\":3,\"name\":\"Production industrielle\"}]},{\"@type\":\"WebSite\",\"@id\":\"https:\/\/klump.com\/fr\/#website\",\"url\":\"https:\/\/klump.com\/fr\/\",\"name\":\"Ing. H. Dieter Klump GmbH\",\"description\":\"Transport- und Antriebstechnik\",\"publisher\":{\"@id\":\"https:\/\/klump.com\/fr\/#organization\"},\"potentialAction\":[{\"@type\":\"SearchAction\",\"target\":{\"@type\":\"EntryPoint\",\"urlTemplate\":\"https:\/\/klump.com\/fr\/?s={search_term_string}\"},\"query-input\":{\"@type\":\"PropertyValueSpecification\",\"valueRequired\":true,\"valueName\":\"search_term_string\"}}],\"inLanguage\":\"fr-FR\"},{\"@type\":\"Organization\",\"@id\":\"https:\/\/klump.com\/fr\/#organization\",\"name\":\"Ing. H. Dieter Klump GmbH\",\"url\":\"https:\/\/klump.com\/fr\/\",\"logo\":{\"@type\":\"ImageObject\",\"inLanguage\":\"fr-FR\",\"@id\":\"https:\/\/klump.com\/fr\/#\/schema\/logo\/image\/\",\"url\":\"https:\/\/klump.com\/wp-content\/uploads\/2023\/04\/klump-logo.png\",\"contentUrl\":\"https:\/\/klump.com\/wp-content\/uploads\/2023\/04\/klump-logo.png\",\"width\":650,\"height\":162,\"caption\":\"Ing. H. Dieter Klump GmbH\"},\"image\":{\"@id\":\"https:\/\/klump.com\/fr\/#\/schema\/logo\/image\/\"}}]}<\/script>\n<!-- \/ Yoast SEO plugin. -->","yoast_head_json":{"title":"Production industrielle - Ing. H. Dieter Klump GmbH","robots":{"index":"index","follow":"follow","max-snippet":"max-snippet:-1","max-image-preview":"max-image-preview:large","max-video-preview":"max-video-preview:-1"},"canonical":"https:\/\/klump.com\/fr\/applications\/production-industrielle\/","schema":{"@context":"https:\/\/schema.org","@graph":[{"@type":"WebPage","@id":"https:\/\/klump.com\/fr\/applications\/production-industrielle\/","url":"https:\/\/klump.com\/fr\/applications\/production-industrielle\/","name":"Production industrielle - Ing. H. Dieter Klump GmbH","isPartOf":{"@id":"https:\/\/klump.com\/fr\/#website"},"primaryImageOfPage":{"@id":"https:\/\/klump.com\/fr\/applications\/production-industrielle\/#primaryimage"},"image":{"@id":"https:\/\/klump.com\/fr\/applications\/production-industrielle\/#primaryimage"},"thumbnailUrl":"https:\/\/klump.com\/wp-content\/uploads\/2023\/04\/slider_industrielle_produktion.png","datePublished":"2023-04-21T09:47:28+00:00","dateModified":"2023-05-15T11:39:34+00:00","breadcrumb":{"@id":"https:\/\/klump.com\/fr\/applications\/production-industrielle\/#breadcrumb"},"inLanguage":"fr-FR","potentialAction":[{"@type":"ReadAction","target":["https:\/\/klump.com\/fr\/applications\/production-industrielle\/"]}]},{"@type":"ImageObject","inLanguage":"fr-FR","@id":"https:\/\/klump.com\/fr\/applications\/production-industrielle\/#primaryimage","url":"https:\/\/klump.com\/wp-content\/uploads\/2023\/04\/slider_industrielle_produktion.png","contentUrl":"https:\/\/klump.com\/wp-content\/uploads\/2023\/04\/slider_industrielle_produktion.png","width":1400,"height":301},{"@type":"BreadcrumbList","@id":"https:\/\/klump.com\/fr\/applications\/production-industrielle\/#breadcrumb","itemListElement":[{"@type":"ListItem","position":1,"name":"Startseite","item":"https:\/\/klump.com\/fr\/"},{"@type":"ListItem","position":2,"name":"Applications","item":"https:\/\/klump.com\/fr\/applications\/"},{"@type":"ListItem","position":3,"name":"Production industrielle"}]},{"@type":"WebSite","@id":"https:\/\/klump.com\/fr\/#website","url":"https:\/\/klump.com\/fr\/","name":"Ing. H. Dieter Klump GmbH","description":"Transport- und Antriebstechnik","publisher":{"@id":"https:\/\/klump.com\/fr\/#organization"},"potentialAction":[{"@type":"SearchAction","target":{"@type":"EntryPoint","urlTemplate":"https:\/\/klump.com\/fr\/?s={search_term_string}"},"query-input":{"@type":"PropertyValueSpecification","valueRequired":true,"valueName":"search_term_string"}}],"inLanguage":"fr-FR"},{"@type":"Organization","@id":"https:\/\/klump.com\/fr\/#organization","name":"Ing. H. Dieter Klump GmbH","url":"https:\/\/klump.com\/fr\/","logo":{"@type":"ImageObject","inLanguage":"fr-FR","@id":"https:\/\/klump.com\/fr\/#\/schema\/logo\/image\/","url":"https:\/\/klump.com\/wp-content\/uploads\/2023\/04\/klump-logo.png","contentUrl":"https:\/\/klump.com\/wp-content\/uploads\/2023\/04\/klump-logo.png","width":650,"height":162,"caption":"Ing. H. Dieter Klump GmbH"},"image":{"@id":"https:\/\/klump.com\/fr\/#\/schema\/logo\/image\/"}}]}},"_links":{"self":[{"href":"https:\/\/klump.com\/fr\/wp-json\/wp\/v2\/pages\/3150","targetHints":{"allow":["GET"]}}],"collection":[{"href":"https:\/\/klump.com\/fr\/wp-json\/wp\/v2\/pages"}],"about":[{"href":"https:\/\/klump.com\/fr\/wp-json\/wp\/v2\/types\/page"}],"author":[{"embeddable":true,"href":"https:\/\/klump.com\/fr\/wp-json\/wp\/v2\/users\/1"}],"replies":[{"embeddable":true,"href":"https:\/\/klump.com\/fr\/wp-json\/wp\/v2\/comments?post=3150"}],"version-history":[{"count":1,"href":"https:\/\/klump.com\/fr\/wp-json\/wp\/v2\/pages\/3150\/revisions"}],"predecessor-version":[{"id":3151,"href":"https:\/\/klump.com\/fr\/wp-json\/wp\/v2\/pages\/3150\/revisions\/3151"}],"up":[{"embeddable":true,"href":"https:\/\/klump.com\/fr\/wp-json\/wp\/v2\/pages\/3146"}],"wp:featuredmedia":[{"embeddable":true,"href":"https:\/\/klump.com\/fr\/wp-json\/wp\/v2\/media\/2305"}],"wp:attachment":[{"href":"https:\/\/klump.com\/fr\/wp-json\/wp\/v2\/media?parent=3150"}],"curies":[{"name":"wp","href":"https:\/\/api.w.org\/{rel}","templated":true}]}}